{"id":6537,"date":"2021-12-02T16:00:39","date_gmt":"2021-12-02T22:00:39","guid":{"rendered":"https:\/\/loram.com\/?page_id=6537"},"modified":"2024-08-30T12:42:10","modified_gmt":"2024-08-30T17:42:10","slug":"sbc2400","status":"publish","type":"page","link":"https:\/\/loram.com\/pt-br\/maintenance-of-way\/ballast-maintenance\/shoulder-ballast-cleaning\/sbc2400\/","title":{"rendered":"SBC2400"},"content":{"rendered":"<div class=\"wpb-content-wrapper\"><p>[vc_row content_width=&#8221;grid&#8221;][vc_column width=&#8221;1\/4&#8243;][vc_widget_sidebar sidebar_id=&#8221;sidebar&#8221;][\/vc_column][vc_column width=&#8221;3\/4&#8243;][vc_column_text]<\/p>\n<h3><strong>O limpador de ombro de lastro mais produtivo do mundo<\/strong><\/h3>\n<p><span style=\"font-weight: 400;\">A tecnologia de limpeza de ombro de lastro de quarta gera\u00e7\u00e3o da Loram, a SBC2400, revolucionou as expectativas de velocidade, pot\u00eancia e produtividade de nossos j\u00e1 inigual\u00e1veis limpadores de lastro. Equipado com quatro rodas de escava\u00e7\u00e3o e duas telas separadoras, o SBC2400 \u00e9 projetado para manusear e limpar o dobro da quantidade de material do SBC HP l\u00edder da categoria Loram. A automa\u00e7\u00e3o aprimorada e a tecnologia operacional de ponta d\u00e3o ao SBC2400 da Loram a capacidade de limpar at\u00e9 2.400 m\u00b3 de lastro por hora, em velocidades de trabalho de at\u00e9 4 mph.<\/span><\/p>\n<p><span style=\"font-weight: 400;\">O SBC2400 com propuls\u00e3o pr\u00f3pria possui rodas de escava\u00e7\u00e3o sincronizadas de 30 polegadas de largura para escavar o lastro das extremidades dos dormentes at\u00e9 a borda da se\u00e7\u00e3o do lastro. Para romper as bolsas de lama e restaurar a drenagem, os dentes escarificadores duplos alcan\u00e7am as extremidades do dormente em at\u00e9 5 polegadas. Como o HP SBC da Loram, o SBC2400 apresenta separadores de agita\u00e7\u00e3o el\u00edpticos exclusivos da Loram e nivelamento de tela vari\u00e1vel, fornecendo n\u00e3o apenas uma limpeza de lastro mais eficaz, mas a capacidade de ajustar as for\u00e7as de limpeza \u00e0s condi\u00e7\u00f5es locais.<\/span><\/p>\n<p><span style=\"font-weight: 400;\">O Loram SBC2400 apresenta um projeto de cabine frontal para garantir a m\u00e1xima visibilidade e ergonomia para o operador.<\/span> <span style=\"font-weight: 400;\">Com sua automa\u00e7\u00e3o avan\u00e7ada e capacidade de limpeza de lastro sem precedentes, o SBC2400 requer apenas tr\u00eas operadores.<\/span> <span style=\"font-weight: 400;\">A Loram Services tamb\u00e9m fornece um superintendente, chefe de tripula\u00e7\u00e3o e membros da equipe de manuten\u00e7\u00e3o para um \u00f3timo desempenho das atividades de limpeza.<\/span><\/p>\n<p><span style=\"font-weight: 400;\">Com suas capacidades massivas de limpeza de lastro, a Loram SBC2400 processa mais material, duas vezes mais r\u00e1pido, dentro de uma janela mais curta que produz custos unit\u00e1rios mais baixos.<\/span>[\/vc_column_text][vc_empty_space height=&#8221;45px&#8221;]<div class=\"mkd-tabs mkd-horizontal-tab variable mkd-column-4 clearfix\">\n    <ul class=\"mkd-tabs-nav\">\n                    <li>\n            <h3 class=\"mkd-tab-title\">\n            <a href=\"#tab-caracteristicas\">\n                <span class=\"mkd-icon-frame\"><\/span>\n\n                <!--<span class=\"mkd-advanced-tab-text-after-icon\">-->\n                Caracter\u00edsticas                <!--<\/span>-->\n\n            <\/a>\n            <\/h3>\n\n\n            <\/li>\n                    <li>\n            <h3 class=\"mkd-tab-title\">\n            <a href=\"#tab-especificacoes\">\n                <span class=\"mkd-icon-frame\"><\/span>\n\n                <!--<span class=\"mkd-advanced-tab-text-after-icon\">-->\n                Especifica\u00e7\u00f5es                <!--<\/span>-->\n\n            <\/a>\n            <\/h3>\n\n\n            <\/li>\n                    <li>\n            <h3 class=\"mkd-tab-title\">\n            <a href=\"#tab-video\">\n                <span class=\"mkd-icon-frame\"><\/span>\n\n                <!--<span class=\"mkd-advanced-tab-text-after-icon\">-->\n                V\u00cdDEO                <!--<\/span>-->\n\n            <\/a>\n            <\/h3>\n\n\n            <\/li>\n                    <li>\n            <h3 class=\"mkd-tab-title\">\n            <a href=\"#tab-ficha-de-dados\">\n                <span class=\"mkd-icon-frame\"><\/span>\n\n                <!--<span class=\"mkd-advanced-tab-text-after-icon\">-->\n                Ficha de dados                <!--<\/span>-->\n\n            <\/a>\n            <\/h3>\n\n\n            <\/li>\n            <\/ul><!-- .mkd-tabs-nav -->\n\n    <div class=\"mkd-tab-container\" id=\"tab-caracteristicas-296\" >[vc_column_text]<span style=\"font-weight: 400;\">Recursos e especifica\u00e7\u00f5es do Loram SBC2400<\/span><\/p>\n<ul>\n<li><span style=\"font-weight: 400;\">Capacidade de manuseio de lastro de 2.400 m\u00b3\/hr<\/span><\/li>\n<li><span style=\"font-weight: 400;\">Velocidades de at\u00e9 4 mph (6,5 km\/h) a profundidades t\u00edpicas de escava\u00e7\u00e3o de 8 polegadas (200 mm) abaixo do fundo do dormente<\/span><\/li>\n<li><span style=\"font-weight: 400;\">Projeto de cabine dianteira com automa\u00e7\u00e3o de opera\u00e7\u00e3o aprimorada<\/span><\/li>\n<li><span style=\"font-weight: 400;\">Profundidade m\u00e1xima de escava\u00e7\u00e3o de 34 polegadas (860 mm) do topo do trilho<\/span><\/li>\n<li><span style=\"font-weight: 400;\">Uma \u00e1rea efetiva de limpeza de lastro que chega at\u00e9 860 mm (34 polegadas) al\u00e9m da extremidade do dormente<\/span><\/li>\n<li><span style=\"font-weight: 400;\">Dentes escarificadores integrados que, ao mesmo tempo, chegam \u00e0s extremidades do dormente em at\u00e9 5 polegadas (130 mm), rompendo as bolsas de lama e restaurando a drenagem<\/span><\/li>\n<li><span style=\"font-weight: 400;\">Descarga de finas separadas de at\u00e9 8,8 m (29 p\u00e9s) da linha central da via<\/span><\/li>\n<li><span style=\"font-weight: 400;\">Sistema para evitar obst\u00e1culos no transporte de res\u00edduos<\/span><\/li>\n<li><span style=\"font-weight: 400;\">Tela de inclina\u00e7\u00e3o vari\u00e1vel com lan\u00e7amento el\u00edptico<\/span><\/li>\n<li><span style=\"font-weight: 400;\">Velocidades de deslocamento de at\u00e9 50 mph (80 km\/h)<\/span><\/li>\n<li><span style=\"font-weight: 400;\">Velocidades de reboque no trem de at\u00e9 60 mph (100 km\/h)<\/span><\/li>\n<\/ul>\n<p>[\/vc_column_text]<\/div><div class=\"mkd-tab-container\" id=\"tab-especificacoes-108\" >[vc_column_text]<\/p>\n<table style=\"border-collapse: collapse; width: 100%; height: 336px;\">\n<tbody>\n<tr style=\"height: 24px;\">\n<td style=\"width: 50%; height: 24px;\"><\/td>\n<td style=\"width: 50%; height: 24px;\"><span style=\"font-weight: 400;\">LIMPADOR DE OMBRO DE LASTRO S\u00c9RIE HP<\/span><\/td>\n<\/tr>\n<tr>\n<td style=\"width: 50%;\"><span style=\"font-weight: 400;\">Comprimento<\/span><sup>1<\/sup><\/td>\n<td style=\"width: 50%;\"><span style=\"font-weight: 400;\">136 p\u00e9s (41,5 M)<\/span><\/td>\n<\/tr>\n<tr style=\"height: 24px;\">\n<td style=\"width: 50%; height: 24px;\"><span style=\"font-weight: 400;\">Largura<\/span><sup>1<\/sup><\/td>\n<td style=\"width: 50%; height: 24px;\"><span style=\"font-weight: 400;\">10,7 p\u00e9s (3,3 m)<\/span><\/td>\n<\/tr>\n<tr style=\"height: 24px;\">\n<td style=\"width: 50%; height: 24px;\"><span style=\"font-weight: 400;\">Altura<\/span><sup>1<\/sup><\/td>\n<td style=\"width: 50%; height: 24px;\"><span style=\"font-weight: 400;\">\u2013 Trabalho: 18,5 p\u00e9s (5,6 m)<\/span><br \/>\n<span style=\"font-weight: 400;\">\u2013 Deslocamento:<\/span> <span style=\"font-weight: 400;\">15,5 p\u00e9s (4,7 m)<\/span><\/td>\n<\/tr>\n<tr style=\"height: 24px;\">\n<td style=\"width: 50%; height: 24px;\"><span style=\"font-weight: 400;\">Peso<\/span><sup>1<\/sup><\/td>\n<td style=\"width: 50%; height: 24px;\"><span style=\"font-weight: 400;\">406,000 lb (182,700 kg)<\/span><\/td>\n<\/tr>\n<tr style=\"height: 24px;\">\n<td style=\"width: 50%; height: 24px;\"><span style=\"font-weight: 400;\">Velocidade de trabalho<\/span><\/td>\n<td style=\"width: 50%; height: 24px;\"><span style=\"font-weight: 400;\">At\u00e9 2 mph (3,2 km\/h) a 8 pol (200 mm) de profundidade de corte a partir do fundo do dormente<\/span><\/td>\n<\/tr>\n<tr style=\"height: 24px;\">\n<td style=\"width: 50%; height: 24px;\"><span style=\"font-weight: 400;\">Taxa de produ\u00e7\u00e3o<\/span><sup>2<\/sup><\/td>\n<td style=\"width: 50%; height: 24px;\"><span style=\"font-weight: 400;\">1.570 yd3\/hr (1.200 m\u00b3\/hr)<\/span><\/td>\n<\/tr>\n<tr style=\"height: 24px;\">\n<td style=\"width: 50%; height: 24px;\"><span style=\"font-weight: 400;\">Profundidade m\u00e1xima de escava\u00e7\u00e3o<\/span><\/td>\n<td style=\"width: 50%; height: 24px;\"><span style=\"font-weight: 400;\">34 pol. (860 mm) do topo do trilho<\/span><\/td>\n<\/tr>\n<tr style=\"height: 24px;\">\n<td style=\"width: 50%; height: 24px;\"><span style=\"font-weight: 400;\">Largura de escava\u00e7\u00e3o<\/span><\/td>\n<td style=\"width: 50%; height: 24px;\"><span style=\"font-weight: 400;\">30 pol. (760 mm) da extremidade do dormente<\/span><\/td>\n<\/tr>\n<tr style=\"height: 24px;\">\n<td style=\"width: 50%; height: 24px;\"><span style=\"font-weight: 400;\">Penetra\u00e7\u00e3o do escarificador<\/span><\/td>\n<td style=\"width: 50%; height: 24px;\"><span style=\"font-weight: 400;\">At\u00e9 5 pol. (130 mm) da extremidade do dormente<\/span><\/td>\n<\/tr>\n<tr style=\"height: 24px;\">\n<td style=\"width: 50%; height: 24px;\"><span style=\"font-weight: 400;\">Descarga de detritos<\/span><\/td>\n<td style=\"width: 50%; height: 24px;\"><span style=\"font-weight: 400;\">At\u00e9 29 p\u00e9s (8,8 m) de cada lado do centro da via ou para um vag\u00e3o auxiliar<\/span><\/td>\n<\/tr>\n<tr style=\"height: 24px;\">\n<td style=\"width: 50%; height: 24px;\"><span style=\"font-weight: 400;\">Velocidade de Deslocamento<\/span><\/td>\n<td style=\"width: 50%; height: 24px;\"><span style=\"font-weight: 400;\">\u2013 Autopropulsionado:<\/span> <span style=\"font-weight: 400;\">At\u00e9 48 mph (77 km\/h)<\/span><br \/>\n<span style=\"font-weight: 400;\">\u2013 Na composi\u00e7\u00e3o do trem:<\/span> <span style=\"font-weight: 400;\">At\u00e9 60 mph (100 km\/h)<\/span><\/td>\n<\/tr>\n<tr style=\"height: 24px;\">\n<td style=\"width: 50%; height: 24px;\"><span style=\"font-weight: 400;\">Gradabilidade<\/span><sup>1<\/sup><\/td>\n<td style=\"width: 50%; height: 24px;\"><span style=\"font-weight: 400;\">At\u00e9 4%<\/span><\/td>\n<\/tr>\n<tr style=\"height: 24px;\">\n<td style=\"width: 50%; height: 24px;\"><span style=\"font-weight: 400;\">Raio m\u00ednimo de trabalho<\/span><\/td>\n<td style=\"width: 50%; height: 24px;\"><span style=\"font-weight: 400;\">Curva de 17,5\u00b0 (raio de 100 m)<\/span><\/td>\n<\/tr>\n<tr style=\"height: 24px;\">\n<td style=\"width: 50%; height: 24px;\"><span style=\"font-weight: 400;\">Raio m\u00ednimo de deslocamento<\/span><\/td>\n<td style=\"width: 50%; height: 24px;\"><span style=\"font-weight: 400;\">Curva de 17,5\u00b0 (raio de 100 m)<\/span><\/td>\n<\/tr>\n<\/tbody>\n<\/table>\n<p><sup>1<\/sup> <span style=\"font-weight: 400;\">Excluindo Vag\u00f5es Auxiliares<\/span><br \/>\n<sup>2<\/sup> <span style=\"font-weight: 400;\">T\u00edpico; sujeito \u00e0 aplica\u00e7\u00e3o e condi\u00e7\u00f5es materiais<\/span><br \/>\n<em><span style=\"font-weight: 400;\">Especifica\u00e7\u00f5es sujeitas a altera\u00e7\u00f5es<\/span><\/em>[\/vc_column_text]<\/div><div class=\"mkd-tab-container\" id=\"tab-video-291\" >[vc_video link=&#8221;https:\/\/vimeo.com\/573101282&#8243;]<\/div><div class=\"mkd-tab-container\" id=\"tab-ficha-de-dados-925\" >[vc_single_image image=&#8221;19677&#8243; img_size=&#8221;spec&#8221; onclick=&#8221;custom_link&#8221; img_link_target=&#8221;_blank&#8221; css=&#8221;&#8221; link=&#8221;https:\/\/loram.com\/wp-content\/uploads\/SBC2400-SpecSheet-v3_12-21-INTL_PT-BR_digital.pdf&#8221;][vc_column_text]Spec Sheet[\/vc_column_text]<\/div><\/div>[vc_gallery interval=&#8221;3&#8243; images=&#8221;19685,19692,19699,19706&#8243; img_size=&#8221;1800&#215;900&#8243; css=&#8221;.vc_custom_1725039439182{margin-top: 2rem !important;}&#8221;][\/vc_column][\/vc_row][vc_row css=&#8221;.vc_custom_1629387670059{margin-top: 0px !important;margin-bottom: 0px !important;padding-top: 0px !important;padding-bottom: 0px !important;}&#8221;][vc_column]<div class=\"mkd-elements-holder mkd-responsive-mode-768\" ><div class=\"mkd-elements-holder-item \"  >\n\t<div class=\"mkd-elements-holder-item-inner\">\n\t\t<div class=\"mkd-elements-holder-item-content mkd-elements-holder-custom-908586\" >\n\t\t\t\t\t\t[vc_empty_space height=&#8221;0&#8243;]\t\t<\/div>\n\t<\/div>\n<\/div><\/div>[\/vc_column][\/vc_row]<\/p>\n<\/div>","protected":false},"excerpt":{"rendered":"<p>[vc_row content_width=&#8221;grid&#8221;][vc_column width=&#8221;1\/4&#8243;][vc_widget_sidebar sidebar_id=&#8221;sidebar&#8221;][\/vc_column][vc_column width=&#8221;3\/4&#8243;][vc_column_text] O limpador de ombro de lastro mais produtivo do mundo A tecnologia de limpeza de ombro de lastro de quarta gera\u00e7\u00e3o da Loram, a SBC2400,&#8230;<\/p>\n","protected":false},"author":3,"featured_media":0,"parent":6535,"menu_order":0,"comment_status":"closed","ping_status":"closed","template":"template-single-product.php","meta":{"footnotes":""},"class_list":["post-6537","page","type-page","status-publish","hentry"],"_links":{"self":[{"href":"https:\/\/loram.com\/pt-br\/wp-json\/wp\/v2\/pages\/6537","targetHints":{"allow":["GET"]}}],"collection":[{"href":"https:\/\/loram.com\/pt-br\/wp-json\/wp\/v2\/pages"}],"about":[{"href":"https:\/\/loram.com\/pt-br\/wp-json\/wp\/v2\/types\/page"}],"author":[{"embeddable":true,"href":"https:\/\/loram.com\/pt-br\/wp-json\/wp\/v2\/users\/3"}],"replies":[{"embeddable":true,"href":"https:\/\/loram.com\/pt-br\/wp-json\/wp\/v2\/comments?post=6537"}],"version-history":[{"count":7,"href":"https:\/\/loram.com\/pt-br\/wp-json\/wp\/v2\/pages\/6537\/revisions"}],"predecessor-version":[{"id":19714,"href":"https:\/\/loram.com\/pt-br\/wp-json\/wp\/v2\/pages\/6537\/revisions\/19714"}],"up":[{"embeddable":true,"href":"https:\/\/loram.com\/pt-br\/wp-json\/wp\/v2\/pages\/6535"}],"wp:attachment":[{"href":"https:\/\/loram.com\/pt-br\/wp-json\/wp\/v2\/media?parent=6537"}],"curies":[{"name":"wp","href":"https:\/\/api.w.org\/{rel}","templated":true}]}}