{"id":6536,"date":"2021-12-02T16:00:34","date_gmt":"2021-12-02T22:00:34","guid":{"rendered":"https:\/\/loram.com\/?page_id=6536"},"modified":"2024-08-30T12:44:10","modified_gmt":"2024-08-30T17:44:10","slug":"hp-sbc","status":"publish","type":"page","link":"https:\/\/loram.com\/pt-br\/maintenance-of-way\/ballast-maintenance\/shoulder-ballast-cleaning\/hp-sbc\/","title":{"rendered":"HP SBC"},"content":{"rendered":"<div class=\"wpb-content-wrapper\"><p>[vc_row content_width=&#8221;grid&#8221;][vc_column width=&#8221;1\/4&#8243;][vc_widget_sidebar sidebar_id=&#8221;sidebar&#8221;][\/vc_column][vc_column width=&#8221;3\/4&#8243;][vc_column_text]<\/p>\n<h3>A pot\u00eancia da ind\u00fastria na manuten\u00e7\u00e3o do ombro de lastro<\/h3>\n<p>O limpador de ombro de lastro de alto desempenho (HP) da Loram tem desempenho comprovado na ind\u00fastria para transporte pesado, frete e ferrovias de transporte regional. A s\u00e9rie Loram HP lidera a ind\u00fastria com valor superior \u2013 considerada como a melhor combina\u00e7\u00e3o de velocidade de produ\u00e7\u00e3o, profundidade de corte e qualidade de limpeza.<\/p>\n<p>As m\u00e1quinas da S\u00e9rie HP da Loram possuem propuls\u00e3o pr\u00f3pria, s\u00e3o equipadas com ca\u00e7ambas de escava\u00e7\u00e3o duplas de 30 polegadas de largura e alta capacidade para limpar o lastro das extremidades do dormente at\u00e9 a borda da se\u00e7\u00e3o do lastro, escavando at\u00e9 20 polegadas de profundidade a partir do topo do dormente.<\/p>\n<p>Telas separadoras vibrat\u00f3rias no Loram HP SBC limpam e restauram o lastro obstru\u00eddo com a remo\u00e7\u00e3o de sujeira, lama e part\u00edculas finas de forma mais eficaz do que qualquer outra m\u00e1quina de sua classe. Com a agita\u00e7\u00e3o el\u00edptica exclusiva e nivelamento de tela vari\u00e1vel da Loram, as telas separadoras da s\u00e9rie HP oferecem vantagens claras de limpeza em rela\u00e7\u00e3o a qualquer outra m\u00e1quina no mercado. Nas condi\u00e7\u00f5es \u00famidas que s\u00e3o frequentemente encontradas, o \u00e2ngulo da tela pode ser rebaixado para uma maior a\u00e7\u00e3o de limpeza. Em condi\u00e7\u00f5es comuns de lastro, o \u00e2ngulo da tela pode ser elevado, proporcionando maiores velocidades de limpeza.[\/vc_column_text][vc_empty_space height=&#8221;45px&#8221;]<div class=\"mkd-tabs mkd-horizontal-tab variable mkd-column-4 clearfix\">\n    <ul class=\"mkd-tabs-nav\">\n                    <li>\n            <h3 class=\"mkd-tab-title\">\n            <a href=\"#tab-caracteristicas\">\n                <span class=\"mkd-icon-frame\"><\/span>\n\n                <!--<span class=\"mkd-advanced-tab-text-after-icon\">-->\n                Caracter\u00edsticas                <!--<\/span>-->\n\n            <\/a>\n            <\/h3>\n\n\n            <\/li>\n                    <li>\n            <h3 class=\"mkd-tab-title\">\n            <a href=\"#tab-especificacoes\">\n                <span class=\"mkd-icon-frame\"><\/span>\n\n                <!--<span class=\"mkd-advanced-tab-text-after-icon\">-->\n                Especifica\u00e7\u00f5es                <!--<\/span>-->\n\n            <\/a>\n            <\/h3>\n\n\n            <\/li>\n                    <li>\n            <h3 class=\"mkd-tab-title\">\n            <a href=\"#tab-video\">\n                <span class=\"mkd-icon-frame\"><\/span>\n\n                <!--<span class=\"mkd-advanced-tab-text-after-icon\">-->\n                V\u00cdDEO                <!--<\/span>-->\n\n            <\/a>\n            <\/h3>\n\n\n            <\/li>\n                    <li>\n            <h3 class=\"mkd-tab-title\">\n            <a href=\"#tab-ficha-de-dados\">\n                <span class=\"mkd-icon-frame\"><\/span>\n\n                <!--<span class=\"mkd-advanced-tab-text-after-icon\">-->\n                Ficha de dados                <!--<\/span>-->\n\n            <\/a>\n            <\/h3>\n\n\n            <\/li>\n            <\/ul><!-- .mkd-tabs-nav -->\n\n    <div class=\"mkd-tab-container\" id=\"tab-caracteristicas-532\" >[vc_column_text]O Limpador de Ombro de Lastro de Alto Desempenho (HP) da Loram oferece:<\/p>\n<ul>\n<li>Produ\u00e7\u00e3o t\u00edpica de 1.200 metros c\u00fabicos de lastro por hora<\/li>\n<li>Velocidades de at\u00e9 2 mph (3,2 km\/h) a profundidades t\u00edpicas de escava\u00e7\u00e3o de 8 polegadas (200 mm) abaixo do fundo do dormente<\/li>\n<li>Dentes escarificadores integrados que, ao mesmo tempo, chegam \u00e0s extremidades do dormente em at\u00e9 5 polegadas (130 mm), rompendo as bolsas de lama e restaurando a drenagem<\/li>\n<li>Uma \u00e1rea efetiva de limpeza de lastro que chega at\u00e9 860 mm (34 polegadas) al\u00e9m da extremidade do dormente<\/li>\n<li>O nivelamento da tela ajust\u00e1vel de 9\u201319\u00b0 com agita\u00e7\u00e3o el\u00edptica fornece uma limpeza ideal em qualquer condi\u00e7\u00e3o de lastro<\/li>\n<li>Reposi\u00e7\u00e3o de lastro recuperado em um ou ambos os ombros no formato especificado para a ferrovia<\/li>\n<li>Descarga de finas separadas de at\u00e9 8,8 m (29 p\u00e9s) da linha central da via<\/li>\n<li>Varredura automatizada do lastro das extremidades do dormente<\/li>\n<li>5 minutos para configurar ou armazenar<\/li>\n<li>Velocidades de deslocamento de at\u00e9 48 mph (77 km\/h)<\/li>\n<\/ul>\n<p>[\/vc_column_text]<\/div><div class=\"mkd-tab-container\" id=\"tab-especificacoes-511\" >[vc_column_text]<\/p>\n<table style=\"border-collapse: collapse; width: 100%; height: 362px;\">\n<tbody>\n<tr style=\"height: 24px;\">\n<td style=\"width: 50%; height: 24px;\"><\/td>\n<td style=\"width: 50%; height: 24px;\">LIMPADOR DE OMBRO DE LASTRO S\u00c9RIE HP<\/td>\n<\/tr>\n<tr style=\"height: 27px;\">\n<td style=\"width: 50%; height: 27px;\">Comprimento<sup>1<\/sup><\/td>\n<td style=\"width: 50%; height: 27px;\">136 p\u00e9s (41,5 M)<\/td>\n<\/tr>\n<tr style=\"height: 24px;\">\n<td style=\"width: 50%; height: 24px;\">Largura<sup>1\u00a0<\/sup><\/td>\n<td style=\"width: 50%; height: 24px;\">10,7 p\u00e9s (3,3 m)<\/td>\n<\/tr>\n<tr style=\"height: 24px;\">\n<td style=\"width: 50%; height: 23px;\">Altura<sup>1<\/sup><\/td>\n<td style=\"width: 50%; height: 23px;\">\u2013 Trabalho: 18,5 p\u00e9s (5,6 m)<br \/>\n\u2013 Deslocamento: 15,5 p\u00e9s (4,7 m)<\/td>\n<\/tr>\n<tr style=\"height: 24px;\">\n<td style=\"width: 50%; height: 24px;\">Peso<sup>1<\/sup><\/td>\n<td style=\"width: 50%; height: 24px;\">406,000 lb (182,700 kg)<\/td>\n<\/tr>\n<tr style=\"height: 24px;\">\n<td style=\"width: 50%; height: 24px;\">Working Speed<\/td>\n<td style=\"width: 50%; height: 24px;\">Up to 2 mph (3.2 km\/h) at 8 in. (200 mm) cutting depth from bottom of tie<\/td>\n<\/tr>\n<tr style=\"height: 24px;\">\n<td style=\"width: 50%; height: 24px;\">Production Rate<sup>2<\/sup><\/td>\n<td style=\"width: 50%; height: 24px;\">1,570 yd3\/hr (1,200 m\u00b3\/hr)<\/td>\n<\/tr>\n<tr style=\"height: 24px;\">\n<td style=\"width: 50%; height: 24px;\">Maximum Digging Depth<\/td>\n<td style=\"width: 50%; height: 24px;\">34 in. (860 mm) from top of rail<\/td>\n<\/tr>\n<tr style=\"height: 24px;\">\n<td style=\"width: 50%; height: 24px;\">Digging Width<\/td>\n<td style=\"width: 50%; height: 24px;\">30 in. (760 mm) from end of tie<\/td>\n<\/tr>\n<tr style=\"height: 24px;\">\n<td style=\"width: 50%; height: 24px;\">Scarifier Penetration<\/td>\n<td style=\"width: 50%; height: 24px;\">Up to 5 in. (130 mm) from end of tie<\/td>\n<\/tr>\n<tr style=\"height: 24px;\">\n<td style=\"width: 50%; height: 24px;\">Waste Discharge<\/td>\n<td style=\"width: 50%; height: 24px;\">Up to 29 ft (8.8 m) from either side of track center or into an auxiliary car<\/td>\n<\/tr>\n<tr style=\"height: 24px;\">\n<td style=\"width: 50%; height: 24px;\">Travel Speed<\/td>\n<td style=\"width: 50%; height: 24px;\">\u2013 Self-powered: Up to 48 mph (77 km\/h)<br \/>\n\u2013 In train consist: Up to 60 mph (100 km\/h)<\/td>\n<\/tr>\n<tr style=\"height: 24px;\">\n<td style=\"width: 50%; height: 24px;\">Gradeability<\/td>\n<td style=\"width: 50%; height: 24px;\">Up to 4%<\/td>\n<\/tr>\n<tr style=\"height: 24px;\">\n<td style=\"width: 50%; height: 24px;\">Minimum Work Radius<\/td>\n<td style=\"width: 50%; height: 24px;\">17.5\u00b0 curve (100 m radius)<\/td>\n<\/tr>\n<tr style=\"height: 24px;\">\n<td style=\"width: 50%; height: 24px;\">Minimum Travel Radius<\/td>\n<td style=\"width: 50%; height: 24px;\">17.5\u00b0 curve (100 m radius)<\/td>\n<\/tr>\n<\/tbody>\n<\/table>\n<p><sup>1<\/sup> Excluding Auxiliary Cars<br \/>\n<sup>2<\/sup> Typical; subject to application and material conditions<br \/>\n<em>Specifications subject to change<\/em>[\/vc_column_text]<\/div><div class=\"mkd-tab-container\" id=\"tab-video-279\" >[vc_video link=&#8221;https:\/\/youtu.be\/N0IcxoGucvY&#8221;]<\/div><div class=\"mkd-tab-container\" id=\"tab-ficha-de-dados-178\" >[vc_single_image image=&#8221;19628&#8243; img_size=&#8221;spec&#8221; onclick=&#8221;custom_link&#8221; img_link_target=&#8221;_blank&#8221; css=&#8221;&#8221; link=&#8221;https:\/\/loram.com\/wp-content\/uploads\/HP-SBC-SpecSheet-v3_12-21-INTL_PT-BR_digital.pdf&#8221;][vc_column_text]Spec Sheet[\/vc_column_text]<\/div><\/div>[vc_gallery interval=&#8221;3&#8243; images=&#8221;7084,7085,7086,7087,7088&#8243; img_size=&#8221;1800&#215;900&#8243; css=&#8221;.vc_custom_1629387567045{margin-top: 2rem !important;}&#8221;][\/vc_column][\/vc_row][vc_row css=&#8221;.vc_custom_1629387596293{margin-top: 0px !important;margin-bottom: 0px !important;padding-top: 0px !important;padding-bottom: 0px !important;}&#8221;][vc_column]<div class=\"mkd-elements-holder mkd-responsive-mode-768\" ><div class=\"mkd-elements-holder-item \"  >\n\t<div class=\"mkd-elements-holder-item-inner\">\n\t\t<div class=\"mkd-elements-holder-item-content mkd-elements-holder-custom-827482\" >\n\t\t\t\t\t\t[vc_empty_space height=&#8221;0&#8243;]\t\t<\/div>\n\t<\/div>\n<\/div><\/div>[\/vc_column][\/vc_row]<\/p>\n<\/div>","protected":false},"excerpt":{"rendered":"<p>[vc_row content_width=&#8221;grid&#8221;][vc_column width=&#8221;1\/4&#8243;][vc_widget_sidebar sidebar_id=&#8221;sidebar&#8221;][\/vc_column][vc_column width=&#8221;3\/4&#8243;][vc_column_text] A pot\u00eancia da ind\u00fastria na manuten\u00e7\u00e3o do ombro de lastro O limpador de ombro de lastro de alto desempenho (HP) da Loram tem desempenho comprovado&#8230;<\/p>\n","protected":false},"author":3,"featured_media":0,"parent":6535,"menu_order":0,"comment_status":"closed","ping_status":"closed","template":"template-single-product.php","meta":{"footnotes":""},"class_list":["post-6536","page","type-page","status-publish","hentry"],"_links":{"self":[{"href":"https:\/\/loram.com\/pt-br\/wp-json\/wp\/v2\/pages\/6536","targetHints":{"allow":["GET"]}}],"collection":[{"href":"https:\/\/loram.com\/pt-br\/wp-json\/wp\/v2\/pages"}],"about":[{"href":"https:\/\/loram.com\/pt-br\/wp-json\/wp\/v2\/types\/page"}],"author":[{"embeddable":true,"href":"https:\/\/loram.com\/pt-br\/wp-json\/wp\/v2\/users\/3"}],"replies":[{"embeddable":true,"href":"https:\/\/loram.com\/pt-br\/wp-json\/wp\/v2\/comments?post=6536"}],"version-history":[{"count":7,"href":"https:\/\/loram.com\/pt-br\/wp-json\/wp\/v2\/pages\/6536\/revisions"}],"predecessor-version":[{"id":19715,"href":"https:\/\/loram.com\/pt-br\/wp-json\/wp\/v2\/pages\/6536\/revisions\/19715"}],"up":[{"embeddable":true,"href":"https:\/\/loram.com\/pt-br\/wp-json\/wp\/v2\/pages\/6535"}],"wp:attachment":[{"href":"https:\/\/loram.com\/pt-br\/wp-json\/wp\/v2\/media?parent=6536"}],"curies":[{"name":"wp","href":"https:\/\/api.w.org\/{rel}","templated":true}]}}