{"id":6535,"date":"2021-12-02T16:00:30","date_gmt":"2021-12-02T22:00:30","guid":{"rendered":"https:\/\/loram.com\/?page_id=6535"},"modified":"2021-12-16T15:46:40","modified_gmt":"2021-12-16T21:46:40","slug":"shoulder-ballast-cleaning","status":"publish","type":"page","link":"https:\/\/loram.com\/pt-br\/maintenance-of-way\/ballast-maintenance\/shoulder-ballast-cleaning\/","title":{"rendered":"Limpeza Do Ombro De Lastro"},"content":{"rendered":"<div class=\"wpb-content-wrapper\"><p>[vc_row content_width=&#8221;grid&#8221; css=&#8221;.vc_custom_1623767783918{margin-top: 0px !important;margin-bottom: 4rem !important;}&#8221;][vc_column width=&#8221;1\/4&#8243;][vc_widget_sidebar sidebar_id=&#8221;sidebar&#8221;][\/vc_column][vc_column width=&#8221;3\/4&#8243;][vc_column_text]<\/p>\n<h2><strong>Limpeza do ombro de lastro<\/strong><\/h2>\n<p><span style=\"font-weight: 400;\">A Loram oferece os mais avan\u00e7ados e produtivos servi\u00e7os, equipamentos e tecnologias de limpeza de ombro de lastro da ind\u00fastria, resultando em maior efici\u00eancia e redu\u00e7\u00e3o de custos.<\/span> <span style=\"font-weight: 400;\">Um programa de limpeza de ombro de lastro Loram garante uma infraestrutura ferrovi\u00e1ria saud\u00e1vel e robusta mantida para proporcionar o m\u00e1ximo ROI.<\/span><\/p>\n<p><span style=\"font-weight: 400;\">A limpeza de ombro de lastro consiste em remover o lastro no final dos dormentes, peneir\u00e1-los e descartar part\u00edculas e res\u00edduos e devolver o bom lastro ao ombro.<\/span> <span style=\"font-weight: 400;\">Os escarificadores integrados quebram os bols\u00f5es de lama das extemidades dos dormentes, removem as part\u00edculas e restauram os espa\u00e7os vazios de lastro nos ombros e sob as extremidades do dormente e liberam a \u00e1gua presa que pode causar danos.<\/span> <span style=\"font-weight: 400;\">Ao escavar consistentemente em n\u00edveis at\u00e9 8 polegadas abaixo do dormente e restaurar a estrutura do ombro do lastro, as part\u00edculas s\u00e3o capazes de migrar e serem drenadas livremente para o ombro com um tempo de infiltra\u00e7\u00e3o dramaticamente melhorado<\/span><\/p>\n<h3><strong>Benef\u00edcios e caracter\u00edsticas da limpeza do ombro de lastro<\/strong><\/h3>\n<p><span style=\"font-weight: 400;\">Uma disciplina regular de limpeza com a Loram prolonga a vida \u00fatil do lastro, reduzindo a frequ\u00eancia e o custo de seu rearranjo.<\/span>[\/vc_column_text]<div class=\"mkd-elements-holder mkd-two-columns mkd-responsive-mode-768\" ><div class=\"mkd-elements-holder-item \"  >\n\t<div class=\"mkd-elements-holder-item-inner\">\n\t\t<div class=\"mkd-elements-holder-item-content mkd-elements-holder-custom-786412\" >\n\t\t\t\t\t\t[vc_column_text]<span style=\"font-weight: 400;\">Os benef\u00edcios da limpeza do ombro de lastro incluem:<\/span><\/p>\n<ul>\n<li>Drenagem melhorada que prolonga os ciclos de corre\u00e7\u00e3o geom\u00e9trica e desguarnecimento e reduz as necessidades de socaria em at\u00e9 200%<\/li>\n<li><span style=\"font-weight: 400;\">Maior resili\u00eancia lateral e rigidez da via entre 10 e 30%<\/span><\/li>\n<li><span style=\"font-weight: 400;\">Melhoria do \u00edndice de qualidade da via em 35%<\/span><\/li>\n<\/ul>\n<p>[\/vc_column_text]\t\t<\/div>\n\t<\/div>\n<\/div><div class=\"mkd-elements-holder-item \"  >\n\t<div class=\"mkd-elements-holder-item-inner\">\n\t\t<div class=\"mkd-elements-holder-item-content mkd-elements-holder-custom-606669\" >\n\t\t\t\t\t\t[vc_column_text]<\/p>\n<ul>\n<li><span style=\"font-weight: 400;\">Melhor geometria da via sob o ciclo de congelamento\/descongelamento<\/span><\/li>\n<li><span style=\"font-weight: 400;\">Crescimento da vegeta\u00e7\u00e3o inibido, reduzindo a necessidade de aplica\u00e7\u00f5es de herbicidas<\/span><\/li>\n<li>Tipicamente, n\u00e3o h\u00e1 restri\u00e7\u00f5es de velocidade do trem ap\u00f3s a conclus\u00e3o dos trabalhos<\/li>\n<\/ul>\n<p>[\/vc_column_text]\t\t<\/div>\n\t<\/div>\n<\/div><\/div>[\/vc_column][\/vc_row][vc_row content_width=&#8221;grid&#8221; css=&#8221;.vc_custom_1623794254962{background-color: #000000 !important;}&#8221; el_class=&#8221;black-bar&#8221;][vc_column css=&#8221;.vc_custom_1623794274000{padding-top: 0.5rem !important;padding-right: 0px !important;padding-bottom: 1rem !important;padding-left: 0px !important;}&#8221;]<div class=\"mkd-elements-holder mkd-responsive-mode-768\" ><div class=\"mkd-elements-holder-item \"  >\n\t<div class=\"mkd-elements-holder-item-inner\">\n\t\t<div class=\"mkd-elements-holder-item-content mkd-elements-holder-custom-437945\" >\n\t\t\t\t\t\t[vc_column_text el_class=&#8221;sub-cat-landing-title-bar&#8221;]<span style=\"font-weight: 400;\">PORTF\u00d3LIO DE LIMPEZA DE OMBRO DE LASTRO DA LORAM<\/span>[\/vc_column_text]\t\t<\/div>\n\t<\/div>\n<\/div><\/div>[\/vc_column][\/vc_row][vc_row content_width=&#8221;grid&#8221; css=&#8221;.vc_custom_1624482148144{padding-top: 3rem !important;padding-bottom: 1rem !important;background-color: #e5e5e5 !important;}&#8221; el_class=&#8221;subcategory-product-listing&#8221;][vc_column]<div class=\"mkd-elements-holder mkd-two-columns mkd-responsive-mode-768\" ><div class=\"mkd-elements-holder-item mkd-fade-in lazyload\" data-animation=\"mkd-fade-in\" style=\"background-image:inherit\" data-bg-image=\"url(https:\/\/loram.com\/wp-content\/uploads\/hp-sbc.jpg)\">\n\t<div class=\"mkd-elements-holder-item-inner\">\n\t\t<div class=\"mkd-elements-holder-item-content mkd-elements-holder-custom-831411\" style=\"padding: 0 0 0 0\">\n\t\t\t\t\t\t[vc_empty_space height=&#8221;348px&#8221;]\t\t<\/div>\n\t<\/div>\n<\/div><div class=\"mkd-elements-holder-item mkd-fade-in\" data-animation=\"mkd-fade-in\" >\n\t<div class=\"mkd-elements-holder-item-inner\">\n\t\t<div class=\"mkd-elements-holder-item-content mkd-elements-holder-custom-254668\" style=\"padding: 2rem 4rem 3.5rem 4rem\">\n\t\t\t\t\t\t<div class=\"mkd-st \">\n    <div class=\"mkd-st-inner\">\n        <div class=\"mkd-st-title-holder\">\n            <h2 class=\"mkd-st-title\">\n            <span>HP SBC<\/span>\n        <\/h2>\n    <\/div>\n\n    \n    <div class=\"mkd-st-text-holder\" >\n        <span class=\"mkd-st-text-text\">A desguarnecedora de ombro d<span style=\"font-weight: 400;\">e ombro de lastro de alto desempenho (HP) da Loram tem desempenho comprovado na ind\u00fastria para transporte pesado, frete e ferrovias de transporte<\/span> de passageiros.<\/span>\n    <\/div>\n<\/div>\n<\/div>[vc_empty_space height=&#8221;24px&#8221;]<a itemprop=\"url\" href=\"\/pt-br\/maintenance-of-way\/ballast-maintenance\/shoulder-ballast-cleaning\/hp-sbc\/\" target=\"_self\"  class=\"mkd-btn mkd-btn-medium mkd-btn-solid\"  >\n    <span class=\"mkd-btn-text\">Saiba mais<\/span>\n    <\/a>\t\t<\/div>\n\t<\/div>\n<\/div><\/div>[\/vc_column][\/vc_row][vc_row content_width=&#8221;grid&#8221; css=&#8221;.vc_custom_1624482152327{padding-top: 1rem !important;padding-bottom: 3rem !important;background-color: #e5e5e5 !important;}&#8221; el_class=&#8221;subcategory-product-listing&#8221;][vc_column]<div class=\"mkd-elements-holder mkd-two-columns mkd-responsive-mode-768\" ><div class=\"mkd-elements-holder-item mkd-fade-in lazyload\" data-animation=\"mkd-fade-in\" style=\"background-image:inherit\" data-bg-image=\"url(https:\/\/loram.com\/wp-content\/uploads\/SBC2400-Working.jpg)\">\n\t<div class=\"mkd-elements-holder-item-inner\">\n\t\t<div class=\"mkd-elements-holder-item-content mkd-elements-holder-custom-336721\" style=\"padding: 0 0 0 0\">\n\t\t\t\t\t\t[vc_empty_space height=&#8221;348px&#8221;]\t\t<\/div>\n\t<\/div>\n<\/div><div class=\"mkd-elements-holder-item mkd-fade-in\" data-animation=\"mkd-fade-in\" >\n\t<div class=\"mkd-elements-holder-item-inner\">\n\t\t<div class=\"mkd-elements-holder-item-content mkd-elements-holder-custom-226646\" style=\"padding: 2rem 4rem 3.5rem 4rem\">\n\t\t\t\t\t\t<div class=\"mkd-st \">\n    <div class=\"mkd-st-inner\">\n        <div class=\"mkd-st-title-holder\">\n            <h2 class=\"mkd-st-title\">\n            <span>SBC2400<\/span>\n        <\/h2>\n    <\/div>\n\n    \n    <div class=\"mkd-st-text-holder\" >\n        <span class=\"mkd-st-text-text\"><span style=\"font-weight: 400;\">Equipado com quatro rodas de escava\u00e7\u00e3o e duas peneiras separadoras, o SBC2400 \u00e9 projetado para manusear e limpar o dobro da quantidade de material do SBC HP l\u00edder da categoria Loram.<\/span><\/span>\n    <\/div>\n<\/div>\n<\/div>[vc_empty_space height=&#8221;24px&#8221;]<a itemprop=\"url\" href=\"\/pt-br\/maintenance-of-way\/ballast-maintenance\/shoulder-ballast-cleaning\/sbc2400\/\" target=\"_self\"  class=\"mkd-btn mkd-btn-medium mkd-btn-solid\"  >\n    <span class=\"mkd-btn-text\">Saiba mais<\/span>\n    <\/a>\t\t<\/div>\n\t<\/div>\n<\/div><\/div>[\/vc_column][\/vc_row][vc_row content_width=&#8221;grid&#8221; content_aligment=&#8221;center&#8221; el_class=&#8221;learn-how-we-help&#8221; css=&#8221;.vc_custom_1626702335218{margin-top: 1rem !important;margin-bottom: 3rem !important;padding-right: 0px !important;padding-left: 0px !important;background-image: url(https:\/\/loram.com\/wp-content\/uploads\/learn-how-we-can-help.jpg?id=3598) !important;background-position: center !important;background-repeat: no-repeat !important;background-size: cover !important;}&#8221;][vc_column css=&#8221;.vc_custom_1623260528726{padding-top: 6rem !important;padding-right: 0px !important;padding-bottom: 3rem !important;padding-left: 0px !important;}&#8221;]<div class=\"mkd-elements-holder mkd-responsive-mode-768\" ><div class=\"mkd-elements-holder-item \"  >\n\t<div class=\"mkd-elements-holder-item-inner\">\n\t\t<div class=\"mkd-elements-holder-item-content mkd-elements-holder-custom-380327\" >\n\t\t\t\t\t\t<div class=\"mkd-st \">\n    <div class=\"mkd-st-inner\">\n        <div class=\"mkd-st-title-holder\">\n            <h2 class=\"mkd-st-title\">\n            <span>Saiba como podemos ajudar<\/span>\n        <\/h2>\n    <\/div>\n\n    \n    <div class=\"mkd-st-text-holder\" >\n        <span class=\"mkd-st-text-text\"><span style=\"font-weight: 400;\">Como l\u00edder global em manuten\u00e7\u00e3o de vias por mais de 50 anos, o amplo portf\u00f3lio de equipamentos e equipes altamente treinadas da Loram oferecem os melhores servi\u00e7os da categoria com desempenho e padr\u00f5es de seguran\u00e7a inigual\u00e1veis.<\/span> <span style=\"font-weight: 400;\">Ligue para +1 (763) 478-6014 ou entre em contato com nossa equipe t\u00e9cnica de vendas.<\/span><\/span>\n    <\/div>\n<\/div>\n<\/div>[vc_empty_space height=&#8221;24px&#8221;]<a itemprop=\"url\" href=\"\/pt-br\/contact\/\" target=\"_self\"  class=\"mkd-btn mkd-btn-medium mkd-btn-solid\"  >\n    <span class=\"mkd-btn-text\">Saiba mais<\/span>\n    <\/a>\t\t<\/div>\n\t<\/div>\n<\/div><\/div>[\/vc_column][\/vc_row][vc_row css=&#8221;.vc_custom_1626702370217{margin-top: 0px !important;margin-bottom: 0px !important;border-bottom-width: 0px !important;padding-top: 0px !important;}&#8221;][vc_column]<div class=\"mkd-elements-holder mkd-responsive-mode-768\" ><div class=\"mkd-elements-holder-item \"  >\n\t<div class=\"mkd-elements-holder-item-inner\">\n\t\t<div class=\"mkd-elements-holder-item-content mkd-elements-holder-custom-891645\" >\n\t\t\t\t\t\t[vc_empty_space height=&#8221;0&#8243;]\t\t<\/div>\n\t<\/div>\n<\/div><\/div>[\/vc_column][\/vc_row]<\/p>\n<\/div>","protected":false},"excerpt":{"rendered":"<p>[vc_row content_width=&#8221;grid&#8221; css=&#8221;.vc_custom_1623767783918{margin-top: 0px !important;margin-bottom: 4rem !important;}&#8221;][vc_column width=&#8221;1\/4&#8243;][vc_widget_sidebar sidebar_id=&#8221;sidebar&#8221;][\/vc_column][vc_column width=&#8221;3\/4&#8243;][vc_column_text] Limpeza do ombro de lastro A Loram oferece os mais avan\u00e7ados e produtivos servi\u00e7os, equipamentos e tecnologias de limpeza de&#8230;<\/p>\n","protected":false},"author":3,"featured_media":0,"parent":6534,"menu_order":10,"comment_status":"closed","ping_status":"closed","template":"template-subcategory.php","meta":{"footnotes":""},"class_list":["post-6535","page","type-page","status-publish","hentry"],"_links":{"self":[{"href":"https:\/\/loram.com\/pt-br\/wp-json\/wp\/v2\/pages\/6535","targetHints":{"allow":["GET"]}}],"collection":[{"href":"https:\/\/loram.com\/pt-br\/wp-json\/wp\/v2\/pages"}],"about":[{"href":"https:\/\/loram.com\/pt-br\/wp-json\/wp\/v2\/types\/page"}],"author":[{"embeddable":true,"href":"https:\/\/loram.com\/pt-br\/wp-json\/wp\/v2\/users\/3"}],"replies":[{"embeddable":true,"href":"https:\/\/loram.com\/pt-br\/wp-json\/wp\/v2\/comments?post=6535"}],"version-history":[{"count":6,"href":"https:\/\/loram.com\/pt-br\/wp-json\/wp\/v2\/pages\/6535\/revisions"}],"predecessor-version":[{"id":7793,"href":"https:\/\/loram.com\/pt-br\/wp-json\/wp\/v2\/pages\/6535\/revisions\/7793"}],"up":[{"embeddable":true,"href":"https:\/\/loram.com\/pt-br\/wp-json\/wp\/v2\/pages\/6534"}],"wp:attachment":[{"href":"https:\/\/loram.com\/pt-br\/wp-json\/wp\/v2\/media?parent=6535"}],"curies":[{"name":"wp","href":"https:\/\/api.w.org\/{rel}","templated":true}]}}