{"id":6533,"date":"2021-12-02T16:00:20","date_gmt":"2021-12-02T22:00:20","guid":{"rendered":"https:\/\/loram.com\/?page_id=6533"},"modified":"2024-08-30T11:06:15","modified_gmt":"2024-08-30T16:06:15","slug":"lrg","status":"publish","type":"page","link":"https:\/\/loram.com\/pt-br\/maintenance-of-way\/rail-grinding\/transit-rail-grinding\/lrg\/","title":{"rendered":"LRG"},"content":{"rendered":"<div class=\"wpb-content-wrapper\"><p>[vc_row content_width=&#8221;grid&#8221;][vc_column width=&#8221;1\/4&#8243;][vc_widget_sidebar sidebar_id=&#8221;sidebar&#8221;][\/vc_column][vc_column width=&#8221;3\/4&#8243;][vc_column_text]<\/p>\n<h3>Versatilidade e desempenho para linhas de tr\u00e2nsito.<\/h3>\n<p>A Esmerilhadora de Trilhos Loram S\u00e9rie LRG \u00e9 uma solu\u00e7\u00e3o compacta projetada para o esmerilhamento de trilhos de produ\u00e7\u00e3o em vias f\u00e9rreas de tr\u00e2nsito e esmerilhamento de trilhos especiais em qualquer ferrovia. O LRG apresenta tecnologia e os mesmos motores de esmerilhamento altamente produtivos de 30 hp de nossas esmerilhadoras de linha principal de transporte pesado, em um projeto de menor pegada para navegar em uma variedade de ferrovias de tr\u00e2nsito, de linhas curtas e ferrovias Classe I \u2013 incluindo aquelas com restri\u00e7\u00f5es de raio de curva, peso e espa\u00e7amento.<\/p>\n<p>O LRG \u00e9 capaz de esmerilhar uma variedade de condi\u00e7\u00f5es de trilhos comuns, incluindo remo\u00e7\u00e3o de corruga\u00e7\u00e3o, remo\u00e7\u00e3o de esc\u00f3ria de lamina\u00e7\u00e3o em novos trilhos, comutadores, cruzamentos, trilho embutido, t\u00faneis, pontos de trilhos abertos e perfil de boleto de trilho. Os sistemas avan\u00e7ados de controle de qualidade do esmerilhamento fornecem um meio positivo para tratar apenas os pontos altos associados \u00e0 corruga\u00e7\u00e3o, soldas e outros defeitos, ao mesmo tempo em que faz a ponte entre os pontos baixos.[\/vc_column_text][vc_empty_space height=&#8221;45px&#8221;]<div class=\"mkd-tabs mkd-horizontal-tab variable mkd-column-4 clearfix\">\n    <ul class=\"mkd-tabs-nav\">\n                    <li>\n            <h3 class=\"mkd-tab-title\">\n            <a href=\"#tab-caracteristicas\">\n                <span class=\"mkd-icon-frame\"><\/span>\n\n                <!--<span class=\"mkd-advanced-tab-text-after-icon\">-->\n                Caracter\u00edsticas                <!--<\/span>-->\n\n            <\/a>\n            <\/h3>\n\n\n            <\/li>\n                    <li>\n            <h3 class=\"mkd-tab-title\">\n            <a href=\"#tab-especificacoes\">\n                <span class=\"mkd-icon-frame\"><\/span>\n\n                <!--<span class=\"mkd-advanced-tab-text-after-icon\">-->\n                Especifica\u00e7\u00f5es                <!--<\/span>-->\n\n            <\/a>\n            <\/h3>\n\n\n            <\/li>\n                    <li>\n            <h3 class=\"mkd-tab-title\">\n            <a href=\"#tab-video\">\n                <span class=\"mkd-icon-frame\"><\/span>\n\n                <!--<span class=\"mkd-advanced-tab-text-after-icon\">-->\n                V\u00cdDEO                <!--<\/span>-->\n\n            <\/a>\n            <\/h3>\n\n\n            <\/li>\n                    <li>\n            <h3 class=\"mkd-tab-title\">\n            <a href=\"#tab-ficha-de-dados\">\n                <span class=\"mkd-icon-frame\"><\/span>\n\n                <!--<span class=\"mkd-advanced-tab-text-after-icon\">-->\n                Ficha de dados                <!--<\/span>-->\n\n            <\/a>\n            <\/h3>\n\n\n            <\/li>\n            <\/ul><!-- .mkd-tabs-nav -->\n\n    <div class=\"mkd-tab-container\" id=\"tab-caracteristicas-409\" >[vc_column_text]Caracter\u00edsticas da Esmerilhadora de Trilhos de tr\u00e2nsito LRG Loram:<\/p>\n<ul>\n<li>Os motores el\u00e9tricos de 30 hp (22,4 kW) l\u00edderes da categoria para a remo\u00e7\u00e3o de metal mais eficiente, otimizam o tempo de esmerilhamento e reduzem custos<\/li>\n<li>Controle de esmerilhamento de precis\u00e3o para acomodar a remo\u00e7\u00e3o eficaz do metal<\/li>\n<li>Capaz de oferecer um acabamento e desempenho de esmerilhamento de alta qualidade<\/li>\n<li>Alta pot\u00eancia de esmerilhamento em uma plataforma de dimens\u00f5es menores projetada para pequenos espa\u00e7amentos<\/li>\n<li>M\u00f3dulos independentes de inclina\u00e7\u00e3o e deslocamento para cobertura completa das passagens de esmerilhamento<\/li>\n<li>Sistemas integrados de coleta de p\u00f3 de esmerilhamento e de supress\u00e3o de ru\u00eddos<\/li>\n<li>Op\u00e7\u00f5es de medi\u00e7\u00e3o de trilhos a bordo dispon\u00edveis<\/li>\n<li>Prote\u00e7\u00f5es integrais contra fa\u00edscas e tanque de \u00e1gua a bordo para combate a inc\u00eandio<\/li>\n<li>Flexibilidade para esmerilhar uma variedade de condi\u00e7\u00f5es de trilhos<\/li>\n<li>Tr\u00eas op\u00e7\u00f5es diferentes de carro de for\u00e7a<\/li>\n<li>Carros de esmerilhamento de quatro e oito rebolos<\/li>\n<\/ul>\n<p>[\/vc_column_text]<\/div><div class=\"mkd-tab-container\" id=\"tab-especificacoes-713\" >[vc_column_text]<\/p>\n<h3>Carros de esmerilhamento<\/h3>\n<table style=\"border-collapse: collapse; width: 100%; height: 240px;\">\n<tbody>\n<tr style=\"height: 24px;\">\n<td style=\"width: 33.3333%; height: 24px;\"><\/td>\n<td style=\"width: 33.3333%; height: 24px;\">Carros de esmerilhamento de 4 rebolos<\/td>\n<td style=\"width: 33.3333%; height: 24px;\">Carros de esmerilhamento de 8 rebolos<\/td>\n<\/tr>\n<tr style=\"height: 24px;\">\n<td style=\"width: 33.3333%; height: 24px;\">Comprimento pol. (m)<\/td>\n<td style=\"width: 33.3333%; height: 24px;\">180 (4,6)<\/td>\n<td style=\"width: 33.3333%; height: 24px;\">275 (7,0)<\/td>\n<\/tr>\n<tr style=\"height: 24px;\">\n<td style=\"width: 33.3333%; height: 24px;\">Largura pol. (m)<\/td>\n<td style=\"width: 33.3333%; height: 24px;\">98 (2,5)<\/td>\n<td style=\"width: 33.3333%; height: 24px;\">98 (2,5)<\/td>\n<\/tr>\n<tr style=\"height: 24px;\">\n<td style=\"width: 33.3333%; height: 24px;\">Altura em. (m)<\/td>\n<td style=\"width: 33.3333%; height: 24px;\">112 (2,8)<\/td>\n<td style=\"width: 33.3333%; height: 24px;\">112 (2,8)<\/td>\n<\/tr>\n<tr style=\"height: 24px;\">\n<td style=\"width: 33.3333%; height: 24px;\">Peso-seco lb (ton)<\/td>\n<td style=\"width: 33.3333%; height: 24px;\">22.500 (10,2)<\/td>\n<td style=\"width: 33.3333%; height: 24px;\">41.500 (18,8)<\/td>\n<\/tr>\n<tr style=\"height: 24px;\">\n<td style=\"width: 33.3333%; height: 24px;\">Peso-seco m\u00e1ximo por eixo lb (ton)<\/td>\n<td style=\"width: 33.3333%; height: 24px;\">11.250 (5,1)<\/td>\n<td style=\"width: 33.3333%; height: 24px;\">20.800 (9,4)<\/td>\n<\/tr>\n<tr style=\"height: 24px;\">\n<td style=\"width: 33.3333%; height: 24px;\">Raio m\u00ednimo da curva (esmerilhamento) p\u00e9s (m)<\/td>\n<td style=\"width: 33.3333%; height: 24px;\">90 (27)<\/td>\n<td style=\"width: 33.3333%; height: 24px;\">263 (80)<\/td>\n<\/tr>\n<tr style=\"height: 24px;\">\n<td style=\"width: 33.3333%; height: 24px;\">Raio m\u00ednimo da curva (deslocamento) p\u00e9s (m)<\/td>\n<td style=\"width: 33.3333%; height: 24px;\">60 (18)<\/td>\n<td style=\"width: 33.3333%; height: 24px;\">160 (50)<\/td>\n<\/tr>\n<tr style=\"height: 24px;\">\n<td style=\"width: 33.3333%; height: 24px;\">Gradabilidade<\/td>\n<td style=\"width: 33.3333%; height: 24px;\">\u2013<\/td>\n<td style=\"width: 33.3333%; height: 24px;\">\u2013<\/td>\n<\/tr>\n<tr style=\"height: 24px;\">\n<td style=\"width: 33.3333%; height: 24px;\">Velocidade m\u00e1xima de deslocamento mph (km\/h)<\/td>\n<td style=\"width: 33.3333%; height: 24px;\">\u2013<\/td>\n<td style=\"width: 33.3333%; height: 24px;\">\u2013<\/td>\n<\/tr>\n<\/tbody>\n<\/table>\n<h3>Carros de for\u00e7a<\/h3>\n<table style=\"border-collapse: collapse; width: 100%; height: 240px;\">\n<tbody>\n<tr style=\"height: 24px;\">\n<td style=\"width: 33.3333%; height: 24px;\"><\/td>\n<td style=\"width: 33.3333%; height: 24px;\">CARRO DE FOR\u00c7A LPC250<\/td>\n<td style=\"width: 33.3333%; height: 24px;\">CARRO DE FOR\u00c7A LPC450<\/td>\n<\/tr>\n<tr style=\"height: 24px;\">\n<td style=\"width: 33.3333%; height: 24px;\">Comprimento pol. (m)<\/td>\n<td style=\"width: 33.3333%; height: 24px;\">312 (7,9)<\/td>\n<td style=\"width: 33.3333%; height: 24px;\">363 (9,2)<\/td>\n<\/tr>\n<tr style=\"height: 24px;\">\n<td style=\"width: 33.3333%; height: 24px;\">Largura pol. (m)<\/td>\n<td style=\"width: 33.3333%; height: 24px;\">92 (2,3)<\/td>\n<td style=\"width: 33.3333%; height: 24px;\">92 (2,3)<\/td>\n<\/tr>\n<tr style=\"height: 24px;\">\n<td style=\"width: 33.3333%; height: 24px;\">Altura em. (m)<\/td>\n<td style=\"width: 33.3333%; height: 24px;\">113 (2,9)<\/td>\n<td style=\"width: 33.3333%; height: 24px;\">115 (2,9)<\/td>\n<\/tr>\n<tr style=\"height: 24px;\">\n<td style=\"width: 33.3333%; height: 24px;\">Peso-seco lb (ton)<\/td>\n<td style=\"width: 33.3333%; height: 24px;\">33.000 (15)<\/td>\n<td style=\"width: 33.3333%; height: 24px;\">41.700 (18,9)<\/td>\n<\/tr>\n<tr style=\"height: 24px;\">\n<td style=\"width: 33.3333%; height: 24px;\"><\/td>\n<td style=\"width: 33.3333%; height: 24px;\">16.500 (7,5)<\/td>\n<td style=\"width: 33.3333%; height: 24px;\">21.200 (9,6)<\/td>\n<\/tr>\n<tr style=\"height: 24px;\">\n<td style=\"width: 33.3333%; height: 24px;\">Raio m\u00ednimo da curva (esmerilhamento) p\u00e9s (m)<\/td>\n<td style=\"width: 33.3333%; height: 24px;\">60 (18)<\/td>\n<td style=\"width: 33.3333%; height: 24px;\">135 (41)<\/td>\n<\/tr>\n<tr style=\"height: 24px;\">\n<td style=\"width: 33.3333%; height: 24px;\">Raio m\u00ednimo da curva (deslocamento) p\u00e9s (m)<\/td>\n<td style=\"width: 33.3333%; height: 24px;\">60 (18)<\/td>\n<td style=\"width: 33.3333%; height: 24px;\">135 (40)<\/td>\n<\/tr>\n<tr style=\"height: 24px;\">\n<td style=\"width: 33.3333%; height: 24px;\">Gradabilidade<\/td>\n<td style=\"width: 33.3333%; height: 24px;\">\u2013<\/td>\n<td style=\"width: 33.3333%; height: 24px;\">\u2013<\/td>\n<\/tr>\n<tr style=\"height: 24px;\">\n<td style=\"width: 33.3333%; height: 24px;\">Velocidade m\u00e1xima de deslocamento mph (km\/h)<\/td>\n<td style=\"width: 33.3333%; height: 24px;\">\u2013<\/td>\n<td style=\"width: 33.3333%; height: 24px;\">\u2013<\/td>\n<\/tr>\n<\/tbody>\n<\/table>\n<h3>Combina\u00e7\u00f5es\/configura\u00e7\u00f5es<\/h3>\n<table style=\"border-collapse: collapse; width: 100%; height: 216px;\">\n<tbody>\n<tr style=\"height: 24px;\">\n<td style=\"width: 33.3333%; height: 24px;\"><\/td>\n<td style=\"width: 33.3333%; height: 24px;\">COMPOSI\u00c7\u00c3O DE 4 REBOLOS COM CABINE DE CONTROLE<\/td>\n<td style=\"width: 16.6667%; height: 24px;\">COMPOSI\u00c7\u00c3O DE 8 REBOLOS COM CABINE DE CONTROLE<\/td>\n<td style=\"width: 16.6667%;\">COMPOSI\u00c7\u00c3O DE 16 REBOLOS COM CABINE DE CONTROLE<\/td>\n<\/tr>\n<tr style=\"height: 24px;\">\n<td style=\"width: 33.3333%; height: 24px;\">Comprimento pol. (m)<\/td>\n<td style=\"width: 33.3333%; height: 24px;\">578 (14,7)<\/td>\n<td style=\"width: 16.6667%; height: 24px;\">803 (20,4)<\/td>\n<td style=\"width: 16.6667%;\">1.024 (26,0)<\/td>\n<\/tr>\n<tr style=\"height: 24px;\">\n<td style=\"width: 33.3333%; height: 24px;\">Largura pol. (m)<\/td>\n<td style=\"width: 33.3333%; height: 24px;\">98 (2,5)<\/td>\n<td style=\"width: 16.6667%; height: 24px;\">98 (2,5)<\/td>\n<td style=\"width: 16.6667%;\">98 (2,5)<\/td>\n<\/tr>\n<tr style=\"height: 24px;\">\n<td style=\"width: 33.3333%; height: 24px;\">Altura em. (m)<\/td>\n<td style=\"width: 33.3333%; height: 24px;\">113 (2,9)<\/td>\n<td style=\"width: 16.6667%; height: 24px;\">113 (2,9)<\/td>\n<td style=\"width: 16.6667%;\">115 (2,9)<\/td>\n<\/tr>\n<tr style=\"height: 24px;\">\n<td style=\"width: 33.3333%; height: 24px;\">Peso-seco lb (ton)<\/td>\n<td style=\"width: 33.3333%; height: 24px;\">54.000 (24,7)<\/td>\n<td style=\"width: 16.6667%; height: 24px;\">77.000 (34,9)<\/td>\n<td style=\"width: 16.6667%;\">130.000 (58,9)<\/td>\n<\/tr>\n<tr style=\"height: 24px;\">\n<td style=\"width: 33.3333%; height: 24px;\">Peso-seco m\u00e1ximo por eixo lb (ton)<\/td>\n<td style=\"width: 33.3333%; height: 24px;\">16.000 (7,3)<\/td>\n<td style=\"width: 16.6667%; height: 24px;\">16.000 (7,3)<\/td>\n<td style=\"width: 16.6667%;\">24.300 (11)<\/td>\n<\/tr>\n<tr style=\"height: 24px;\">\n<td style=\"width: 33.3333%; height: 24px;\">Raio m\u00ednimo da curva (esmerilhamento) p\u00e9s (m)<\/td>\n<td style=\"width: 33.3333%; height: 24px;\">90 (27)<\/td>\n<td style=\"width: 16.6667%; height: 24px;\">90 (27)<\/td>\n<td style=\"width: 16.6667%;\">263 (80)<\/td>\n<\/tr>\n<tr style=\"height: 24px;\">\n<td style=\"width: 33.3333%; height: 24px;\">Raio m\u00ednimo da curva (deslocamento) p\u00e9s (m)<\/td>\n<td style=\"width: 33.3333%; height: 24px;\">60 (18)<\/td>\n<td style=\"width: 16.6667%; height: 24px;\">90 (27)<\/td>\n<td style=\"width: 16.6667%;\">160 (50)<\/td>\n<\/tr>\n<tr style=\"height: 24px;\">\n<td style=\"width: 33.3333%; height: 24px;\">Gradabilidade<\/td>\n<td style=\"width: 33.3333%; height: 24px;\">7.5%<\/td>\n<td style=\"width: 16.6667%; height: 24px;\">6%<\/td>\n<td style=\"width: 16.6667%;\">6%<\/td>\n<\/tr>\n<tr>\n<td style=\"width: 33.3333%;\">Velocidade m\u00e1xima de deslocamento mph (km\/h)<\/td>\n<td style=\"width: 33.3333%;\">40 (65)<\/td>\n<td style=\"width: 16.6667%;\">6%<\/td>\n<td style=\"width: 16.6667%;\">40 (65)<\/td>\n<\/tr>\n<\/tbody>\n<\/table>\n<p><em>Sujeito a altera\u00e7\u00f5es, dependendo da configura\u00e7\u00e3o da composi\u00e7\u00e3o<\/em>[\/vc_column_text]<\/div><div class=\"mkd-tab-container\" id=\"tab-video-84\" >[vc_video link=&#8221;https:\/\/youtu.be\/Sg6yKi8PxlQ&#8221;]<\/div><div class=\"mkd-tab-container\" id=\"tab-ficha-de-dados-788\" >[vc_single_image image=&#8221;19583&#8243; img_size=&#8221;spec&#8221; onclick=&#8221;custom_link&#8221; img_link_target=&#8221;_blank&#8221; css=&#8221;&#8221; link=&#8221;https:\/\/loram.com\/wp-content\/uploads\/L-Series-SpecSheet-v3_12-21-INTL_PT-BR_digital.pdf&#8221;][vc_column_text]Ficha de especifica\u00e7\u00f5es[\/vc_column_text]<\/div><\/div>[vc_gallery interval=&#8221;3&#8243; images=&#8221;7037,7036,7035&#8243; img_size=&#8221;1800&#215;900&#8243; css=&#8221;.vc_custom_1629834763146{margin-top: 2rem !important;}&#8221;][\/vc_column][\/vc_row][vc_row css=&#8221;.vc_custom_1629387490777{margin-top: 0px !important;margin-bottom: 0px !important;padding-top: 0px !important;padding-bottom: 0px !important;}&#8221;][vc_column]<div class=\"mkd-elements-holder mkd-responsive-mode-768\" ><div class=\"mkd-elements-holder-item \"  >\n\t<div class=\"mkd-elements-holder-item-inner\">\n\t\t<div class=\"mkd-elements-holder-item-content mkd-elements-holder-custom-387595\" >\n\t\t\t\t\t\t[vc_empty_space height=&#8221;0&#8243;]\t\t<\/div>\n\t<\/div>\n<\/div><\/div>[\/vc_column][\/vc_row]<\/p>\n<\/div>","protected":false},"excerpt":{"rendered":"<p>[vc_row content_width=&#8221;grid&#8221;][vc_column width=&#8221;1\/4&#8243;][vc_widget_sidebar sidebar_id=&#8221;sidebar&#8221;][\/vc_column][vc_column width=&#8221;3\/4&#8243;][vc_column_text] Versatilidade e desempenho para linhas de tr\u00e2nsito. A Esmerilhadora de Trilhos Loram S\u00e9rie LRG \u00e9 uma solu\u00e7\u00e3o compacta projetada para o esmerilhamento de trilhos de&#8230;<\/p>\n","protected":false},"author":3,"featured_media":0,"parent":6522,"menu_order":0,"comment_status":"closed","ping_status":"closed","template":"template-single-product.php","meta":{"footnotes":""},"class_list":["post-6533","page","type-page","status-publish","hentry"],"_links":{"self":[{"href":"https:\/\/loram.com\/pt-br\/wp-json\/wp\/v2\/pages\/6533","targetHints":{"allow":["GET"]}}],"collection":[{"href":"https:\/\/loram.com\/pt-br\/wp-json\/wp\/v2\/pages"}],"about":[{"href":"https:\/\/loram.com\/pt-br\/wp-json\/wp\/v2\/types\/page"}],"author":[{"embeddable":true,"href":"https:\/\/loram.com\/pt-br\/wp-json\/wp\/v2\/users\/3"}],"replies":[{"embeddable":true,"href":"https:\/\/loram.com\/pt-br\/wp-json\/wp\/v2\/comments?post=6533"}],"version-history":[{"count":7,"href":"https:\/\/loram.com\/pt-br\/wp-json\/wp\/v2\/pages\/6533\/revisions"}],"predecessor-version":[{"id":19591,"href":"https:\/\/loram.com\/pt-br\/wp-json\/wp\/v2\/pages\/6533\/revisions\/19591"}],"up":[{"embeddable":true,"href":"https:\/\/loram.com\/pt-br\/wp-json\/wp\/v2\/pages\/6522"}],"wp:attachment":[{"href":"https:\/\/loram.com\/pt-br\/wp-json\/wp\/v2\/media?parent=6533"}],"curies":[{"name":"wp","href":"https:\/\/api.w.org\/{rel}","templated":true}]}}