{"id":6522,"date":"2021-12-02T15:59:48","date_gmt":"2021-12-02T21:59:48","guid":{"rendered":"https:\/\/loram.com\/?page_id=6522"},"modified":"2021-12-16T15:45:50","modified_gmt":"2021-12-16T21:45:50","slug":"transit-rail-grinding","status":"publish","type":"page","link":"https:\/\/loram.com\/pt-br\/maintenance-of-way\/rail-grinding\/transit-rail-grinding\/","title":{"rendered":"Esmerilhamento De Trilhos De Tr\u00e2nsito"},"content":{"rendered":"<div class=\"wpb-content-wrapper\"><p>[vc_row content_width=&#8221;grid&#8221; css=&#8221;.vc_custom_1623767783918{margin-top: 0px !important;margin-bottom: 4rem !important;}&#8221;][vc_column width=&#8221;1\/4&#8243;][vc_widget_sidebar sidebar_id=&#8221;sidebar&#8221;][\/vc_column][vc_column width=&#8221;3\/4&#8243;][vc_column_text]<\/p>\n<h2>Esmerilhamento de trilhos de tr\u00e2nsito<\/h2>\n<p>As ferrovias de tr\u00e2nsito e de deslocamento se esfor\u00e7am para oferecer um servi\u00e7o seguro, confort\u00e1vel e ininterrupto aos passageiros. Com hor\u00e1rios rigorosos e tr\u00e1fego ferrovi\u00e1rio quase constante inerente \u00e0s ferrovias de tr\u00e2nsito, as janelas de manuten\u00e7\u00e3o dos trilhos s\u00e3o limitadas. A Loram compreende a necessidade de efici\u00eancia, oferecendo poderosos servi\u00e7os e equipamentos de esmerilhamento ferrovi\u00e1rio de tr\u00e2nsito aliados a d\u00e9cadas de experi\u00eancia. A produtividade inigual\u00e1vel da Loram otimiza as janelas de trabalho, abrange mais quil\u00f4metros de via e proporciona uma remo\u00e7\u00e3o superior de metal que leva a uma melhor sa\u00fade da ferrovia.<\/p>\n<p>Com seus motores el\u00e9tricos de esmerilhamento de 30 HP l\u00edderes da categoria, as solu\u00e7\u00f5es de esmerilhamento de trilhos de tr\u00e2nsito da Loram t\u00eam a pot\u00eancia produtiva para remover mais metal por passagem, o que corrige e restaura o trilho de maneira mais eficiente, minimizando a quantidade de passagens. Com controle de esmerilhamento de precis\u00e3o e m\u00faltiplas plataformas de m\u00e1quinas projetadas especificamente para os espa\u00e7amentos restritivos das ferrovias de tr\u00e2nsito e de deslocamento, a Loram oferece o melhor desempenho na classe que se traduz na mais eficiente remo\u00e7\u00e3o de metal, reduz o tempo de esmerilhamento e otimiza o custo de manuten\u00e7\u00e3o.<\/p>\n<h3>Benef\u00edcios e caracter\u00edsticas do esmerilhamento de trilhos de tr\u00e2nsito<\/h3>\n<p>Com as mais produtivas solu\u00e7\u00f5es de esmerilhamento de trilhos de tr\u00e2nsito, a Loram requer janelas de trilhos menores e cria hor\u00e1rios de manuten\u00e7\u00e3o de trilhos mais previs\u00edveis. Junto com estes benef\u00edcios operacionais, a Loram agrega maior valor \u00e0s ferrovias de tr\u00e2nsito, prolongando a vida \u00fatil do ativo ferrovi\u00e1rio, melhorando a qualidade da viagem e reduzindo o ru\u00eddo ferrovi\u00e1rio.[\/vc_column_text]<div class=\"mkd-elements-holder mkd-two-columns mkd-responsive-mode-768\" ><div class=\"mkd-elements-holder-item \"  >\n\t<div class=\"mkd-elements-holder-item-inner\">\n\t\t<div class=\"mkd-elements-holder-item-content mkd-elements-holder-custom-509826\" >\n\t\t\t\t\t\t[vc_column_text]Os benef\u00edcios do esmerilhamento ferrovi\u00e1rio de tr\u00e2nsito incluem:<\/p>\n<ul>\n<li>Melhora na qualidade da viagem e redu\u00e7\u00e3o do ru\u00eddo, que aumentam o conforto e a seguran\u00e7a dos passageiros<\/li>\n<li>Prolongamento da vida \u00fatil dos componentes da via e dos trilhos especiais<\/li>\n<li>Remo\u00e7\u00e3o da corruga\u00e7\u00e3o para uma superf\u00edcie de contato mais lisa e uniforme<\/li>\n<li>Restaura\u00e7\u00e3o do perfil do boleto do trilho para otimizar a intera\u00e7\u00e3o roda\/trilho<\/li>\n<li>Remo\u00e7\u00e3o do desgaste de contato de rolamento para mitigar defeitos<\/li>\n<\/ul>\n<p>[\/vc_column_text]\t\t<\/div>\n\t<\/div>\n<\/div><div class=\"mkd-elements-holder-item \"  >\n\t<div class=\"mkd-elements-holder-item-inner\">\n\t\t<div class=\"mkd-elements-holder-item-content mkd-elements-holder-custom-698927\" >\n\t\t\t\t\t\t[vc_column_text]A solu\u00e7\u00e3o de esmerilhamento de trilhos de tr\u00e2nsito da Loram oferece:<\/p>\n<ul>\n<li>Configura\u00e7\u00f5es de m\u00e1quinas de 4 a 24 rebolos<\/li>\n<li>Motores el\u00e9tricos de esmerilhamento de alta pot\u00eancia de 30 HP l\u00edderes do setor<\/li>\n<li>Versatilidade adicional para esmerilhamento de trilhos embutidos e de metr\u00f4s<\/li>\n<li>Sistemas avan\u00e7ados de controle para a remo\u00e7\u00e3o precisa de metais l\u00edder do setor<\/li>\n<li>Diagrama de espa\u00e7amento pequeno para utiliza\u00e7\u00e3o em praticamente todas as ferrovias de tr\u00e2nsito<\/li>\n<li>Diferentes tipos de rebolo para atender \u00e0s necessidades de remo\u00e7\u00e3o de metal e de acabamento da superf\u00edcie, sob medida para cada aplica\u00e7\u00e3o<\/li>\n<\/ul>\n<p>[\/vc_column_text]\t\t<\/div>\n\t<\/div>\n<\/div><\/div>[\/vc_column][\/vc_row][vc_row content_width=&#8221;grid&#8221; css=&#8221;.vc_custom_1623794254962{background-color: #000000 !important;}&#8221; el_class=&#8221;black-bar&#8221;][vc_column css=&#8221;.vc_custom_1626807619517{padding-top: 0.5rem !important;padding-bottom: 1rem !important;}&#8221;]<div class=\"mkd-elements-holder mkd-responsive-mode-768\" ><div class=\"mkd-elements-holder-item \"  >\n\t<div class=\"mkd-elements-holder-item-inner\">\n\t\t<div class=\"mkd-elements-holder-item-content mkd-elements-holder-custom-768219\" >\n\t\t\t\t\t\t[vc_column_text el_class=&#8221;sub-cat-landing-title-bar&#8221;]PLATAFORMAS DE ESMERILHAMENTO DE TRILHO LORAM[\/vc_column_text]\t\t<\/div>\n\t<\/div>\n<\/div><\/div>[\/vc_column][\/vc_row][vc_row content_width=&#8221;grid&#8221; css=&#8221;.vc_custom_1624482208793{padding-top: 3rem !important;padding-bottom: 3rem !important;background-color: #e5e5e5 !important;}&#8221; el_class=&#8221;subcategory-product-listing&#8221;][vc_column]<div class=\"mkd-elements-holder mkd-two-columns mkd-responsive-mode-768\" ><div class=\"mkd-elements-holder-item mkd-fade-in lazyload\" data-animation=\"mkd-fade-in\" style=\"background-image:inherit\" data-bg-image=\"url(https:\/\/loram.com\/wp-content\/uploads\/l-series-grinder.jpg)\">\n\t<div class=\"mkd-elements-holder-item-inner\">\n\t\t<div class=\"mkd-elements-holder-item-content mkd-elements-holder-custom-189586\" style=\"padding: 0 0 0 0\">\n\t\t\t\t\t\t[vc_empty_space height=&#8221;348px&#8221;]\t\t<\/div>\n\t<\/div>\n<\/div><div class=\"mkd-elements-holder-item mkd-fade-in\" data-animation=\"mkd-fade-in\" >\n\t<div class=\"mkd-elements-holder-item-inner\">\n\t\t<div class=\"mkd-elements-holder-item-content mkd-elements-holder-custom-110129\" style=\"padding: 2rem 4rem 3.5rem 4rem\">\n\t\t\t\t\t\t<div class=\"mkd-st \">\n    <div class=\"mkd-st-inner\">\n        <div class=\"mkd-st-title-holder\">\n            <h2 class=\"mkd-st-title\">\n            <span>S\u00e9rie L<\/span>\n        <\/h2>\n    <\/div>\n\n    \n    <div class=\"mkd-st-text-holder\" >\n        <span class=\"mkd-st-text-text\">A Esmerilhadora de Trilhos Loram S\u00e9rie L \u00e9 uma solu\u00e7\u00e3o compacta projetada para o esmerilhamento de trilhos de produ\u00e7\u00e3o em ferrovias de tr\u00e2nsito e para o esmerilhamento de trilhos especiais em qualquer ferrovia.<\/span>\n    <\/div>\n<\/div>\n<\/div>[vc_empty_space height=&#8221;24px&#8221;]<a itemprop=\"url\" href=\"\/pt-br\/maintenance-of-way\/rail-grinding\/transit-rail-grinding\/l-series\/\" target=\"_self\"  class=\"mkd-btn mkd-btn-medium mkd-btn-solid\"  >\n    <span class=\"mkd-btn-text\">Saiba mais<\/span>\n    <\/a>\t\t<\/div>\n\t<\/div>\n<\/div><\/div>[\/vc_column][\/vc_row][vc_row content_width=&#8221;grid&#8221; css=&#8221;.vc_custom_1624482211932{margin-top: 3rem !important;margin-bottom: 3rem !important;}&#8221; el_class=&#8221;subcategory-product-listing&#8221;][vc_column]<div class=\"mkd-elements-holder mkd-responsive-mode-768\" ><div class=\"mkd-elements-holder-item \"  >\n\t<div class=\"mkd-elements-holder-item-inner\">\n\t\t<div class=\"mkd-elements-holder-item-content mkd-elements-holder-custom-634769\" >\n\t\t\t\t\t\t[vc_column_text el_class=&#8221;landing-contract-services&#8221;]<\/p>\n<h2>SERVI\u00c7OS CONTRATUAIS DA LORAM<\/h2>\n<h3>Condu\u00e7\u00e3o mais suave. Opera\u00e7\u00f5es mais suaves.<\/h3>\n<p>Com as mais produtivas solu\u00e7\u00f5es de esmerilhamento de trilhos de tr\u00e2nsito, a Loram requer janelas de trilhos menores e cria hor\u00e1rios de manuten\u00e7\u00e3o de trilhos mais previs\u00edveis. Junto com estes benef\u00edcios operacionais, a Loram agrega maior valor \u00e0s ferrovias de tr\u00e2nsito, prolongando a vida \u00fatil do ativo ferrovi\u00e1rio, melhorando a qualidade da viagem e reduzindo o ru\u00eddo ferrovi\u00e1rio.[\/vc_column_text]\t\t<\/div>\n\t<\/div>\n<\/div><\/div>[\/vc_column][\/vc_row][vc_row content_width=&#8221;grid&#8221; content_aligment=&#8221;center&#8221; el_class=&#8221;learn-how-we-help&#8221; css=&#8221;.vc_custom_1623766422262{margin-top: 2rem !important;margin-bottom: 3rem !important;padding-right: 0px !important;padding-left: 0px !important;background-image: url(https:\/\/loram.com\/wp-content\/uploads\/learn-how-we-can-help.jpg?id=3598) !important;background-position: center !important;background-repeat: no-repeat !important;background-size: cover !important;}&#8221;][vc_column css=&#8221;.vc_custom_1623260528726{padding-top: 6rem !important;padding-right: 0px !important;padding-bottom: 3rem !important;padding-left: 0px !important;}&#8221;]<div class=\"mkd-elements-holder mkd-responsive-mode-768\" ><div class=\"mkd-elements-holder-item \"  >\n\t<div class=\"mkd-elements-holder-item-inner\">\n\t\t<div class=\"mkd-elements-holder-item-content mkd-elements-holder-custom-546092\" >\n\t\t\t\t\t\t<div class=\"mkd-st \">\n    <div class=\"mkd-st-inner\">\n        <div class=\"mkd-st-title-holder\">\n            <h2 class=\"mkd-st-title\">\n            <span>Saiba como podemos ajudar<\/span>\n        <\/h2>\n    <\/div>\n\n    \n    <div class=\"mkd-st-text-holder\" >\n        <span class=\"mkd-st-text-text\">Como l\u00edder global em manuten\u00e7\u00e3o de vias por mais de 50 anos, o amplo portf\u00f3lio de equipamentos e equipes altamente treinadas da Loram oferecem os melhores servi\u00e7os da categoria com desempenho e padr\u00f5es de seguran\u00e7a inigual\u00e1veis. Ligue para +1 (763) 478-6014 ou entre em contato com nossa equipe t\u00e9cnica de vendas.<\/p>\n<p><\/span>\n    <\/div>\n<\/div>\n<\/div>[vc_empty_space height=&#8221;24px&#8221;]<a itemprop=\"url\" href=\"\/pt-br\/contact\/\" target=\"_self\"  class=\"mkd-btn mkd-btn-medium mkd-btn-solid\"  >\n    <span class=\"mkd-btn-text\">Vamos conversar<\/span>\n    <\/a>\t\t<\/div>\n\t<\/div>\n<\/div><\/div>[\/vc_column][\/vc_row][vc_row css=&#8221;.vc_custom_1626702207023{margin-top: 0px !important;margin-bottom: 0px !important;padding-top: 0px !important;padding-bottom: 0px !important;}&#8221;][vc_column]<div class=\"mkd-elements-holder mkd-responsive-mode-768\" ><div class=\"mkd-elements-holder-item \"  >\n\t<div class=\"mkd-elements-holder-item-inner\">\n\t\t<div class=\"mkd-elements-holder-item-content mkd-elements-holder-custom-111412\" >\n\t\t\t\t\t\t[vc_empty_space height=&#8221;0&#8243;]\t\t<\/div>\n\t<\/div>\n<\/div><\/div>[\/vc_column][\/vc_row]<\/p>\n<\/div>","protected":false},"excerpt":{"rendered":"<p>[vc_row content_width=&#8221;grid&#8221; css=&#8221;.vc_custom_1623767783918{margin-top: 0px !important;margin-bottom: 4rem !important;}&#8221;][vc_column width=&#8221;1\/4&#8243;][vc_widget_sidebar sidebar_id=&#8221;sidebar&#8221;][\/vc_column][vc_column width=&#8221;3\/4&#8243;][vc_column_text] Esmerilhamento de trilhos de tr\u00e2nsito As ferrovias de tr\u00e2nsito e de deslocamento se esfor\u00e7am para oferecer um servi\u00e7o seguro, confort\u00e1vel&#8230;<\/p>\n","protected":false},"author":3,"featured_media":0,"parent":6515,"menu_order":0,"comment_status":"closed","ping_status":"closed","template":"template-subcategory.php","meta":{"footnotes":""},"class_list":["post-6522","page","type-page","status-publish","hentry"],"_links":{"self":[{"href":"https:\/\/loram.com\/pt-br\/wp-json\/wp\/v2\/pages\/6522","targetHints":{"allow":["GET"]}}],"collection":[{"href":"https:\/\/loram.com\/pt-br\/wp-json\/wp\/v2\/pages"}],"about":[{"href":"https:\/\/loram.com\/pt-br\/wp-json\/wp\/v2\/types\/page"}],"author":[{"embeddable":true,"href":"https:\/\/loram.com\/pt-br\/wp-json\/wp\/v2\/users\/3"}],"replies":[{"embeddable":true,"href":"https:\/\/loram.com\/pt-br\/wp-json\/wp\/v2\/comments?post=6522"}],"version-history":[{"count":5,"href":"https:\/\/loram.com\/pt-br\/wp-json\/wp\/v2\/pages\/6522\/revisions"}],"predecessor-version":[{"id":7792,"href":"https:\/\/loram.com\/pt-br\/wp-json\/wp\/v2\/pages\/6522\/revisions\/7792"}],"up":[{"embeddable":true,"href":"https:\/\/loram.com\/pt-br\/wp-json\/wp\/v2\/pages\/6515"}],"wp:attachment":[{"href":"https:\/\/loram.com\/pt-br\/wp-json\/wp\/v2\/media?parent=6522"}],"curies":[{"name":"wp","href":"https:\/\/api.w.org\/{rel}","templated":true}]}}