{"id":6521,"date":"2021-12-02T15:59:42","date_gmt":"2021-12-02T21:59:42","guid":{"rendered":"https:\/\/loram.com\/?page_id=6521"},"modified":"2024-08-30T11:09:30","modified_gmt":"2024-08-30T16:09:30","slug":"rgt","status":"publish","type":"page","link":"https:\/\/loram.com\/pt-br\/maintenance-of-way\/rail-grinding\/specialty-rail-grinding\/rgt\/","title":{"rendered":"RGT"},"content":{"rendered":"<div class=\"wpb-content-wrapper\"><p>[vc_row content_width=&#8221;grid&#8221;][vc_column width=&#8221;1\/4&#8243;][vc_widget_sidebar sidebar_id=&#8221;sidebar&#8221;][\/vc_column][vc_column width=&#8221;3\/4&#8243;][vc_column_text]<\/p>\n<h3>Resposta r\u00e1pida e Totalmente Capaz<\/h3>\n<p>A esmerilhadora de trilhos Loram RGT Quick-Deploy \u00e9 uma esmerilhadora de 5\u00aa roda com certifica\u00e7\u00e3o DOT equipada com terra-trilho, capaz de se deslocar em praticamente qualquer estrada da Am\u00e9rica do Norte sem a necessidade de autoriza\u00e7\u00f5es especiais. Ele apresenta um buggy de esmerilhamento de trilho totalmente flex\u00edvel com 8 rebolos, cada um alimentado por um motor de esmerilhamento de 30 HP para oferecer a maior pot\u00eancia e capacidade de acabamento de qualquer solu\u00e7\u00e3o montada em truque. Al\u00e9m disso, os rebolos de esmerilhamento Loram, desenvolvidos e comprovados, de 6&#8243; e 10&#8243; de di\u00e2metro, s\u00e3o otimizados para o desempenho e a vida \u00fatil para obter acabamentos ferrovi\u00e1rios desde a remo\u00e7\u00e3o de metais pesados at\u00e9 o acabamento espelhado super liso \u2013 ou qualquer combina\u00e7\u00e3o de ambos \u2013 em menos passagens. Projetado para otimizar janelas de servi\u00e7o curtas, o RGT pode ser implantado ou recuperado em apenas 5 minutos em um ponto de acesso ferrovi\u00e1rio pr\u00f3ximo a um destino de servi\u00e7o. Seja esmerilhando comutadores, cruzamentos, trilhos de tr\u00e2nsito, trilhos abertos ou \u00e1reas de servi\u00e7o geral ou de remedia\u00e7\u00e3o de exce\u00e7\u00f5es, o RGT traz o poder de esmerilhamento ferrovi\u00e1rio e a experi\u00eancia da Loram na plataforma mais flex\u00edvel e transport\u00e1vel.[\/vc_column_text][vc_empty_space height=&#8221;45px&#8221;]<div class=\"mkd-tabs mkd-horizontal-tab variable mkd-column-4 clearfix\">\n    <ul class=\"mkd-tabs-nav\">\n                    <li>\n            <h3 class=\"mkd-tab-title\">\n            <a href=\"#tab-caracteristicas\">\n                <span class=\"mkd-icon-frame\"><\/span>\n\n                <!--<span class=\"mkd-advanced-tab-text-after-icon\">-->\n                Caracter\u00edsticas                <!--<\/span>-->\n\n            <\/a>\n            <\/h3>\n\n\n            <\/li>\n                    <li>\n            <h3 class=\"mkd-tab-title\">\n            <a href=\"#tab-especificacoes\">\n                <span class=\"mkd-icon-frame\"><\/span>\n\n                <!--<span class=\"mkd-advanced-tab-text-after-icon\">-->\n                Especifica\u00e7\u00f5es                <!--<\/span>-->\n\n            <\/a>\n            <\/h3>\n\n\n            <\/li>\n                    <li>\n            <h3 class=\"mkd-tab-title\">\n            <a href=\"#tab-video\">\n                <span class=\"mkd-icon-frame\"><\/span>\n\n                <!--<span class=\"mkd-advanced-tab-text-after-icon\">-->\n                V\u00cdDEO                <!--<\/span>-->\n\n            <\/a>\n            <\/h3>\n\n\n            <\/li>\n                    <li>\n            <h3 class=\"mkd-tab-title\">\n            <a href=\"#tab-ficha-de-dados\">\n                <span class=\"mkd-icon-frame\"><\/span>\n\n                <!--<span class=\"mkd-advanced-tab-text-after-icon\">-->\n                Ficha de dados                <!--<\/span>-->\n\n            <\/a>\n            <\/h3>\n\n\n            <\/li>\n            <\/ul><!-- .mkd-tabs-nav -->\n\n    <div class=\"mkd-tab-container\" id=\"tab-caracteristicas-113\" >[vc_column_text]<\/p>\n<ul>\n<li>Os m\u00f3dulos de esmerilhamento de 8, 30 hp (22,4 kW) podem ser equipados com rebolos de seis (6) pol (150 mm) para visar as caracter\u00edsticas da via e trilhos embutidos ou rebolos de dez (10) pol. (250 mm) para atender \u00e0s exce\u00e7\u00f5es de esmerilhamento em trilhos abertos.<\/li>\n<li>Velocidade de esmerilhamento: at\u00e9 5 mph (8 km\/h)<\/li>\n<li>Implant\u00e1vel e recuper\u00e1vel a 9,8 m (32 p\u00e9s) de largura em passagens de n\u00edvel com dispositivos t\u00edpicos de sinaliza\u00e7\u00e3o pr\u00f3ximos \u00e0 travessia ou em passagens de n\u00edvel t\u00e3o pequenas quanto 4,9 m (16 p\u00e9s) sem sinaliza\u00e7\u00e3o, ou outro equipamento pr\u00f3ximo \u00e0 travessia<\/li>\n<li>Conformidade com o formato DOT sobre reboque de trator ferrovi\u00e1rio que pode se deslocar em velocidades elevadas sem a exig\u00eancia de licen\u00e7as especiais na Am\u00e9rica do Norte e equipado com terra-trilho para deslocamentos na via<\/li>\n<li>A tripula\u00e7\u00e3o \u00e9 composta por 2 pessoas: Operador para opera\u00e7\u00f5es de over road, sobre trilhos, implanta\u00e7\u00e3o e recupera\u00e7\u00e3o e uma pessoa de apoio\/membro geral da tripula\u00e7\u00e3o. Assentos de cabine para 3 pessoas em considera\u00e7\u00e3o \u00e0 supervis\u00e3o do pessoal ferrovi\u00e1rio<\/li>\n<li>Requer t\u00e3o pouco quanto 5 minutos para implantar e recuperar a m\u00e1quina, incluindo o tempo de remo\u00e7\u00e3o de sujeira do lastro<\/li>\n<li>Aproximadamente 250 gal\u00f5es (947 L) de armazenamento de \u00e1gua a bordo, bomba e mangueira para seguran\u00e7a contra inc\u00eandios<\/li>\n<li>M\u00faltiplas bombas manuais de \u00e1gua e ferramentas de combate a inc\u00eandios a bordo em locais de f\u00e1cil acesso sobre a m\u00e1quina<\/li>\n<li>O uso extensivo de m\u00e9todos e t\u00e9cnicas de monitoramento remoto pelo local do operador minimizam o tempo necess\u00e1rio que o operador fica exposto &#8220;sobre trilhos&#8221; fora da prote\u00e7\u00e3o do recinto do ve\u00edculo<\/li>\n<li>O sistema de controle de esmerilhamento \u00e9 baseado no comprovado software e hardware Loram RGS otimizado para os m\u00e9todos operacionais RGT<\/li>\n<\/ul>\n<p>[\/vc_column_text]<\/div><div class=\"mkd-tab-container\" id=\"tab-especificacoes-212\" data-icon-pack=\"font_awesome\" data-icon-html=\"&lt;i class=&quot;mkd-icon-font-awesome fa  &quot; &gt;&lt;\/i&gt;\">[vc_column_text]<\/p>\n<table style=\"border-collapse: collapse; width: 100%; height: 372px;\">\n<tbody>\n<tr style=\"height: 24px;\">\n<td style=\"width: 50%; height: 24px;\"><\/td>\n<td style=\"width: 50%; height: 24px;\">ESMERILHADORA DE TRILHOS RGT QUICK-DEPLOY<\/td>\n<\/tr>\n<tr style=\"height: 27px;\">\n<td style=\"width: 50%; height: 27px;\">Comprimento<\/td>\n<td style=\"width: 50%; height: 27px;\">67 p\u00e9s (20 m)<\/td>\n<\/tr>\n<tr style=\"height: 24px;\">\n<td style=\"width: 50%; height: 24px;\">Largura da estrada<\/td>\n<td style=\"width: 50%; height: 24px;\">8,5 p\u00e9s (2,5 m)<\/td>\n<\/tr>\n<tr style=\"height: 23px;\">\n<td style=\"width: 50%; height: 23px;\">Largura da via<\/td>\n<td style=\"width: 50%; height: 23px;\">8,75 p\u00e9s (2,68 m)<\/td>\n<\/tr>\n<tr style=\"height: 24px;\">\n<td style=\"width: 50%; height: 24px;\">Altura<\/td>\n<td style=\"width: 50%; height: 24px;\">10,8 p\u00e9s (3,3 m)<\/td>\n<\/tr>\n<tr style=\"height: 24px;\">\n<td style=\"width: 50%; height: 24px;\">Peso m\u00e1ximo do eixo<\/td>\n<td style=\"width: 50%; height: 24px;\">10,4 ton (9,4 ton)<\/td>\n<\/tr>\n<tr style=\"height: 24px;\">\n<td style=\"width: 50%; height: 24px;\">Peso \u00famido<\/td>\n<td style=\"width: 50%; height: 24px;\">80.000 libras (36.287 kg)<\/td>\n<\/tr>\n<tr style=\"height: 24px;\">\n<td style=\"width: 50%; height: 24px;\">Bitola do trilho<\/td>\n<td style=\"width: 50%; height: 24px;\">56,5 pol. (1.435 mm)<\/td>\n<\/tr>\n<tr style=\"height: 24px;\">\n<td style=\"width: 50%; height: 24px;\">Gradabilidade<\/td>\n<td style=\"width: 50%; height: 24px;\">At\u00e9 6%<\/td>\n<\/tr>\n<tr style=\"height: 24px;\">\n<td style=\"width: 50%; height: 10px;\">Raio m\u00ednimo de esmerilhamento<\/td>\n<td style=\"width: 50%; height: 10px;\">Raio de 200 p\u00e9s (61 m); Curva de 29\u00b0*<\/td>\n<\/tr>\n<tr style=\"height: 24px;\">\n<td style=\"width: 50%; height: 24px;\">Raio m\u00ednimo de deslocamento<\/td>\n<td style=\"width: 50%; height: 24px;\">Raio de 90 p\u00e9s (27,4 m); Curva de 67\u00b0*<\/td>\n<\/tr>\n<tr style=\"height: 24px;\">\n<td style=\"width: 50%; height: 24px;\">Velocidade de Esmerilhamento<\/td>\n<td style=\"width: 50%; height: 24px;\">4,8 a 9,3 mph (3 a 15 km\/h)<\/td>\n<\/tr>\n<tr style=\"height: 24px;\">\n<td style=\"width: 50%; height: 24px;\">Velocidade de deslocamento na estrada<\/td>\n<td style=\"width: 50%; height: 24px;\">At\u00e9 70 mph (113 km\/h)<\/td>\n<\/tr>\n<tr style=\"height: 24px;\">\n<td style=\"width: 50%; height: 24px;\">Velocidade de deslocamento na via<\/td>\n<td style=\"width: 50%; height: 24px;\">At\u00e9 20 mph (32 km\/h)<\/td>\n<\/tr>\n<tr style=\"height: 24px;\">\n<td style=\"width: 50%; height: 24px;\">Motores de esmerilhamento<\/td>\n<td style=\"width: 50%; height: 24px;\">Oito 20 hp (15 kW) ou 30 hp (23 kW) cada<\/td>\n<\/tr>\n<tr style=\"height: 24px;\">\n<td style=\"width: 50%; height: 24px;\">\u00c2ngulos de esmerilhamento<\/td>\n<td style=\"width: 50%; height: 24px;\">75\u00b0 bitola para 25\u00b0 campo (faixa de 100\u00b0)<\/td>\n<\/tr>\n<tr>\n<td style=\"width: 50%;\">Capacidade de \u00e1gua<\/td>\n<td style=\"width: 50%;\">250 gal (946 L)<\/td>\n<\/tr>\n<tr>\n<td style=\"width: 50%;\">Pot\u00eancia do Gerador<\/td>\n<td style=\"width: 50%;\">240 kW<\/td>\n<\/tr>\n<\/tbody>\n<\/table>\n<p>[\/vc_column_text]<\/div><div class=\"mkd-tab-container\" id=\"tab-video-282\" >[vc_video link=&#8221;https:\/\/vimeo.com\/573096558&#8243;]<\/div><div class=\"mkd-tab-container\" id=\"tab-ficha-de-dados-14\" data-icon-pack=\"font_awesome\" data-icon-html=\"&lt;i class=&quot;mkd-icon-font-awesome fa  &quot; &gt;&lt;\/i&gt;\">[vc_single_image image=&#8221;19601&#8243; img_size=&#8221;spec&#8221; onclick=&#8221;custom_link&#8221; css=&#8221;&#8221; link=&#8221;https:\/\/loram.com\/wp-content\/uploads\/RGT-Spec-Sheet-v3_12-21-INTL_PT-BR_digital.pdf&#8221;][vc_column_text]Ficha de especifica\u00e7\u00f5es[\/vc_column_text]<\/div><\/div>[vc_gallery interval=&#8221;3&#8243; images=&#8221;7079,7080,7081,7082,7083&#8243; img_size=&#8221;1800&#215;900&#8243; css=&#8221;.vc_custom_1629387409147{margin-top: 2rem !important;}&#8221;][\/vc_column][\/vc_row][vc_row][vc_column]<div class=\"mkd-elements-holder mkd-responsive-mode-768\" ><div class=\"mkd-elements-holder-item \"  >\n\t<div class=\"mkd-elements-holder-item-inner\">\n\t\t<div class=\"mkd-elements-holder-item-content mkd-elements-holder-custom-634407\" >\n\t\t\t\t\t\t[vc_empty_space height=&#8221;0&#8243; css=&#8221;.vc_custom_1629387402993{margin-top: 0px !important;margin-bottom: 0px !important;padding-top: 0px !important;padding-bottom: 0px !important;}&#8221;]\t\t<\/div>\n\t<\/div>\n<\/div><\/div>[\/vc_column][\/vc_row]<\/p>\n<\/div>","protected":false},"excerpt":{"rendered":"<p>[vc_row content_width=&#8221;grid&#8221;][vc_column width=&#8221;1\/4&#8243;][vc_widget_sidebar sidebar_id=&#8221;sidebar&#8221;][\/vc_column][vc_column width=&#8221;3\/4&#8243;][vc_column_text] Resposta r\u00e1pida e Totalmente Capaz A esmerilhadora de trilhos Loram RGT Quick-Deploy \u00e9 uma esmerilhadora de 5\u00aa roda com certifica\u00e7\u00e3o DOT equipada com terra-trilho, capaz&#8230;<\/p>\n","protected":false},"author":3,"featured_media":0,"parent":6519,"menu_order":0,"comment_status":"closed","ping_status":"closed","template":"template-single-product.php","meta":{"footnotes":""},"class_list":["post-6521","page","type-page","status-publish","hentry"],"_links":{"self":[{"href":"https:\/\/loram.com\/pt-br\/wp-json\/wp\/v2\/pages\/6521","targetHints":{"allow":["GET"]}}],"collection":[{"href":"https:\/\/loram.com\/pt-br\/wp-json\/wp\/v2\/pages"}],"about":[{"href":"https:\/\/loram.com\/pt-br\/wp-json\/wp\/v2\/types\/page"}],"author":[{"embeddable":true,"href":"https:\/\/loram.com\/pt-br\/wp-json\/wp\/v2\/users\/3"}],"replies":[{"embeddable":true,"href":"https:\/\/loram.com\/pt-br\/wp-json\/wp\/v2\/comments?post=6521"}],"version-history":[{"count":6,"href":"https:\/\/loram.com\/pt-br\/wp-json\/wp\/v2\/pages\/6521\/revisions"}],"predecessor-version":[{"id":19609,"href":"https:\/\/loram.com\/pt-br\/wp-json\/wp\/v2\/pages\/6521\/revisions\/19609"}],"up":[{"embeddable":true,"href":"https:\/\/loram.com\/pt-br\/wp-json\/wp\/v2\/pages\/6519"}],"wp:attachment":[{"href":"https:\/\/loram.com\/pt-br\/wp-json\/wp\/v2\/media?parent=6521"}],"curies":[{"name":"wp","href":"https:\/\/api.w.org\/{rel}","templated":true}]}}