{"id":6520,"date":"2021-12-02T15:59:34","date_gmt":"2021-12-02T21:59:34","guid":{"rendered":"https:\/\/loram.com\/?page_id=6520"},"modified":"2024-08-30T11:08:04","modified_gmt":"2024-08-30T16:08:04","slug":"rgs","status":"publish","type":"page","link":"https:\/\/loram.com\/pt-br\/maintenance-of-way\/rail-grinding\/specialty-rail-grinding\/rgs\/","title":{"rendered":"RGS"},"content":{"rendered":"<div class=\"wpb-content-wrapper\"><p>[vc_row content_width=&#8221;grid&#8221;][vc_column width=&#8221;1\/4&#8243;][vc_widget_sidebar sidebar_id=&#8221;sidebar&#8221;][\/vc_column][vc_column width=&#8221;3\/4&#8243;][vc_column_text]<\/p>\n<h3>A escolha mais produtiva para esmerilhamento especial.<\/h3>\n<p>Constru\u00edda sobre a plataforma comprovada RG400, a esmerilhadora especializada de trilhos RGS da Loram apresenta 24 rebolos acionados por motores el\u00e9tricos de 30 HP, alcan\u00e7ando remo\u00e7\u00e3o de metal, produtividade e rendimento l\u00edderes da categoria. O RGS esmerilha a velocidades de at\u00e9 12 mph em aplica\u00e7\u00f5es de esmerilhamento em trilho aberto e normalmente esmerilha um cruzamento ou cada unidade de comutador em dois a cinco minutos.<\/p>\n<p>O Loram RGS pode esmerilhar trilhos tangentes e curvos com a mesma qualidade de uma esmerilhadora de trilho de produ\u00e7\u00e3o, mas oferece verdadeiro desempenho e precis\u00e3o para esmerilhar comutadores, cruzamentos e outros obst\u00e1culos. Isto faz da Loram RGS a escolha ideal para uma solu\u00e7\u00e3o especial de esmerilhamento de trilhos em ferrovias de transporte pesado ou uma m\u00e1quina vers\u00e1til de dupla finalidade em trens de deslocamento. Com mais rebolos de esmerilhamento por trilho do que qualquer outra esmerilhadora especial e doze motores de esmerilhamento totalmente flex\u00edveis para cada trilho, apenas tr\u00eas passagens podem ser suficientes para esmerilhar todo o boleto do trilho. A Loram RGS reduz enormemente a quantidade de tempo gasto em cada obst\u00e1culo, produzindo perfis de esmerilhamento superiores em menos passagens do que qualquer outra esmerilhadora ferrovi\u00e1ria especial do mundo.[\/vc_column_text][vc_empty_space height=&#8221;45px&#8221;]<div class=\"mkd-tabs mkd-horizontal-tab variable mkd-column-4 clearfix\">\n    <ul class=\"mkd-tabs-nav\">\n                    <li>\n            <h3 class=\"mkd-tab-title\">\n            <a href=\"#tab-caracteristicas\">\n                <span class=\"mkd-icon-frame\"><\/span>\n\n                <!--<span class=\"mkd-advanced-tab-text-after-icon\">-->\n                Caracter\u00edsticas                <!--<\/span>-->\n\n            <\/a>\n            <\/h3>\n\n\n            <\/li>\n                    <li>\n            <h3 class=\"mkd-tab-title\">\n            <a href=\"#tab-especificacoes\">\n                <span class=\"mkd-icon-frame\"><\/span>\n\n                <!--<span class=\"mkd-advanced-tab-text-after-icon\">-->\n                Especifica\u00e7\u00f5es                <!--<\/span>-->\n\n            <\/a>\n            <\/h3>\n\n\n            <\/li>\n                    <li>\n            <h3 class=\"mkd-tab-title\">\n            <a href=\"#tab-video\">\n                <span class=\"mkd-icon-frame\"><\/span>\n\n                <!--<span class=\"mkd-advanced-tab-text-after-icon\">-->\n                V\u00cdDEO                <!--<\/span>-->\n\n            <\/a>\n            <\/h3>\n\n\n            <\/li>\n                    <li>\n            <h3 class=\"mkd-tab-title\">\n            <a href=\"#tab-ficha-de-dados\">\n                <span class=\"mkd-icon-frame\"><\/span>\n\n                <!--<span class=\"mkd-advanced-tab-text-after-icon\">-->\n                Ficha de dados                <!--<\/span>-->\n\n            <\/a>\n            <\/h3>\n\n\n            <\/li>\n            <\/ul><!-- .mkd-tabs-nav -->\n\n    <div class=\"mkd-tab-container\" id=\"tab-caracteristicas-462\" >[vc_column_text]As caracter\u00edsticas e capacidades da esmerilhadora de trilhos especiais Loram RGS incluem:<\/p>\n<ul>\n<li>Motores de 30 cv (22 kW) l\u00edderes no setor para a mais eficiente remo\u00e7\u00e3o de metal, otimiza o tempo de esmerilhamento e reduz os custos<\/li>\n<li>Capacidade de variar o acabamento da superf\u00edcie atrav\u00e9s de redu\u00e7\u00f5es de pot\u00eancia vari\u00e1veis para motores de esmerilhamento<\/li>\n<li>M\u00f3dulos independentes de inclina\u00e7\u00e3o e deslocamento para cobertura completa das passagens de esmerilhamento<\/li>\n<li>Armazenamento para at\u00e9 100 padr\u00f5es de esmerilhamento com 72 ajustes de \u00e2ngulo<\/li>\n<li>As m\u00e1quinas podem ser rapidamente unidas para criar uma esmerilhadora de 48 rebolos<\/li>\n<li>Alta efici\u00eancia de combust\u00edvel e baixas emiss\u00f5es<\/li>\n<li>Fluido hidr\u00e1ulico resistente a chamas<\/li>\n<li>Prote\u00e7\u00f5es integrais contra fa\u00edscas e tanque de \u00e1gua de 4.500 gal (17.500 L) para combate a inc\u00eandio<\/li>\n<\/ul>\n<p>[\/vc_column_text]<\/div><div class=\"mkd-tab-container\" id=\"tab-especificacoes-833\" >[vc_column_text]<\/p>\n<table style=\"border-collapse: collapse; width: 100%; height: 387px;\">\n<tbody>\n<tr style=\"height: 24px;\">\n<td style=\"width: 50%; height: 24px;\"><\/td>\n<td style=\"width: 50%; height: 24px;\">ESMERILHADORA DE TRILHO ESPECIAL S\u00c9RIE RGS<\/td>\n<\/tr>\n<tr style=\"height: 27px;\">\n<td style=\"width: 50%; height: 27px;\">Comprimento<sup>1<\/sup><\/td>\n<td style=\"width: 50%; height: 27px;\">135 p\u00e9s (41,2 m)<\/td>\n<\/tr>\n<tr style=\"height: 24px;\">\n<td style=\"width: 50%; height: 24px;\">Largura<\/td>\n<td style=\"width: 50%; height: 24px;\">9,8 p\u00e9s (3 m)<\/td>\n<\/tr>\n<tr style=\"height: 24px;\">\n<td style=\"width: 50%; height: 24px;\">Altura<\/td>\n<td style=\"width: 50%; height: 24px;\">14,1 p\u00e9s (4,3 m)<\/td>\n<\/tr>\n<tr style=\"height: 24px;\">\n<td style=\"width: 50%; height: 24px;\">Peso m\u00e1ximo do eixo<sup>1<\/sup><\/td>\n<td style=\"width: 50%; height: 24px;\">23,0 &#8211; 30 tons<\/td>\n<\/tr>\n<tr style=\"height: 24px;\">\n<td style=\"width: 50%; height: 24px;\">Motores de esmerilhamento<\/td>\n<td style=\"width: 50%; height: 24px;\">24; 30 hp (23 kW) cada<\/td>\n<\/tr>\n<tr style=\"height: 24px;\">\n<td style=\"width: 50%; height: 24px;\">Velocidade de Esmerilhamento<\/td>\n<td style=\"width: 50%; height: 24px;\">2 \u2013 12 mph (3 &#8211; 20 km\/h)<\/td>\n<\/tr>\n<tr style=\"height: 24px;\">\n<td style=\"width: 50%; height: 24px;\">Velocidade de Deslocamento<\/td>\n<td style=\"width: 50%; height: 24px;\">Autopropuls\u00e3o at\u00e9 100 km\/h (60 mph)<\/td>\n<\/tr>\n<tr style=\"height: 24px;\">\n<td style=\"width: 50%; height: 24px;\">Gradabilidade<\/td>\n<td style=\"width: 50%; height: 24px;\">At\u00e9 4%<\/td>\n<\/tr>\n<tr style=\"height: 24px;\">\n<td style=\"width: 50%; height: 24px;\">Raio m\u00ednimo de esmerilhamento<\/td>\n<td style=\"width: 50%; height: 24px;\">Curva de 16\u00b0 (raio de 110 m)<\/td>\n<\/tr>\n<tr style=\"height: 24px;\">\n<td style=\"width: 50%; height: 24px;\">Raio m\u00ednimo de deslocamento<\/td>\n<td style=\"width: 50%; height: 24px;\">Curva de 22\u00b0 (raio de 80 m)<\/td>\n<\/tr>\n<tr style=\"height: 24px;\">\n<td style=\"width: 50%; height: 24px;\">\u00c2ngulos de esmerilhamento<\/td>\n<td style=\"width: 50%; height: 24px;\">Bitola 75\u00b0 &#8211; 25\u00b0 Campo (alcance de 100\u00b0); cobertura at\u00e9 45\u00b0 Campo<\/td>\n<\/tr>\n<tr style=\"height: 24px;\">\n<td style=\"width: 50%; height: 24px;\">Pot\u00eancia do Gerador<\/td>\n<td style=\"width: 50%; height: 24px;\">At\u00e9 945 kw, 480 Vac\/60 Hz, 3 ph<\/td>\n<\/tr>\n<tr style=\"height: 24px;\">\n<td style=\"width: 50%; height: 24px;\">Capacidade de combust\u00edvel<sup>1<\/sup><\/td>\n<td style=\"width: 50%; height: 24px;\">At\u00e9 1.500 gal (5.700 L)<\/td>\n<\/tr>\n<tr style=\"height: 24px;\">\n<td style=\"width: 50%; height: 24px;\">Capacidade de \u00c1gua<sup>1<\/sup><\/td>\n<td style=\"width: 50%; height: 24px;\">At\u00e9 4.500 gal (17.500 L)<\/td>\n<\/tr>\n<tr style=\"height: 24px;\">\n<td style=\"width: 50%; height: 24px;\">Bitola do trilho<\/td>\n<td style=\"width: 50%; height: 24px;\">39,4 \u2013 63 pol. (1.000 &#8211; 1.600 mm)<\/td>\n<\/tr>\n<\/tbody>\n<\/table>\n<p><sup>1<\/sup> Excluindo Vag\u00f5es auxiliares<br \/>\n<sup>2<\/sup> T\u00edpico; sujeito \u00e0 aplica\u00e7\u00e3o e condi\u00e7\u00f5es materiais<br \/>\n<em>Especifica\u00e7\u00f5es sujeitas a altera\u00e7\u00f5es<\/em>[\/vc_column_text]<\/div><div class=\"mkd-tab-container\" id=\"tab-video-19\" >[vc_video link=&#8221;https:\/\/vimeo.com\/573099417&#8243;]<\/div><div class=\"mkd-tab-container\" id=\"tab-ficha-de-dados-276\" >[vc_single_image image=&#8221;19592&#8243; img_size=&#8221;spec&#8221; onclick=&#8221;custom_link&#8221; img_link_target=&#8221;_blank&#8221; css=&#8221;&#8221; link=&#8221;https:\/\/loram.com\/wp-content\/uploads\/RGS-SpecSheet-v3_12-21-INTL_PT-BR_digital.pdf&#8221;][vc_column_text]Ficha de especifica\u00e7\u00f5es[\/vc_column_text]<\/div><\/div>[vc_gallery interval=&#8221;3&#8243; images=&#8221;7095,7077,7078&#8243; img_size=&#8221;1800&#215;900&#8243; css=&#8221;.vc_custom_1629387351439{margin-top: 2rem !important;}&#8221;][\/vc_column][\/vc_row][vc_row css=&#8221;.vc_custom_1629387325097{margin-top: 0px !important;margin-bottom: 0px !important;padding-top: 0px !important;padding-bottom: 0px !important;}&#8221;][vc_column]<div class=\"mkd-elements-holder mkd-responsive-mode-768\" ><div class=\"mkd-elements-holder-item \"  >\n\t<div class=\"mkd-elements-holder-item-inner\">\n\t\t<div class=\"mkd-elements-holder-item-content mkd-elements-holder-custom-771000\" >\n\t\t\t\t\t\t[vc_empty_space height=&#8221;0&#8243;]\t\t<\/div>\n\t<\/div>\n<\/div><\/div>[\/vc_column][\/vc_row]<\/p>\n<\/div>","protected":false},"excerpt":{"rendered":"<p>[vc_row content_width=&#8221;grid&#8221;][vc_column width=&#8221;1\/4&#8243;][vc_widget_sidebar sidebar_id=&#8221;sidebar&#8221;][\/vc_column][vc_column width=&#8221;3\/4&#8243;][vc_column_text] A escolha mais produtiva para esmerilhamento especial. Constru\u00edda sobre a plataforma comprovada RG400, a esmerilhadora especializada de trilhos RGS da Loram apresenta 24 rebolos acionados&#8230;<\/p>\n","protected":false},"author":3,"featured_media":0,"parent":6519,"menu_order":0,"comment_status":"closed","ping_status":"closed","template":"template-single-product.php","meta":{"footnotes":""},"class_list":["post-6520","page","type-page","status-publish","hentry"],"_links":{"self":[{"href":"https:\/\/loram.com\/pt-br\/wp-json\/wp\/v2\/pages\/6520","targetHints":{"allow":["GET"]}}],"collection":[{"href":"https:\/\/loram.com\/pt-br\/wp-json\/wp\/v2\/pages"}],"about":[{"href":"https:\/\/loram.com\/pt-br\/wp-json\/wp\/v2\/types\/page"}],"author":[{"embeddable":true,"href":"https:\/\/loram.com\/pt-br\/wp-json\/wp\/v2\/users\/3"}],"replies":[{"embeddable":true,"href":"https:\/\/loram.com\/pt-br\/wp-json\/wp\/v2\/comments?post=6520"}],"version-history":[{"count":6,"href":"https:\/\/loram.com\/pt-br\/wp-json\/wp\/v2\/pages\/6520\/revisions"}],"predecessor-version":[{"id":19600,"href":"https:\/\/loram.com\/pt-br\/wp-json\/wp\/v2\/pages\/6520\/revisions\/19600"}],"up":[{"embeddable":true,"href":"https:\/\/loram.com\/pt-br\/wp-json\/wp\/v2\/pages\/6519"}],"wp:attachment":[{"href":"https:\/\/loram.com\/pt-br\/wp-json\/wp\/v2\/media?parent=6520"}],"curies":[{"name":"wp","href":"https:\/\/api.w.org\/{rel}","templated":true}]}}