{"id":6519,"date":"2021-12-02T15:59:29","date_gmt":"2021-12-02T21:59:29","guid":{"rendered":"https:\/\/loram.com\/?page_id=6519"},"modified":"2021-12-16T15:45:35","modified_gmt":"2021-12-16T21:45:35","slug":"specialty-rail-grinding","status":"publish","type":"page","link":"https:\/\/loram.com\/pt-br\/maintenance-of-way\/rail-grinding\/specialty-rail-grinding\/","title":{"rendered":"Esmerilhamento De Trilhos Especializado"},"content":{"rendered":"<div class=\"wpb-content-wrapper\"><p>[vc_row content_width=&#8221;grid&#8221; css=&#8221;.vc_custom_1623767783918{margin-top: 0px !important;margin-bottom: 4rem !important;}&#8221;][vc_column width=&#8221;1\/4&#8243;][vc_widget_sidebar sidebar_id=&#8221;sidebar&#8221;][\/vc_column][vc_column width=&#8221;3\/4&#8243;][vc_column_text]<\/p>\n<h2>Esmerilhamento de trilhos de comutador e cruzamento<\/h2>\n<p>As altas tens\u00f5es de contato e as for\u00e7as din\u00e2micas vistas em obras de via especiais apresentam desafios \u00fanicos de manuten\u00e7\u00e3o. As ferrovias investem anualmente recursos consider\u00e1veis para manter e renovar as linhas f\u00e9rreas especiais em suas redes ferrovi\u00e1rias. O esmerilhamento especial de trilhos proporciona um meio de controlar as caracter\u00edsticas de desgaste dos trilhos em obras especiais de via, ao mesmo tempo em que mitiga a extens\u00e3o de defeitos. Para produzir esmerilhadoras de trilhos especiais superiores, a Loram combinou o projeto altamente produtivo de suas esmerilhadoras de trilhos de produ\u00e7\u00e3o com maior flexibilidade de m\u00f3dulos e sistemas de controle responsivos. As esmerilhadoras de trilhos especiais da Loram podem esmerilhar trilhos tangentes e curvos com a mesma qualidade das de produ\u00e7\u00e3o, mas seu verdadeiro valor est\u00e1 em sua versatilidade e precis\u00e3o para esmerilhar comutadores, cruzamentos e outras obras especiais de via. Como a manuten\u00e7\u00e3o de comutadores \u00e9 um grande custo para qualquer ferrovia, as esmerilhadoras ferrovi\u00e1rias especiais da Loram oferecem benef\u00edcios de custo inigual\u00e1veis no setor para preservar a vida \u00fatil dos trilhos especiais.<\/p>\n<p>O esmerilhamento de trilhos de comutadores, cruzamentos e outras obras especiais exige equipamento especializado, preciso e com maior flexibilidade. Por mais de tr\u00eas d\u00e9cadas, as esmerilhadoras de trilhos especiais da Loram t\u00eam demonstrado alta produtividade e capacidades superiores que otimizam a sa\u00fade e a vida \u00fatil das obras de via especiais, levando a custos de ciclo de vida mais baixos.<\/p>\n<h3>Benef\u00edcios e caracter\u00edsticas do esmerilhamento de trilhos especiais<\/h3>\n<p>O equipamento especial de esmerilhamento de trilhos da Loram \u00e9 projetado especificamente para dominar os desafios de manuten\u00e7\u00e3o de estruturas ferrovi\u00e1rias complexas. A Loram \u00e9 capaz de oferecer a flexibilidade, desempenho e efici\u00eancia de que voc\u00ea precisa ao mesmo tempo em que garante uma opera\u00e7\u00e3o confi\u00e1vel e segura.[\/vc_column_text]<div class=\"mkd-elements-holder mkd-two-columns mkd-responsive-mode-768\" ><div class=\"mkd-elements-holder-item \"  >\n\t<div class=\"mkd-elements-holder-item-inner\">\n\t\t<div class=\"mkd-elements-holder-item-content mkd-elements-holder-custom-602504\" >\n\t\t\t\t\t\t[vc_column_text]Os benef\u00edcios do esmerilhamento de trilhos especiais incluem:<\/p>\n<ul>\n<li>Prolongamento da vida \u00fatil dos componentes da via e dos trilhos especiais<\/li>\n<li>Restaura\u00e7\u00e3o do perfil do boleto do trilho para otimizar a intera\u00e7\u00e3o roda\/trilho<\/li>\n<li>Remo\u00e7\u00e3o do desgaste de contato de rolamento para mitigar defeitos<\/li>\n<li>Melhora da opera\u00e7\u00e3o do comutador, incluindo a redu\u00e7\u00e3o da eleva\u00e7\u00e3o da roda<\/li>\n<li>Redu\u00e7\u00e3o das for\u00e7as laterais sobre o trilho<\/li>\n<\/ul>\n<p>[\/vc_column_text]\t\t<\/div>\n\t<\/div>\n<\/div><div class=\"mkd-elements-holder-item \"  >\n\t<div class=\"mkd-elements-holder-item-inner\">\n\t\t<div class=\"mkd-elements-holder-item-content mkd-elements-holder-custom-150757\" >\n\t\t\t\t\t\t[vc_column_text]As solu\u00e7\u00f5es de esmerilhamento de trilhos especiais da Loram oferecem:<\/p>\n<ul>\n<li>Quatro plataformas de m\u00e1quinas diferentes (RGS, C44, RGI e L-Series)<\/li>\n<li>Configura\u00e7\u00f5es de m\u00e1quina de 4 a 48 rebolos<\/li>\n<li>Motores de esmerilhamento de 30 cv de alta pot\u00eancia, l\u00edderes na ind\u00fastria<\/li>\n<li>Sistemas avan\u00e7ados de controle para remo\u00e7\u00e3o de metal com precis\u00e3o<\/li>\n<li>Diferentes tipos de rebolo para atender \u00e0s necessidades de remo\u00e7\u00e3o de metal e de acabamento da superf\u00edcie, sob medida para cada aplica\u00e7\u00e3o<\/li>\n<\/ul>\n<p>[\/vc_column_text]\t\t<\/div>\n\t<\/div>\n<\/div><\/div>[\/vc_column][\/vc_row][vc_row content_width=&#8221;grid&#8221; css=&#8221;.vc_custom_1623794254962{background-color: #000000 !important;}&#8221; el_class=&#8221;black-bar&#8221;][vc_column css=&#8221;.vc_custom_1626807588713{padding-top: 0.5rem !important;padding-right: 0px !important;padding-bottom: 1rem !important;}&#8221;]<div class=\"mkd-elements-holder mkd-responsive-mode-768\" ><div class=\"mkd-elements-holder-item \"  >\n\t<div class=\"mkd-elements-holder-item-inner\">\n\t\t<div class=\"mkd-elements-holder-item-content mkd-elements-holder-custom-164528\" >\n\t\t\t\t\t\t[vc_column_text el_class=&#8221;sub-cat-landing-title-bar&#8221;]PLATAFORMAS DE ESMERILHAMENTO DE TRILHO ESPECIAL DA LORAM[\/vc_column_text]\t\t<\/div>\n\t<\/div>\n<\/div><\/div>[\/vc_column][\/vc_row][vc_row content_width=&#8221;grid&#8221; css=&#8221;.vc_custom_1624482185876{padding-top: 3rem !important;padding-bottom: 1rem !important;background-color: #e5e5e5 !important;}&#8221; el_class=&#8221;subcategory-product-listing&#8221;][vc_column]<div class=\"mkd-elements-holder mkd-two-columns mkd-responsive-mode-768\" ><div class=\"mkd-elements-holder-item mkd-fade-in lazyload\" data-animation=\"mkd-fade-in\" style=\"background-image:inherit\" data-bg-image=\"url(https:\/\/loram.com\/wp-content\/uploads\/rgs-rail-grinder.jpg)\">\n\t<div class=\"mkd-elements-holder-item-inner\">\n\t\t<div class=\"mkd-elements-holder-item-content mkd-elements-holder-custom-376903\" style=\"padding: 0 0 0 0\">\n\t\t\t\t\t\t[vc_empty_space height=&#8221;348px&#8221;]\t\t<\/div>\n\t<\/div>\n<\/div><div class=\"mkd-elements-holder-item mkd-fade-in\" data-animation=\"mkd-fade-in\" >\n\t<div class=\"mkd-elements-holder-item-inner\">\n\t\t<div class=\"mkd-elements-holder-item-content mkd-elements-holder-custom-255240\" style=\"padding: 2rem 4rem 3.5rem 4rem\">\n\t\t\t\t\t\t<div class=\"mkd-st \">\n    <div class=\"mkd-st-inner\">\n        <div class=\"mkd-st-title-holder\">\n            <h2 class=\"mkd-st-title\">\n            <span>Esmerilhadora de trilhos S\u00e9rie RGS<\/span>\n        <\/h2>\n    <\/div>\n\n    \n    <div class=\"mkd-st-text-holder\" >\n        <span class=\"mkd-st-text-text\">Constru\u00edda sobre a plataforma comprovada RG400, a esmerilhadora especializada de trilhos RGS da Loram apresenta 24 rebolos acionados por motores el\u00e9tricos de 30 HP, alcan\u00e7ando remo\u00e7\u00e3o de metal, produtividade e rendimento l\u00edderes da categoria.<\/span>\n    <\/div>\n<\/div>\n<\/div>[vc_empty_space height=&#8221;24px&#8221;]<a itemprop=\"url\" href=\"\/pt-br\/maintenance-of-way\/rail-grinding\/specialty-rail-grinding\/rgs\/\" target=\"_self\"  class=\"mkd-btn mkd-btn-medium mkd-btn-solid\"  >\n    <span class=\"mkd-btn-text\">Saiba mais<\/span>\n    <\/a>\t\t<\/div>\n\t<\/div>\n<\/div><\/div>[\/vc_column][\/vc_row][vc_row content_width=&#8221;grid&#8221; css=&#8221;.vc_custom_1624482193122{padding-top: 1rem !important;padding-bottom: 3rem !important;background-color: #e5e5e5 !important;}&#8221; el_class=&#8221;subcategory-product-listing&#8221;][vc_column]<div class=\"mkd-elements-holder mkd-two-columns mkd-responsive-mode-768\" ><div class=\"mkd-elements-holder-item mkd-fade-in lazyload\" data-animation=\"mkd-fade-in\" style=\"background-image:inherit\" data-bg-image=\"url(https:\/\/loram.com\/wp-content\/uploads\/rgt-product-page.jpg)\">\n\t<div class=\"mkd-elements-holder-item-inner\">\n\t\t<div class=\"mkd-elements-holder-item-content mkd-elements-holder-custom-870865\" style=\"padding: 0 0 0 0\">\n\t\t\t\t\t\t[vc_empty_space height=&#8221;348px&#8221;]\t\t<\/div>\n\t<\/div>\n<\/div><div class=\"mkd-elements-holder-item mkd-fade-in\" data-animation=\"mkd-fade-in\" >\n\t<div class=\"mkd-elements-holder-item-inner\">\n\t\t<div class=\"mkd-elements-holder-item-content mkd-elements-holder-custom-570694\" style=\"padding: 2rem 4rem 3.5rem 4rem\">\n\t\t\t\t\t\t<div class=\"mkd-st \">\n    <div class=\"mkd-st-inner\">\n        <div class=\"mkd-st-title-holder\">\n            <h2 class=\"mkd-st-title\">\n            <span>Esmerilhadora de trilhos RGT Quick-Deploy<\/span>\n        <\/h2>\n    <\/div>\n\n    \n    <div class=\"mkd-st-text-holder\" >\n        <span class=\"mkd-st-text-text\">A esmerilhadora de trilhos Loram RGT Quick-Deploy \u00e9 uma esmerilhadora de 5\u00aa roda com certifica\u00e7\u00e3o DOT equipada com terra-trilho, capaz de se deslocar em praticamente qualquer estrada da Am\u00e9rica do Norte sem a necessidade de autoriza\u00e7\u00f5es especiais.<\/span>\n    <\/div>\n<\/div>\n<\/div>[vc_empty_space height=&#8221;24px&#8221;]<a itemprop=\"url\" href=\"\/pt-br\/maintenance-of-way\/rail-grinding\/specialty-rail-grinding\/rgt-quick-deploy-rail-grinder\/\" target=\"_self\"  class=\"mkd-btn mkd-btn-medium mkd-btn-solid\"  >\n    <span class=\"mkd-btn-text\">Saiba mais<\/span>\n    <\/a>\t\t<\/div>\n\t<\/div>\n<\/div><\/div>[\/vc_column][\/vc_row][vc_row content_width=&#8221;grid&#8221; css=&#8221;.vc_custom_1623260947677{margin-top: 3rem !important;margin-bottom: 3rem !important;}&#8221;][vc_column]<div class=\"mkd-elements-holder mkd-responsive-mode-768\" ><div class=\"mkd-elements-holder-item \"  >\n\t<div class=\"mkd-elements-holder-item-inner\">\n\t\t<div class=\"mkd-elements-holder-item-content mkd-elements-holder-custom-192703\" >\n\t\t\t\t\t\t[vc_column_text el_class=&#8221;landing-contract-services&#8221;]<\/p>\n<h2>Servi\u00e7os Contratuais Da Loram<\/h2>\n<h3>O equipamento certo para o trabalho<\/h3>\n<p>O equipamento especial de esmerilhamento de trilhos da Loram \u00e9 projetado especificamente para dominar os desafios de manuten\u00e7\u00e3o de estruturas ferrovi\u00e1rias complexas. A Loram \u00e9 capaz de oferecer a flexibilidade, desempenho e efici\u00eancia de que voc\u00ea precisa ao mesmo tempo em que garante uma opera\u00e7\u00e3o confi\u00e1vel e segura.[\/vc_column_text]\t\t<\/div>\n\t<\/div>\n<\/div><\/div>[\/vc_column][\/vc_row][vc_row content_width=&#8221;grid&#8221; content_aligment=&#8221;center&#8221; el_class=&#8221;learn-how-we-help&#8221; css=&#8221;.vc_custom_1623766422262{margin-top: 2rem !important;margin-bottom: 3rem !important;padding-right: 0px !important;padding-left: 0px !important;background-image: url(https:\/\/loram.com\/wp-content\/uploads\/learn-how-we-can-help.jpg?id=3598) !important;background-position: center !important;background-repeat: no-repeat !important;background-size: cover !important;}&#8221;][vc_column css=&#8221;.vc_custom_1623260528726{padding-top: 6rem !important;padding-right: 0px !important;padding-bottom: 3rem !important;padding-left: 0px !important;}&#8221;]<div class=\"mkd-elements-holder mkd-responsive-mode-768\" ><div class=\"mkd-elements-holder-item \"  >\n\t<div class=\"mkd-elements-holder-item-inner\">\n\t\t<div class=\"mkd-elements-holder-item-content mkd-elements-holder-custom-628243\" >\n\t\t\t\t\t\t<div class=\"mkd-st \">\n    <div class=\"mkd-st-inner\">\n        <div class=\"mkd-st-title-holder\">\n            <h2 class=\"mkd-st-title\">\n            <span>Saiba como podemos ajudar<\/span>\n        <\/h2>\n    <\/div>\n\n    \n    <div class=\"mkd-st-text-holder\" >\n        <span class=\"mkd-st-text-text\">Como l\u00edder global em manuten\u00e7\u00e3o de vias por mais de 50 anos, o amplo portf\u00f3lio de equipamentos e equipes altamente treinadas da Loram oferecem os melhores servi\u00e7os da categoria com desempenho e padr\u00f5es de seguran\u00e7a inigual\u00e1veis. Ligue para +1 (763) 478-6014 ou entre em contato com nossa equipe t\u00e9cnica de vendas.<\/span>\n    <\/div>\n<\/div>\n<\/div>[vc_empty_space height=&#8221;24px&#8221;]<a itemprop=\"url\" href=\"\/pt-br\/contact\/\" target=\"_self\"  class=\"mkd-btn mkd-btn-medium mkd-btn-solid\"  >\n    <span class=\"mkd-btn-text\">Vamos conversar<\/span>\n    <\/a>\t\t<\/div>\n\t<\/div>\n<\/div><\/div>[\/vc_column][\/vc_row][vc_row css=&#8221;.vc_custom_1626702126913{margin-top: 0px !important;margin-bottom: 0px !important;padding-top: 0px !important;padding-bottom: 0px !important;}&#8221;][vc_column]<div class=\"mkd-elements-holder mkd-responsive-mode-768\" ><div class=\"mkd-elements-holder-item \"  >\n\t<div class=\"mkd-elements-holder-item-inner\">\n\t\t<div class=\"mkd-elements-holder-item-content mkd-elements-holder-custom-926123\" >\n\t\t\t\t\t\t[vc_empty_space height=&#8221;0&#8243;]\t\t<\/div>\n\t<\/div>\n<\/div><\/div>[\/vc_column][\/vc_row]<\/p>\n<\/div>","protected":false},"excerpt":{"rendered":"<p>[vc_row content_width=&#8221;grid&#8221; css=&#8221;.vc_custom_1623767783918{margin-top: 0px !important;margin-bottom: 4rem !important;}&#8221;][vc_column width=&#8221;1\/4&#8243;][vc_widget_sidebar sidebar_id=&#8221;sidebar&#8221;][\/vc_column][vc_column width=&#8221;3\/4&#8243;][vc_column_text] Esmerilhamento de trilhos de comutador e cruzamento As altas tens\u00f5es de contato e as for\u00e7as din\u00e2micas vistas em obras de&#8230;<\/p>\n","protected":false},"author":3,"featured_media":0,"parent":6515,"menu_order":0,"comment_status":"closed","ping_status":"closed","template":"template-subcategory.php","meta":{"footnotes":""},"class_list":["post-6519","page","type-page","status-publish","hentry"],"_links":{"self":[{"href":"https:\/\/loram.com\/pt-br\/wp-json\/wp\/v2\/pages\/6519","targetHints":{"allow":["GET"]}}],"collection":[{"href":"https:\/\/loram.com\/pt-br\/wp-json\/wp\/v2\/pages"}],"about":[{"href":"https:\/\/loram.com\/pt-br\/wp-json\/wp\/v2\/types\/page"}],"author":[{"embeddable":true,"href":"https:\/\/loram.com\/pt-br\/wp-json\/wp\/v2\/users\/3"}],"replies":[{"embeddable":true,"href":"https:\/\/loram.com\/pt-br\/wp-json\/wp\/v2\/comments?post=6519"}],"version-history":[{"count":5,"href":"https:\/\/loram.com\/pt-br\/wp-json\/wp\/v2\/pages\/6519\/revisions"}],"predecessor-version":[{"id":7791,"href":"https:\/\/loram.com\/pt-br\/wp-json\/wp\/v2\/pages\/6519\/revisions\/7791"}],"up":[{"embeddable":true,"href":"https:\/\/loram.com\/pt-br\/wp-json\/wp\/v2\/pages\/6515"}],"wp:attachment":[{"href":"https:\/\/loram.com\/pt-br\/wp-json\/wp\/v2\/media?parent=6519"}],"curies":[{"name":"wp","href":"https:\/\/api.w.org\/{rel}","templated":true}]}}