{"id":6518,"date":"2021-12-02T15:59:24","date_gmt":"2021-12-02T21:59:24","guid":{"rendered":"https:\/\/loram.com\/?page_id=6518"},"modified":"2024-08-30T11:02:56","modified_gmt":"2024-08-30T16:02:56","slug":"rgi","status":"publish","type":"page","link":"https:\/\/loram.com\/pt-br\/maintenance-of-way\/rail-grinding\/production-rail-grinding\/rgi\/","title":{"rendered":"RGI"},"content":{"rendered":"<div class=\"wpb-content-wrapper\"><p>[vc_row content_width=&#8221;grid&#8221;][vc_column width=&#8221;1\/4&#8243;][vc_widget_sidebar sidebar_id=&#8221;sidebar&#8221;][\/vc_column][vc_column width=&#8221;3\/4&#8243;][vc_column_text]<\/p>\n<h3>Mais precis\u00e3o. O dobro de produtividade.<\/h3>\n<p>A Esmerilhadora para trilhos Loram S\u00e9rie RGI apresenta potentes motores el\u00e9tricos de 30 cv, proporcionando os mesmos altos n\u00edveis de produtividade encontrados na S\u00e9rie RG400, mas em uma \u00e1rea de plataforma reduzida, projetada para os espa\u00e7amentos da maioria das linhas de trem metropolitano e de carga europeias.<\/p>\n<p>Enquanto constru\u00edda para o esmerilhamento de trilhos de produ\u00e7\u00e3o, incluindo o cumprimento dos padr\u00f5es de qualidade de esmerilhamento EN13231 exigidos para trilhos de alta velocidade, a RGI oferece a precis\u00e3o e a versatilidade necess\u00e1rias para funcionar como uma esmerilhadora de trilhos especial. Desde as exig\u00eancias de esmerilhamento de trilhos corretivos e especiais at\u00e9 sistemas ferrovi\u00e1rios com programas preventivos totalmente desenvolvidos, a s\u00e9rie RGI oferece versatilidade e precis\u00e3o extraordin\u00e1rias. A RGI restaura efetivamente o perfil adequado do trilho, elimina o corrugamento e remove defeitos nas superf\u00edcies.[\/vc_column_text][vc_empty_space height=&#8221;45px&#8221;]<div class=\"mkd-tabs mkd-horizontal-tab variable mkd-column-3 clearfix\">\n    <ul class=\"mkd-tabs-nav\">\n                    <li>\n            <h3 class=\"mkd-tab-title\">\n            <a href=\"#tab-caracteristicas\">\n                <span class=\"mkd-icon-frame\"><\/span>\n\n                <!--<span class=\"mkd-advanced-tab-text-after-icon\">-->\n                Caracter\u00edsticas                <!--<\/span>-->\n\n            <\/a>\n            <\/h3>\n\n\n            <\/li>\n                    <li>\n            <h3 class=\"mkd-tab-title\">\n            <a href=\"#tab-especificacoes\">\n                <span class=\"mkd-icon-frame\"><\/span>\n\n                <!--<span class=\"mkd-advanced-tab-text-after-icon\">-->\n                Especifica\u00e7\u00f5es                <!--<\/span>-->\n\n            <\/a>\n            <\/h3>\n\n\n            <\/li>\n                    <li>\n            <h3 class=\"mkd-tab-title\">\n            <a href=\"#tab-ficha-de-dados\">\n                <span class=\"mkd-icon-frame\"><\/span>\n\n                <!--<span class=\"mkd-advanced-tab-text-after-icon\">-->\n                Ficha de dados                <!--<\/span>-->\n\n            <\/a>\n            <\/h3>\n\n\n            <\/li>\n            <\/ul><!-- .mkd-tabs-nav -->\n\n    <div class=\"mkd-tab-container\" id=\"tab-caracteristicas-882\" >[vc_column_text]A esmerilhadora de trilhos da s\u00e9rie RGI oferece:<\/p>\n<ul>\n<li>Esmerilhamento de trilhos de alto desempenho em ambientes com folga, raio de curva e peso restritos<\/li>\n<li>Motores el\u00e9tricos de 30 cv (22 kW) l\u00edderes da ind\u00fastria para a mais eficiente remo\u00e7\u00e3o de metal, otimiza o tempo de esmerilhamento e reduz os custos<\/li>\n<li>As m\u00e1quinas podem ser rapidamente unidas para expandir o seu tamanho geral e o desempenho em determinadas configura\u00e7\u00f5es<\/li>\n<li>M\u00f3dulos independentes de inclina\u00e7\u00e3o e deslocamento para cobertura completa das passagens de esmerilhamento<\/li>\n<li>Projetado para atender \u00e0s especifica\u00e7\u00f5es, pesos e espa\u00e7amentos UIC<\/li>\n<li>Uma solu\u00e7\u00e3o robusta de esmerilhamento de trilhos de produ\u00e7\u00e3o com a capacidade de realizar esmerilhamento especial de trilhos.<\/li>\n<li>Cargas por eixo entre 22,5 e 25 toneladas<\/li>\n<li>Fluido hidr\u00e1ulico resistente a chamas<\/li>\n<\/ul>\n<p>[\/vc_column_text]<\/div><div class=\"mkd-tab-container\" id=\"tab-especificacoes-865\" >[vc_column_text]<\/p>\n<table style=\"border-collapse: collapse; width: 100%; height: 435px;\">\n<tbody>\n<tr style=\"height: 24px;\">\n<td style=\"width: 50%; height: 24px;\"><\/td>\n<td style=\"width: 50%; height: 24px;\">ESMERILHADORA DE TRILHOS S\u00c9RIE RGI<\/td>\n<\/tr>\n<tr style=\"height: 27px;\">\n<td style=\"width: 50%; height: 27px;\">Comprimento<sup>1<\/sup><\/td>\n<td style=\"width: 50%; height: 27px;\">Depende da configura\u00e7\u00e3o<\/td>\n<\/tr>\n<tr style=\"height: 24px;\">\n<td style=\"width: 50%; height: 24px;\">Largura<\/td>\n<td style=\"width: 50%; height: 24px;\">10,2 p\u00e9s (3,1 m)<\/td>\n<\/tr>\n<tr style=\"height: 24px;\">\n<td style=\"width: 50%; height: 24px;\">Altura<\/td>\n<td style=\"width: 50%; height: 24px;\">13,8 p\u00e9s (4,2 m)<\/td>\n<\/tr>\n<tr style=\"height: 24px;\">\n<td style=\"width: 50%; height: 24px;\">Peso m\u00e1ximo do eixo<sup>1<\/sup><\/td>\n<td style=\"width: 50%; height: 24px;\">At\u00e9 22,5 ton<\/td>\n<\/tr>\n<tr style=\"height: 24px;\">\n<td style=\"width: 50%; height: 24px;\">Motores de esmerilhamento<\/td>\n<td style=\"width: 50%; height: 24px;\">16 a 96; 30 hp (22,4 kw) cada<\/td>\n<\/tr>\n<tr style=\"height: 24px;\">\n<td style=\"width: 50%; height: 24px;\">Velocidade de Esmerilhamento<\/td>\n<td style=\"width: 50%; height: 24px;\">2 \u2013 12 mph (3 &#8211; 20 km\/h)<\/td>\n<\/tr>\n<tr style=\"height: 24px;\">\n<td style=\"width: 50%; height: 24px;\">Velocidade de Deslocamento<\/td>\n<td style=\"width: 50%; height: 24px;\">Autopropuls\u00e3o at\u00e9 100 km\/h (60 mph)<\/td>\n<\/tr>\n<tr style=\"height: 24px;\">\n<td style=\"width: 50%; height: 24px;\">Gradabilidade<\/td>\n<td style=\"width: 50%; height: 24px;\">At\u00e9 3%<\/td>\n<\/tr>\n<tr style=\"height: 24px;\">\n<td style=\"width: 50%; height: 24px;\">Raio m\u00ednimo de trabalho<sup>1<\/sup><\/td>\n<td style=\"width: 50%; height: 24px;\">Curva de 10\u00b0 \u2013 13\u00b0 (raio de 130 \u2013 180 m)<\/td>\n<\/tr>\n<tr style=\"height: 24px;\">\n<td style=\"width: 50%; height: 24px;\">Raio m\u00ednimo de deslocamento<\/td>\n<td style=\"width: 50%; height: 24px;\">Curva de 17\u00b0 (raio de 100 m)<\/td>\n<\/tr>\n<tr style=\"height: 24px;\">\n<td style=\"width: 50%; height: 24px;\">\u00c2ngulos de esmerilhamento<\/td>\n<td style=\"width: 50%; height: 24px;\">Bitola 70\u00b0 \u2013 30\u00b0 Campo ou bitola 75\u00b0 \u2013 25\u00b0 Campo (faixa de 100\u00b0)<\/td>\n<\/tr>\n<tr style=\"height: 24px;\">\n<td style=\"width: 50%; height: 24px;\">Pot\u00eancia do Gerador<\/td>\n<td style=\"width: 50%; height: 24px;\">At\u00e9 2,7 Mw, 480 Vac\/60 Hz, 3 ph<\/td>\n<\/tr>\n<tr style=\"height: 24px;\">\n<td style=\"width: 50%; height: 24px;\">Capacidade de combust\u00edvel<sup>1<\/sup><\/td>\n<td style=\"width: 50%; height: 24px;\">At\u00e9 3,600 gal (13,600 L)<\/td>\n<\/tr>\n<tr style=\"height: 24px;\">\n<td style=\"width: 50%; height: 24px;\">Capacidade de \u00c1gua<sup>1<\/sup><\/td>\n<td style=\"width: 50%; height: 24px;\">Depende da configura\u00e7\u00e3o<\/td>\n<\/tr>\n<tr style=\"height: 24px;\">\n<td style=\"width: 50%; height: 24px;\">Bitola do trilho<\/td>\n<td style=\"width: 50%; height: 24px;\">39,4 \u2013 63 pol. (1.000 &#8211; 1.600 mm)<\/td>\n<\/tr>\n<\/tbody>\n<\/table>\n<p><sup>1<\/sup> Excluindo Vag\u00f5es Auxiliares<br \/>\n<sup>2<\/sup> T\u00edpico; sujeito \u00e0 aplica\u00e7\u00e3o e condi\u00e7\u00f5es materiais<br \/>\n<em>Especifica\u00e7\u00f5es sujeitas a altera\u00e7\u00f5es<\/em>[\/vc_column_text]<\/div><div class=\"mkd-tab-container\" id=\"tab-ficha-de-dados-719\" >[vc_single_image image=&#8221;19574&#8243; img_size=&#8221;spec&#8221; onclick=&#8221;custom_link&#8221; img_link_target=&#8221;_blank&#8221; css=&#8221;&#8221; link=&#8221;https:\/\/loram.com\/wp-content\/uploads\/RGI-SpecSheet-v3_12-21-INTL_PT-BR_digital.pdf&#8221;][vc_column_text]Ficha de especifica\u00e7\u00f5es[\/vc_column_text]<\/div><\/div>[vc_gallery interval=&#8221;3&#8243; images=&#8221;7076,7146&#8243; img_size=&#8221;1800&#215;900&#8243; css=&#8221;.vc_custom_1629387181941{margin-top: 2rem !important;}&#8221;][\/vc_column][\/vc_row][vc_row css=&#8221;.vc_custom_1629386294542{margin-top: 0px !important;margin-bottom: 0px !important;padding-top: 0px !important;padding-bottom: 0px !important;}&#8221;][vc_column]<div class=\"mkd-elements-holder mkd-responsive-mode-768\" ><div class=\"mkd-elements-holder-item \"  >\n\t<div class=\"mkd-elements-holder-item-inner\">\n\t\t<div class=\"mkd-elements-holder-item-content mkd-elements-holder-custom-388336\" >\n\t\t\t\t\t\t[vc_empty_space height=&#8221;0&#8243;]\t\t<\/div>\n\t<\/div>\n<\/div><\/div>[\/vc_column][\/vc_row]<\/p>\n<\/div>","protected":false},"excerpt":{"rendered":"<p>[vc_row content_width=&#8221;grid&#8221;][vc_column width=&#8221;1\/4&#8243;][vc_widget_sidebar sidebar_id=&#8221;sidebar&#8221;][\/vc_column][vc_column width=&#8221;3\/4&#8243;][vc_column_text] Mais precis\u00e3o. O dobro de produtividade. A Esmerilhadora para trilhos Loram S\u00e9rie RGI apresenta potentes motores el\u00e9tricos de 30 cv, proporcionando os mesmos altos n\u00edveis&#8230;<\/p>\n","protected":false},"author":3,"featured_media":0,"parent":6514,"menu_order":0,"comment_status":"closed","ping_status":"closed","template":"template-single-product.php","meta":{"footnotes":""},"class_list":["post-6518","page","type-page","status-publish","hentry"],"_links":{"self":[{"href":"https:\/\/loram.com\/pt-br\/wp-json\/wp\/v2\/pages\/6518","targetHints":{"allow":["GET"]}}],"collection":[{"href":"https:\/\/loram.com\/pt-br\/wp-json\/wp\/v2\/pages"}],"about":[{"href":"https:\/\/loram.com\/pt-br\/wp-json\/wp\/v2\/types\/page"}],"author":[{"embeddable":true,"href":"https:\/\/loram.com\/pt-br\/wp-json\/wp\/v2\/users\/3"}],"replies":[{"embeddable":true,"href":"https:\/\/loram.com\/pt-br\/wp-json\/wp\/v2\/comments?post=6518"}],"version-history":[{"count":6,"href":"https:\/\/loram.com\/pt-br\/wp-json\/wp\/v2\/pages\/6518\/revisions"}],"predecessor-version":[{"id":19582,"href":"https:\/\/loram.com\/pt-br\/wp-json\/wp\/v2\/pages\/6518\/revisions\/19582"}],"up":[{"embeddable":true,"href":"https:\/\/loram.com\/pt-br\/wp-json\/wp\/v2\/pages\/6514"}],"wp:attachment":[{"href":"https:\/\/loram.com\/pt-br\/wp-json\/wp\/v2\/media?parent=6518"}],"curies":[{"name":"wp","href":"https:\/\/api.w.org\/{rel}","templated":true}]}}