{"id":6517,"date":"2021-12-02T15:59:19","date_gmt":"2021-12-02T21:59:19","guid":{"rendered":"https:\/\/loram.com\/?page_id=6517"},"modified":"2024-08-30T11:01:14","modified_gmt":"2024-08-30T16:01:14","slug":"rg400","status":"publish","type":"page","link":"https:\/\/loram.com\/pt-br\/maintenance-of-way\/rail-grinding\/production-rail-grinding\/rg400\/","title":{"rendered":"RG400"},"content":{"rendered":"<div class=\"wpb-content-wrapper\"><p>[vc_row content_width=&#8221;grid&#8221; css=&#8221;.vc_custom_1626988589232{margin-bottom: 3rem !important;}&#8221;][vc_column width=&#8221;1\/4&#8243;][vc_widget_sidebar sidebar_id=&#8221;sidebar&#8221;][\/vc_column][vc_column width=&#8221;3\/4&#8243;][vc_column_text]<\/p>\n<h3>Produtividade, velocidade e qualidade l\u00edderes do setor.<\/h3>\n<p>A Esmerilhadora para Trilhos de Produ\u00e7\u00e3o da S\u00e9rie RG400 \u00e9 o resultado do intenso foco da Loram nas mais recentes tecnologias para fornecer velocidade, desempenho e confiabilidade de esmerilhamento ferrovi\u00e1rio l\u00edderes da ind\u00fastria. A RG400 \u00e9 comprovada em todo o mundo como a potente esmerilhadora ferrovi\u00e1ria da Loram para transporte pesado, frete e ferrovias de transporte regional maiores. A RG400 oferece produtividade l\u00edder do setor por meio de maior pot\u00eancia dispon\u00edvel, sistemas avan\u00e7ados de controle de esmerilhamento, mais rebolos e tecnologias avan\u00e7adas de garantia de qualidade. O controle de precis\u00e3o de passagem \u00fanica e o poder de esmerilhamento da RG400 se combinam para proporcionar uma produtividade inigual\u00e1vel para programas de esmerilhamento de trilhos eficientes e preventivos de alta velocidade ou para programas intensivos de corre\u00e7\u00e3o de defeitos e restaura\u00e7\u00e3o de perfis.<\/p>\n<p>Projetada com caracter\u00edsticas que melhoram as condi\u00e7\u00f5es de trabalho e seguran\u00e7a, a RG400 permite que o pessoal se concentre na produ\u00e7\u00e3o e na qualidade. A RG400 foi projetada para proporcionar m\u00e1xima produtividade, reduzir os custos unit\u00e1rios das ferrovias, maximizar o tempo de trilho dispon\u00edvel e facilitar os programas de esmerilhamento de trilhos de produ\u00e7\u00e3o mais econ\u00f4micos.[\/vc_column_text][vc_empty_space height=&#8221;45px&#8221;]<div class=\"mkd-tabs mkd-horizontal-tab variable mkd-column-4 clearfix\">\n    <ul class=\"mkd-tabs-nav\">\n                    <li>\n            <h3 class=\"mkd-tab-title\">\n            <a href=\"#tab-caracteristicas\">\n                <span class=\"mkd-icon-frame\"><\/span>\n\n                <!--<span class=\"mkd-advanced-tab-text-after-icon\">-->\n                Caracter\u00edsticas                <!--<\/span>-->\n\n            <\/a>\n            <\/h3>\n\n\n            <\/li>\n                    <li>\n            <h3 class=\"mkd-tab-title\">\n            <a href=\"#tab-especificacoes\">\n                <span class=\"mkd-icon-frame\"><\/span>\n\n                <!--<span class=\"mkd-advanced-tab-text-after-icon\">-->\n                Especifica\u00e7\u00f5es                <!--<\/span>-->\n\n            <\/a>\n            <\/h3>\n\n\n            <\/li>\n                    <li>\n            <h3 class=\"mkd-tab-title\">\n            <a href=\"#tab-video\">\n                <span class=\"mkd-icon-frame\"><\/span>\n\n                <!--<span class=\"mkd-advanced-tab-text-after-icon\">-->\n                V\u00cdDEO                <!--<\/span>-->\n\n            <\/a>\n            <\/h3>\n\n\n            <\/li>\n                    <li>\n            <h3 class=\"mkd-tab-title\">\n            <a href=\"#tab-ficha-de-dados\">\n                <span class=\"mkd-icon-frame\"><\/span>\n\n                <!--<span class=\"mkd-advanced-tab-text-after-icon\">-->\n                Ficha de dados                <!--<\/span>-->\n\n            <\/a>\n            <\/h3>\n\n\n            <\/li>\n            <\/ul><!-- .mkd-tabs-nav -->\n\n    <div class=\"mkd-tab-container\" id=\"tab-caracteristicas-39\" >[vc_column_text]As esmerilhadeiras da s\u00e9rie RG400 oferecem tecnologias e recursos avan\u00e7ados, incluindo:<\/p>\n<ul>\n<li>Configura\u00e7\u00f5es escalon\u00e1veis de 60 a 120 rebolos para atender a qualquer necessidade ferrovi\u00e1ria<\/li>\n<li>Velocidades de esmerilhamento de at\u00e9 20 mph (32 km\/h)<\/li>\n<li>A melhor pot\u00eancia da categoria com motores el\u00e9tricos de esmerilhamento de 30 hp (22 kW)<\/li>\n<li>Sistema de controle de pot\u00eancia para remo\u00e7\u00e3o consistente de metal<\/li>\n<li>Capacidade de esmerilhamento em \u00e2ngulo profundo para todas as condi\u00e7\u00f5es de trilhos<\/li>\n<li>Lubrifica\u00e7\u00e3o autom\u00e1tica da m\u00e1quina para reduzir a manuten\u00e7\u00e3o e aumentar a precis\u00e3o<\/li>\n<li>Configur\u00e1vel de 23 a 32 toneladas de peso por eixo<\/li>\n<li>Velocidades de deslocamento de at\u00e9 60 mph (100 km\/h)<\/li>\n<li>Fluido hidr\u00e1ulico ecologicamente correto e robusto sistema de coleta de p\u00f3 de esmerilhamento<\/li>\n<li>Tecnologia avan\u00e7ada de combate a inc\u00eandio com at\u00e9 75.000 gal\u00f5es (283.900 L) de capacidade de \u00e1gua e inje\u00e7\u00e3o de espuma<\/li>\n<li>Vag\u00f5es de \u00e1gua circulantes para melhorar a seguran\u00e7a da opera\u00e7\u00e3o<\/li>\n<li>Melhor ergonomia do operador<\/li>\n<li>Sistemas de medi\u00e7\u00e3o e vis\u00e3o ferrovi\u00e1ria de \u00faltima gera\u00e7\u00e3o para verificar a qualidade do esmerilhamento<\/li>\n<li>Fluido hidr\u00e1ulico resistente a chamas<\/li>\n<li>Sistema opcional de lubrifica\u00e7\u00e3o de trilhos<\/li>\n<\/ul>\n<p>[\/vc_column_text]<\/div><div class=\"mkd-tab-container\" id=\"tab-especificacoes-720\" >[vc_column_text]<\/p>\n<table style=\"border-collapse: collapse; width: 100%; height: 396px;\">\n<tbody>\n<tr style=\"height: 24px;\">\n<td style=\"width: 50%; height: 24px;\"><\/td>\n<td style=\"width: 50%; height: 24px;\">ESMERILHADORA DE TRILHOS DE PRODU\u00c7\u00c3O RG400 DA LORAM<\/td>\n<\/tr>\n<tr style=\"height: 27px;\">\n<td style=\"width: 50%; height: 27px;\">Comprimento<sup>1<\/sup><\/td>\n<td style=\"width: 50%; height: 27px;\">500 \u2013 700 p\u00e9s (152 m \u2013 213 m)<\/td>\n<\/tr>\n<tr style=\"height: 24px;\">\n<td style=\"width: 50%; height: 24px;\">Largura<sup>1<\/sup><\/td>\n<td style=\"width: 50%; height: 24px;\">10,8 p\u00e9s (3,3 m)<\/td>\n<\/tr>\n<tr style=\"height: 24px;\">\n<td style=\"width: 50%; height: 24px;\">Altura<sup>1<\/sup><\/td>\n<td style=\"width: 50%; height: 24px;\">15,5 p\u00e9s (4,7 m)<\/td>\n<\/tr>\n<tr style=\"height: 24px;\">\n<td style=\"width: 50%; height: 24px;\">Peso m\u00e1ximo do eixo<sup>1<\/sup><\/td>\n<td style=\"width: 50%; height: 24px;\">23,0 \u2013 32,5 tons<\/td>\n<\/tr>\n<tr style=\"height: 24px;\">\n<td style=\"width: 50%; height: 24px;\">Motores de esmerilhamento<\/td>\n<td style=\"width: 50%; height: 24px;\">60 a 120; 30 hp (22,4 kw) cada<\/td>\n<\/tr>\n<tr style=\"height: 24px;\">\n<td style=\"width: 50%; height: 24px;\">Velocidade de Esmerilhamento<\/td>\n<td style=\"width: 50%; height: 24px;\">3 \u2013 20 mph (5 \u2013 32 km\/h)<\/td>\n<\/tr>\n<tr style=\"height: 24px;\">\n<td style=\"width: 50%; height: 24px;\">Velocidade de Deslocamento<\/td>\n<td style=\"width: 50%; height: 24px;\">Autopropuls\u00e3o at\u00e9 100 km\/h (60 mph)<\/td>\n<\/tr>\n<tr style=\"height: 24px;\">\n<td style=\"width: 50%; height: 24px;\">Gradabilidade<sup>1<\/sup><\/td>\n<td style=\"width: 50%; height: 24px;\">At\u00e9 4%<\/td>\n<\/tr>\n<tr style=\"height: 24px;\">\n<td style=\"width: 50%; height: 24px;\">Raio m\u00ednimo de esmerilhamento<\/td>\n<td style=\"width: 50%; height: 24px;\">Curva de 16\u00b0 (raio de 110 m)<\/td>\n<\/tr>\n<tr style=\"height: 24px;\">\n<td style=\"width: 50%; height: 24px;\">Raio m\u00ednimo de deslocamento<\/td>\n<td style=\"width: 50%; height: 24px;\">Curva de 22\u00b0 (raio de 80 m)<\/td>\n<\/tr>\n<tr style=\"height: 24px;\">\n<td style=\"width: 50%; height: 24px;\">\u00c2ngulos de esmerilhamento<\/td>\n<td style=\"width: 50%; height: 24px;\">Bitola 70\u00b0 &#8211; Campo 30\u00b0 (faixa de 100\u00b0)<\/td>\n<\/tr>\n<tr style=\"height: 27px;\">\n<td style=\"width: 50%; height: 27px;\">Energia do gerador<sup>1<\/sup><\/td>\n<td style=\"width: 50%; height: 27px;\">At\u00e9 4,3 Mw, 480 Vac\/60 Hz, 3 ph<\/td>\n<\/tr>\n<tr style=\"height: 27px;\">\n<td style=\"width: 50%; height: 27px;\">Capacidade de combust\u00edvel<sup>1<\/sup><\/td>\n<td style=\"width: 50%; height: 27px;\">At\u00e9 10.000 gal (37.900 L)<\/td>\n<\/tr>\n<tr style=\"height: 27px;\">\n<td style=\"width: 50%; height: 27px;\">Capacidade de \u00c1gua<sup>1<\/sup><\/td>\n<td style=\"width: 50%; height: 27px;\">25.000 \u2013 75.000 gal (94.700 \u2013 283.900 L)<\/td>\n<\/tr>\n<tr style=\"height: 24px;\">\n<td style=\"width: 50%; height: 24px;\">Bitola do trilho<\/td>\n<td style=\"width: 50%; height: 24px;\">39,4 \u2013 63 pol. (1.000 &#8211; 1.600 mm)<\/td>\n<\/tr>\n<\/tbody>\n<\/table>\n<p><sup>1<\/sup> Excluindo Vag\u00f5es Auxiliares<br \/>\n<sup>2<\/sup> T\u00edpico; sujeito \u00e0 aplica\u00e7\u00e3o e condi\u00e7\u00f5es materiais<br \/>\n<em>Especifica\u00e7\u00f5es sujeitas a altera\u00e7\u00f5es<\/em>[\/vc_column_text]<\/div><div class=\"mkd-tab-container\" id=\"tab-video-274\" >[vc_video link=&#8221;https:\/\/vimeo.com\/573093632&#8243;]<\/div><div class=\"mkd-tab-container\" id=\"tab-ficha-de-dados-156\" >[vc_single_image image=&#8221;19565&#8243; img_size=&#8221;spec&#8221; onclick=&#8221;custom_link&#8221; img_link_target=&#8221;_blank&#8221; css=&#8221;&#8221; link=&#8221;https:\/\/loram.com\/wp-content\/uploads\/RG400-SpecSheet-v3_12-21-INTL_PT-BR_digital.pdf&#8221;][vc_column_text]Ficha de especifica\u00e7\u00f5es[\/vc_column_text]<\/div><\/div>[vc_gallery type=&#8221;flexslider_slide&#8221; interval=&#8221;3&#8243; images=&#8221;7099,7100,7101,7102,7103,7104&#8243; img_size=&#8221;1800&#215;900&#8243; css=&#8221;.vc_custom_1629147489469{margin-top: 2rem !important;}&#8221;][\/vc_column][\/vc_row][vc_row css=&#8221;.vc_custom_1627046736650{margin-top: 0px !important;margin-bottom: 0px !important;padding-top: 0px !important;padding-bottom: 0px !important;}&#8221;][vc_column]<div class=\"mkd-elements-holder mkd-responsive-mode-768\" ><div class=\"mkd-elements-holder-item \"  >\n\t<div class=\"mkd-elements-holder-item-inner\">\n\t\t<div class=\"mkd-elements-holder-item-content mkd-elements-holder-custom-770513\" >\n\t\t\t\t\t\t[vc_empty_space height=&#8221;0&#8243;]\t\t<\/div>\n\t<\/div>\n<\/div><\/div>[\/vc_column][\/vc_row]<\/p>\n<\/div>","protected":false},"excerpt":{"rendered":"<p>[vc_row content_width=&#8221;grid&#8221; css=&#8221;.vc_custom_1626988589232{margin-bottom: 3rem !important;}&#8221;][vc_column width=&#8221;1\/4&#8243;][vc_widget_sidebar sidebar_id=&#8221;sidebar&#8221;][\/vc_column][vc_column width=&#8221;3\/4&#8243;][vc_column_text] Produtividade, velocidade e qualidade l\u00edderes do setor. A Esmerilhadora para Trilhos de Produ\u00e7\u00e3o da S\u00e9rie RG400 \u00e9 o resultado do intenso foco&#8230;<\/p>\n","protected":false},"author":3,"featured_media":0,"parent":6514,"menu_order":0,"comment_status":"closed","ping_status":"closed","template":"template-single-product.php","meta":{"footnotes":""},"class_list":["post-6517","page","type-page","status-publish","hentry"],"_links":{"self":[{"href":"https:\/\/loram.com\/pt-br\/wp-json\/wp\/v2\/pages\/6517","targetHints":{"allow":["GET"]}}],"collection":[{"href":"https:\/\/loram.com\/pt-br\/wp-json\/wp\/v2\/pages"}],"about":[{"href":"https:\/\/loram.com\/pt-br\/wp-json\/wp\/v2\/types\/page"}],"author":[{"embeddable":true,"href":"https:\/\/loram.com\/pt-br\/wp-json\/wp\/v2\/users\/3"}],"replies":[{"embeddable":true,"href":"https:\/\/loram.com\/pt-br\/wp-json\/wp\/v2\/comments?post=6517"}],"version-history":[{"count":6,"href":"https:\/\/loram.com\/pt-br\/wp-json\/wp\/v2\/pages\/6517\/revisions"}],"predecessor-version":[{"id":19573,"href":"https:\/\/loram.com\/pt-br\/wp-json\/wp\/v2\/pages\/6517\/revisions\/19573"}],"up":[{"embeddable":true,"href":"https:\/\/loram.com\/pt-br\/wp-json\/wp\/v2\/pages\/6514"}],"wp:attachment":[{"href":"https:\/\/loram.com\/pt-br\/wp-json\/wp\/v2\/media?parent=6517"}],"curies":[{"name":"wp","href":"https:\/\/api.w.org\/{rel}","templated":true}]}}