{"id":6516,"date":"2021-12-02T15:59:13","date_gmt":"2021-12-02T21:59:13","guid":{"rendered":"https:\/\/loram.com\/?page_id=6516"},"modified":"2021-12-16T07:09:37","modified_gmt":"2021-12-16T13:09:37","slug":"c44","status":"publish","type":"page","link":"https:\/\/loram.com\/pt-br\/maintenance-of-way\/rail-grinding\/production-rail-grinding\/c44\/","title":{"rendered":"C44"},"content":{"rendered":"<div class=\"wpb-content-wrapper\"><p>[vc_row content_width=&#8221;grid&#8221; css=&#8221;.vc_custom_1627332415163{margin-bottom: 1rem !important;}&#8221;][vc_column width=&#8221;1\/4&#8243;][vc_widget_sidebar sidebar_id=&#8221;sidebar&#8221;][\/vc_column][vc_column width=&#8221;3\/4&#8243;][vc_column_text]<\/p>\n<h3>Esmerilhamento de trilhos de alto desempenho para aplica\u00e7\u00f5es internacionais.<\/h3>\n<p>A Esmerilhadora para Trilhos S\u00e9rie C44 foi projetada com caracter\u00edsticas de tecnologia avan\u00e7ada que tamb\u00e9m atende a rigorosos padr\u00f5es, pesos e espa\u00e7amentos internacionais. A s\u00e9rie C44 est\u00e1 em conformidade com o diagrama de folga W6A e os pesos dos eixos das linhas de transporte e aplica\u00e7\u00f5es ferrovi\u00e1rias de carga internacionais.<\/p>\n<p>A esmerilhadora de trilhos C44 da Loram proporciona um novo perfil de alta efici\u00eancia do boleto do trilho, removendo ou reduzindo corruga\u00e7\u00f5es, corros\u00e3o, desajustes de juntas e outras irregularidades na superf\u00edcie do boleto com produtividade l\u00edder da ind\u00fastria.[\/vc_column_text][vc_empty_space height=&#8221;45px&#8221;]<div class=\"mkd-tabs mkd-horizontal-tab variable mkd-column-1 clearfix\">\n    <ul class=\"mkd-tabs-nav\">\n                    <li>\n            <h3 class=\"mkd-tab-title\">\n            <a href=\"#tab-caracteristicas\">\n                <span class=\"mkd-icon-frame\"><\/span>\n\n                <!--<span class=\"mkd-advanced-tab-text-after-icon\">-->\n                Caracter\u00edsticas                <!--<\/span>-->\n\n            <\/a>\n            <\/h3>\n\n\n            <\/li>\n            <\/ul><!-- .mkd-tabs-nav -->\n\n    <div class=\"mkd-tab-container\" id=\"tab-caracteristicas-79\" >[vc_column_text]As caracter\u00edsticas da Loram C44 incluem:<\/p>\n<ul>\n<li>Motores el\u00e9tricos de 30 cv (22 kW) l\u00edderes da ind\u00fastria para a mais eficiente remo\u00e7\u00e3o de metal, otimiza o tempo de esmerilhamento e reduz os custos<\/li>\n<li>Redu\u00e7\u00e3o da pegada da plataforma para atender \u00e0 maioria dos diagramas de espa\u00e7o livre internacionais<\/li>\n<li>Capacidade do m\u00f3dulo para esmerilhar em aplica\u00e7\u00f5es de terceiro trilho, com terceiro trilho energizado ou desenergizado<\/li>\n<li>Sistema de tra\u00e7\u00e3o de \u00faltima gera\u00e7\u00e3o com funcionalidades de velocidade e grau de deslocamento<\/li>\n<li>Desenvolvimento de software da m\u00e1quina para EN50128<\/li>\n<li>Uma solu\u00e7\u00e3o robusta de esmerilhamento de trilhos de produ\u00e7\u00e3o com a capacidade de realizar esmerilhamento de trilhos especiais<\/li>\n<li>Configura\u00e7\u00f5es de 32 ou 64 rebolos + capacidade de unir 2 configura\u00e7\u00f5es de 32 rebolos para operar como uma \u00fanica m\u00e1quina de 64 rebolos<\/li>\n<li>Peso do eixo de 22 toneladas<\/li>\n<li>M\u00f3dulos independentes de inclina\u00e7\u00e3o e deslocamento para cobertura completa das passagens de esmerilhamento<\/li>\n<li>Uma solu\u00e7\u00e3o robusta de esmerilhamento de trilhos de produ\u00e7\u00e3o com a capacidade de realizar esmerilhamento de trilhos especiais<\/li>\n<li>M\u00e1quina capaz EN13231, oferecendo padr\u00f5es de qualidade de esmerilhamento para realizar manuten\u00e7\u00e3o em trilhos de alta velocidade<\/li>\n<li>Coleta de p\u00f3 de esmerilhamento<\/li>\n<li>Tecnologia avan\u00e7ada de combate a inc\u00eandio (incluindo pulverizadores de dormente e vala, canh\u00f5es de \u00e1gua controlados remotamente e mangueira de inc\u00eandio acion\u00e1vel)<\/li>\n<li>Fluido hidr\u00e1ulico resistente a chamas<\/li>\n<\/ul>\n<p>[\/vc_column_text]<\/div><\/div>[vc_gallery interval=&#8221;3&#8243; images=&#8221;7129,7130,7131,7132,7133&#8243; img_size=&#8221;1800&#215;900&#8243;][\/vc_column][\/vc_row]<\/p>\n<\/div>","protected":false},"excerpt":{"rendered":"<p>[vc_row content_width=&#8221;grid&#8221; css=&#8221;.vc_custom_1627332415163{margin-bottom: 1rem !important;}&#8221;][vc_column width=&#8221;1\/4&#8243;][vc_widget_sidebar sidebar_id=&#8221;sidebar&#8221;][\/vc_column][vc_column width=&#8221;3\/4&#8243;][vc_column_text] Esmerilhamento de trilhos de alto desempenho para aplica\u00e7\u00f5es internacionais. A Esmerilhadora para Trilhos S\u00e9rie C44 foi projetada com caracter\u00edsticas de tecnologia avan\u00e7ada&#8230;<\/p>\n","protected":false},"author":3,"featured_media":0,"parent":6514,"menu_order":0,"comment_status":"closed","ping_status":"closed","template":"template-single-product.php","meta":{"footnotes":""},"class_list":["post-6516","page","type-page","status-publish","hentry"],"_links":{"self":[{"href":"https:\/\/loram.com\/pt-br\/wp-json\/wp\/v2\/pages\/6516","targetHints":{"allow":["GET"]}}],"collection":[{"href":"https:\/\/loram.com\/pt-br\/wp-json\/wp\/v2\/pages"}],"about":[{"href":"https:\/\/loram.com\/pt-br\/wp-json\/wp\/v2\/types\/page"}],"author":[{"embeddable":true,"href":"https:\/\/loram.com\/pt-br\/wp-json\/wp\/v2\/users\/3"}],"replies":[{"embeddable":true,"href":"https:\/\/loram.com\/pt-br\/wp-json\/wp\/v2\/comments?post=6516"}],"version-history":[{"count":4,"href":"https:\/\/loram.com\/pt-br\/wp-json\/wp\/v2\/pages\/6516\/revisions"}],"predecessor-version":[{"id":7654,"href":"https:\/\/loram.com\/pt-br\/wp-json\/wp\/v2\/pages\/6516\/revisions\/7654"}],"up":[{"embeddable":true,"href":"https:\/\/loram.com\/pt-br\/wp-json\/wp\/v2\/pages\/6514"}],"wp:attachment":[{"href":"https:\/\/loram.com\/pt-br\/wp-json\/wp\/v2\/media?parent=6516"}],"curies":[{"name":"wp","href":"https:\/\/api.w.org\/{rel}","templated":true}]}}