{"id":6515,"date":"2021-12-02T15:59:04","date_gmt":"2021-12-02T21:59:04","guid":{"rendered":"https:\/\/loram.com\/?page_id=6515"},"modified":"2021-12-16T07:05:40","modified_gmt":"2021-12-16T13:05:40","slug":"rail-grinding","status":"publish","type":"page","link":"https:\/\/loram.com\/pt-br\/maintenance-of-way\/rail-grinding\/","title":{"rendered":"ESMERILHAMENTO DE TRILHO"},"content":{"rendered":"<div class=\"wpb-content-wrapper\"><p>[vc_row content_width=&#8221;grid&#8221; css=&#8221;.vc_custom_1622550211962{margin-top: 0px !important;margin-bottom: 4rem !important;}&#8221;][vc_column width=&#8221;1\/4&#8243;][vc_widget_sidebar sidebar_id=&#8221;sidebar&#8221;][\/vc_column][vc_column width=&#8221;3\/4&#8243; el_class=&#8221;product-intro&#8221;]<div class=\"mkd-elements-holder mkd-two-columns mkd-responsive-mode-768\" ><div class=\"mkd-elements-holder-item mkd-fade-in\" data-animation=\"mkd-fade-in\" >\n\t<div class=\"mkd-elements-holder-item-inner\">\n\t\t<div class=\"mkd-elements-holder-item-content mkd-elements-holder-custom-267952\" style=\"padding: 0px 0px 0px 0px\">\n\t\t\t\t\t\t<div class=\"mkd-st mkd-content-aligment-left\">\n    <div class=\"mkd-st-inner\">\n        <div class=\"mkd-st-title-holder\">\n            <h2 class=\"mkd-st-title\">\n            <span>Prolongue a vida \u00fatil do seu trilho<\/span>\n        <\/h2>\n    <\/div>\n\n    \n    <div class=\"mkd-st-text-holder\" mkd-content-aligment-left>\n        <span class=\"mkd-st-text-text\">O esmerilhamento de trilhos \u00e9 o pilar de praticamente todos os programas de manuten\u00e7\u00e3o de ferrovias. Para maximizar a vida \u00fatil e o valor dos ativos ferrovi\u00e1rios, a remo\u00e7\u00e3o precisa do metal desgastado, a restaura\u00e7\u00e3o do perfil do boleto do trilho e a remo\u00e7\u00e3o de defeitos nos trilhos s\u00e3o os objetivos de otimiza\u00e7\u00e3o de um programa eficaz de esmerilhamento.<\/p>\n<p><\/span>\n    <\/div>\n<\/div>\n<\/div>\t\t<\/div>\n\t<\/div>\n<\/div><div class=\"mkd-elements-holder-item mkd-fade-in\" data-animation=\"mkd-fade-in\" >\n\t<div class=\"mkd-elements-holder-item-inner\">\n\t\t<div class=\"mkd-elements-holder-item-content mkd-elements-holder-custom-738011\" >\n\t\t\t\t\t\t[vc_single_image image=&#8221;7212&#8243; img_size=&#8221;large&#8221; alignment=&#8221;center&#8221;]\t\t<\/div>\n\t<\/div>\n<\/div><\/div>[\/vc_column][\/vc_row][vc_row content_width=&#8221;grid&#8221; css=&#8221;.vc_custom_1624325530908{background-color: #000000 !important;}&#8221;][vc_column css=&#8221;.vc_custom_1626796600731{padding-top: 0.5rem !important;padding-bottom: 1rem !important;}&#8221;]<div class=\"mkd-elements-holder mkd-responsive-mode-768\" ><div class=\"mkd-elements-holder-item \"  >\n\t<div class=\"mkd-elements-holder-item-inner\">\n\t\t<div class=\"mkd-elements-holder-item-content mkd-elements-holder-custom-375951\" >\n\t\t\t\t\t\t[vc_column_text el_class=&#8221;landing-title-bar&#8221;]ESMERILHAMENTO DE TRILHOS LORAM[\/vc_column_text][vc_column_text el_class=&#8221;landing-title-bar&#8221;]| PORTF\u00d3LIO DE SERVI\u00c7OS E EQUIPAMENTOS[\/vc_column_text]\t\t<\/div>\n\t<\/div>\n<\/div><\/div>[\/vc_column][\/vc_row][vc_row content_width=&#8221;grid&#8221; css=&#8221;.vc_custom_1622543804493{background-color: #323232 !important;}&#8221;][vc_column el_class=&#8221;half-image-half-gray&#8221; css=&#8221;.vc_custom_1622543828684{padding-right: 0px !important;padding-left: 0px !important;}&#8221;]<div class=\"mkd-elements-holder mkd-two-columns mkd-responsive-mode-768\" ><div class=\"mkd-elements-holder-item mkd-fade-in lazyload\" data-animation=\"mkd-fade-in\" style=\"background-image:inherit\" data-bg-image=\"url(https:\/\/loram.com\/wp-content\/uploads\/header-production-rail-grinding.jpg)\">\n\t<div class=\"mkd-elements-holder-item-inner\">\n\t\t<div class=\"mkd-elements-holder-item-content mkd-elements-holder-custom-605325\" style=\"padding: 0 0 0 0\">\n\t\t\t\t\t\t[vc_empty_space height=&#8221;348px&#8221;]\t\t<\/div>\n\t<\/div>\n<\/div><div class=\"mkd-elements-holder-item mkd-fade-in\" data-animation=\"mkd-fade-in\" >\n\t<div class=\"mkd-elements-holder-item-inner\">\n\t\t<div class=\"mkd-elements-holder-item-content mkd-elements-holder-custom-229968\" style=\"padding: 2rem 4rem 3.5rem 4rem\">\n\t\t\t\t\t\t<div class=\"mkd-st \">\n    <div class=\"mkd-st-inner\">\n        <div class=\"mkd-st-title-holder\">\n            <h2 class=\"mkd-st-title\">\n            <span>Esmerilhamento de trilhos de produ\u00e7\u00e3o<\/span>\n        <\/h2>\n    <\/div>\n\n    \n    <div class=\"mkd-st-text-holder\" >\n        <span class=\"mkd-st-text-text\">O esmerilhamento de trilhos de produ\u00e7\u00e3o fornece o meio mais ben\u00e9fico e comprovado para atingir o objetivo de prolongar a vida \u00fatil dos trilhos, ao mesmo tempo em que reduz riscos associados.<\/span>\n    <\/div>\n<\/div>\n<\/div>[vc_empty_space height=&#8221;24px&#8221;]<a itemprop=\"url\" href=\"\/pt-br\/maintenance-of-way\/rail-grinding\/production-rail-grinding\/\" target=\"_self\"  class=\"mkd-btn mkd-btn-medium mkd-btn-solid\"  >\n    <span class=\"mkd-btn-text\">Solu\u00e7\u00f5es<\/span>\n    <\/a>\t\t<\/div>\n\t<\/div>\n<\/div><\/div>[\/vc_column][\/vc_row][vc_row content_width=&#8221;grid&#8221; css=&#8221;.vc_custom_1622543804493{background-color: #323232 !important;}&#8221;][vc_column el_class=&#8221;half-image-half-gray&#8221; css=&#8221;.vc_custom_1622543828684{padding-right: 0px !important;padding-left: 0px !important;}&#8221;]<div class=\"mkd-elements-holder mkd-two-columns mkd-responsive-mode-768\" ><div class=\"mkd-elements-holder-item mkd-fade-in\" data-animation=\"mkd-fade-in\" >\n\t<div class=\"mkd-elements-holder-item-inner\">\n\t\t<div class=\"mkd-elements-holder-item-content mkd-elements-holder-custom-820085\" style=\"padding: 2rem 4rem 3.5rem 4rem\">\n\t\t\t\t\t\t<div class=\"mkd-st \">\n    <div class=\"mkd-st-inner\">\n        <div class=\"mkd-st-title-holder\">\n            <h2 class=\"mkd-st-title\">\n            <span>Esmerilhamento de trilhos especializado<\/span>\n        <\/h2>\n    <\/div>\n\n    \n    <div class=\"mkd-st-text-holder\" >\n        <span class=\"mkd-st-text-text\">O esmerilhamento de trilhos de comutadores, cruzamentos e outras obras especiais exige equipamento especializado, preciso e com maior flexibilidade.<\/span>\n    <\/div>\n<\/div>\n<\/div>[vc_empty_space height=&#8221;24px&#8221;]<a itemprop=\"url\" href=\"\/pt-br\/maintenance-of-way\/rail-grinding\/specialty-rail-grinding\/\" target=\"_self\"  class=\"mkd-btn mkd-btn-medium mkd-btn-solid\"  >\n    <span class=\"mkd-btn-text\">Solu\u00e7\u00f5es<\/span>\n    <\/a>\t\t<\/div>\n\t<\/div>\n<\/div><div class=\"mkd-elements-holder-item mkd-fade-in lazyload\" data-animation=\"mkd-fade-in\" style=\"background-image:inherit\" data-bg-image=\"url(https:\/\/loram.com\/wp-content\/uploads\/specialty-rail-grinding-header.jpg)\">\n\t<div class=\"mkd-elements-holder-item-inner\">\n\t\t<div class=\"mkd-elements-holder-item-content mkd-elements-holder-custom-290618\" style=\"padding: 0 0 0 0\">\n\t\t\t\t\t\t[vc_empty_space height=&#8221;348px&#8221;]\t\t<\/div>\n\t<\/div>\n<\/div><\/div>[\/vc_column][\/vc_row][vc_row content_width=&#8221;grid&#8221; css=&#8221;.vc_custom_1622543804493{background-color: #323232 !important;}&#8221;][vc_column el_class=&#8221;half-image-half-gray&#8221; css=&#8221;.vc_custom_1622543828684{padding-right: 0px !important;padding-left: 0px !important;}&#8221;]<div class=\"mkd-elements-holder mkd-two-columns mkd-responsive-mode-768\" ><div class=\"mkd-elements-holder-item mkd-fade-in lazyload\" data-animation=\"mkd-fade-in\" style=\"background-image:inherit\" data-bg-image=\"url(https:\/\/loram.com\/wp-content\/uploads\/transit-rail-grinding.jpg)\">\n\t<div class=\"mkd-elements-holder-item-inner\">\n\t\t<div class=\"mkd-elements-holder-item-content mkd-elements-holder-custom-465929\" style=\"padding: 0 0 0 0\">\n\t\t\t\t\t\t[vc_empty_space height=&#8221;348px&#8221;]\t\t<\/div>\n\t<\/div>\n<\/div><div class=\"mkd-elements-holder-item mkd-fade-in\" data-animation=\"mkd-fade-in\" >\n\t<div class=\"mkd-elements-holder-item-inner\">\n\t\t<div class=\"mkd-elements-holder-item-content mkd-elements-holder-custom-959470\" style=\"padding: 2rem 4rem 3.5rem 4rem\">\n\t\t\t\t\t\t<div class=\"mkd-st \">\n    <div class=\"mkd-st-inner\">\n        <div class=\"mkd-st-title-holder\">\n            <h2 class=\"mkd-st-title\">\n            <span>Esmerilhamento de trilhos de tr\u00e2nsito<\/span>\n        <\/h2>\n    <\/div>\n\n    \n    <div class=\"mkd-st-text-holder\" >\n        <span class=\"mkd-st-text-text\">As solu\u00e7\u00f5es de esmerilhamento de trilhos de tr\u00e2nsito da Loram t\u00eam o poder produtivo de remover mais metal desgastado por passagem, para corrigir e restaurar o trilho da maneira mais eficiente.<\/span>\n    <\/div>\n<\/div>\n<\/div>[vc_empty_space height=&#8221;24px&#8221;]<a itemprop=\"url\" href=\"\/pt-br\/maintenance-of-way\/rail-grinding\/transit-rail-grinding\/\" target=\"_self\"  class=\"mkd-btn mkd-btn-medium mkd-btn-solid\"  >\n    <span class=\"mkd-btn-text\">Solu\u00e7\u00f5es<\/span>\n    <\/a>\t\t<\/div>\n\t<\/div>\n<\/div><\/div>[\/vc_column][\/vc_row][vc_row content_width=&#8221;grid&#8221; el_class=&#8221;loram-difference-row&#8221; css=&#8221;.vc_custom_1622836615133{margin-top: 4rem !important;margin-bottom: 4rem !important;}&#8221;][vc_column width=&#8221;1\/2&#8243;][vc_column_text]<\/p>\n<h2>Retorno sobre o Investimento<\/h2>\n<p>As solu\u00e7\u00f5es de esmerilhamento de trilhos da Loram proporcionam um retorno substancial sobre o investimento, inclusive:<\/p>\n<ul>\n<li>Prolongamento da vida \u00fatil do trilho e da vida \u00fatil dos componentes da via<\/li>\n<li>Melhor intera\u00e7\u00e3o entre roda e trilho<\/li>\n<li>Preven\u00e7\u00e3o de falhas e substitui\u00e7\u00e3o prematuras de trilhos<\/li>\n<li>Economia de combust\u00edvel<\/li>\n<li>Redu\u00e7\u00e3o do desgaste do material rodante<\/li>\n<li>Qualidade de transporte e conforto dos passageiros aprimorado<\/li>\n<\/ul>\n<p>[\/vc_column_text][\/vc_column][vc_column width=&#8221;1\/2&#8243;][vc_column_text el_class=&#8221;loram-difference&#8221;]O DIFERENCIAL LORAM[\/vc_column_text][vc_column_text]<\/p>\n<h2>Tecnologia e experi\u00eancia superiores<\/h2>\n<p>As esmerilhadoras ferrovi\u00e1rias Loram incorporam m\u00f3dulos de esmerilhamento de alta pot\u00eancia e flex\u00edveis e sistemas de controle patenteados para oferecer velocidade de ponta no setor e produtividade comprovada. O portf\u00f3lio de produtos de esmerilhamento de trilhos da Loram oferece configura\u00e7\u00f5es de m\u00e1quinas de 4 a 120 rebolos, fornecendo a solu\u00e7\u00e3o ideal de esmerilhamento de trilhos a qualquer necessidade do cliente. Para garantir o m\u00e1ximo ROI, os servi\u00e7os de inspe\u00e7\u00e3o pr\u00e9-esmerilhamento da Loram ajudam as ferrovias a planejar, or\u00e7ar e otimizar seus programas.[\/vc_column_text][\/vc_column][\/vc_row][vc_row content_width=&#8221;grid&#8221; content_aligment=&#8221;center&#8221; el_class=&#8221;learn-how-we-help&#8221; css=&#8221;.vc_custom_1625244084255{margin-top: 2rem !important;margin-bottom: 3rem !important;padding-right: 0px !important;padding-left: 0px !important;background-image: url(https:\/\/loram.com\/wp-content\/uploads\/learn-how-we-can-help.jpg?id=3598) !important;background-position: center !important;background-repeat: no-repeat !important;background-size: cover !important;}&#8221;][vc_column css=&#8221;.vc_custom_1622544874136{padding-top: 6rem !important;padding-right: 0px !important;padding-bottom: 3rem !important;padding-left: 0px !important;}&#8221;]<div class=\"mkd-elements-holder mkd-responsive-mode-768\" ><div class=\"mkd-elements-holder-item \"  >\n\t<div class=\"mkd-elements-holder-item-inner\">\n\t\t<div class=\"mkd-elements-holder-item-content mkd-elements-holder-custom-657304\" >\n\t\t\t\t\t\t<div class=\"mkd-st mkd-content-aligment-center\">\n    <div class=\"mkd-st-inner\">\n        <div class=\"mkd-st-title-holder\">\n            <h2 class=\"mkd-st-title\">\n            <span>Saiba como podemos ajudar<\/span>\n        <\/h2>\n    <\/div>\n\n    \n    <div class=\"mkd-st-text-holder\" mkd-content-aligment-center>\n        <span class=\"mkd-st-text-text\">Como l\u00edder global em manuten\u00e7\u00e3o de vias por mais de 50 anos, o amplo portf\u00f3lio de equipamentos e equipes altamente treinadas da Loram oferecem os melhores servi\u00e7os da categoria com desempenho e padr\u00f5es de seguran\u00e7a inigual\u00e1veis. Ligue para +1 (763) 478-6014 ou entre em contato com nossa equipe t\u00e9cnica de vendas.<\/span>\n    <\/div>\n<\/div>\n<\/div>[vc_empty_space height=&#8221;24px&#8221;]<a itemprop=\"url\" href=\"\/pt-br\/contact\/\" target=\"_self\"  class=\"mkd-btn mkd-btn-medium mkd-btn-solid\"  >\n    <span class=\"mkd-btn-text\">Vamos conversar<\/span>\n    <\/a>\t\t<\/div>\n\t<\/div>\n<\/div><\/div>[\/vc_column][\/vc_row][vc_row css=&#8221;.vc_custom_1625244122044{margin-top: 0px !important;margin-bottom: 0px !important;padding-top: 0px !important;padding-bottom: 0px !important;}&#8221;][vc_column][\/vc_column][\/vc_row]<\/p>\n<\/div>","protected":false},"excerpt":{"rendered":"<p>[vc_row content_width=&#8221;grid&#8221; css=&#8221;.vc_custom_1622550211962{margin-top: 0px !important;margin-bottom: 4rem !important;}&#8221;][vc_column width=&#8221;1\/4&#8243;][vc_widget_sidebar sidebar_id=&#8221;sidebar&#8221;][\/vc_column][vc_column width=&#8221;3\/4&#8243; el_class=&#8221;product-intro&#8221;][\/vc_column][\/vc_row][vc_row content_width=&#8221;grid&#8221; css=&#8221;.vc_custom_1624325530908{background-color: #000000 !important;}&#8221;][vc_column css=&#8221;.vc_custom_1626796600731{padding-top: 0.5rem !important;padding-bottom: 1rem !important;}&#8221;][\/vc_column][\/vc_row][vc_row content_width=&#8221;grid&#8221; css=&#8221;.vc_custom_1622543804493{background-color: #323232 !important;}&#8221;][vc_column el_class=&#8221;half-image-half-gray&#8221; css=&#8221;.vc_custom_1622543828684{padding-right: 0px !important;padding-left: 0px !important;}&#8221;][\/vc_column][\/vc_row][vc_row&#8230;<\/p>\n","protected":false},"author":3,"featured_media":0,"parent":6511,"menu_order":10,"comment_status":"closed","ping_status":"closed","template":"template-product-category.php","meta":{"footnotes":""},"class_list":["post-6515","page","type-page","status-publish","hentry"],"_links":{"self":[{"href":"https:\/\/loram.com\/pt-br\/wp-json\/wp\/v2\/pages\/6515","targetHints":{"allow":["GET"]}}],"collection":[{"href":"https:\/\/loram.com\/pt-br\/wp-json\/wp\/v2\/pages"}],"about":[{"href":"https:\/\/loram.com\/pt-br\/wp-json\/wp\/v2\/types\/page"}],"author":[{"embeddable":true,"href":"https:\/\/loram.com\/pt-br\/wp-json\/wp\/v2\/users\/3"}],"replies":[{"embeddable":true,"href":"https:\/\/loram.com\/pt-br\/wp-json\/wp\/v2\/comments?post=6515"}],"version-history":[{"count":5,"href":"https:\/\/loram.com\/pt-br\/wp-json\/wp\/v2\/pages\/6515\/revisions"}],"predecessor-version":[{"id":7651,"href":"https:\/\/loram.com\/pt-br\/wp-json\/wp\/v2\/pages\/6515\/revisions\/7651"}],"up":[{"embeddable":true,"href":"https:\/\/loram.com\/pt-br\/wp-json\/wp\/v2\/pages\/6511"}],"wp:attachment":[{"href":"https:\/\/loram.com\/pt-br\/wp-json\/wp\/v2\/media?parent=6515"}],"curies":[{"name":"wp","href":"https:\/\/api.w.org\/{rel}","templated":true}]}}