{"id":6514,"date":"2021-12-02T15:59:10","date_gmt":"2021-12-02T21:59:10","guid":{"rendered":"https:\/\/loram.com\/?page_id=6514"},"modified":"2025-05-08T09:11:38","modified_gmt":"2025-05-08T14:11:38","slug":"production-rail-grinding","status":"publish","type":"page","link":"https:\/\/loram.com\/pt-br\/maintenance-of-way\/rail-grinding\/production-rail-grinding\/","title":{"rendered":"Esmerilhamento De Trilhos De Produ\u00e7\u00e3o"},"content":{"rendered":"<div class=\"wpb-content-wrapper\"><p>[vc_row content_width=&#8221;grid&#8221; css=&#8221;.vc_custom_1623767783918{margin-top: 0px !important;margin-bottom: 4rem !important;}&#8221;][vc_column width=&#8221;1\/4&#8243;][vc_widget_sidebar sidebar_id=&#8221;sidebar&#8221;][\/vc_column][vc_column width=&#8221;3\/4&#8243;][vc_column_text]<\/p>\n<h2>O mais poderoso, o mais produtivo<\/h2>\n<p>O objetivo final na manuten\u00e7\u00e3o dos trilhos \u00e9 atingir a maior vida \u00fatil poss\u00edvel sem aumentar os riscos de seguran\u00e7a e os custos associados a falhas imprevistas nos trilhos. O esmerilhamento de trilhos de produ\u00e7\u00e3o fornece o meio mais ben\u00e9fico e comprovado para atingir o objetivo de prolongar a vida \u00fatil dos trilhos, ao mesmo tempo em que reduz riscos associados. Com mais de 50 anos de experi\u00eancia em esmerilhamento de trilhos de produ\u00e7\u00e3o e intensa dedica\u00e7\u00e3o e foco em P&amp;D para melhorar as tecnologias de esmerilhamento, a Loram oferece \u00e0 ind\u00fastria ferrovi\u00e1ria o mais avan\u00e7ado servi\u00e7o e equipamento de esmerilhamento de produ\u00e7\u00e3o que lidera na ind\u00fastria em termos de velocidade, desempenho e confiabilidade.<\/p>\n<h3>Benef\u00edcios e caracter\u00edsticas do esmerilhamento de trilhos de produ\u00e7\u00e3o<\/h3>\n<p>A Loram trabalha de perto com as ferrovias para desenvolver estrat\u00e9gias que maximizem sua vida \u00fatil de forma eficaz, que ofere\u00e7am melhores pr\u00e1ticas e que proporcionem um retorno substancial sobre o investimento. As esmerilhadoras de trilhos de produ\u00e7\u00e3o da Loram utilizam tecnologia e equipamentos poderosos e altamente eficientes para fornecer os programas mais seguros e produtivos que otimizam a sa\u00fade e a vida \u00fatil dos ativos ferrovi\u00e1rios.[\/vc_column_text]<div class=\"mkd-elements-holder mkd-two-columns mkd-responsive-mode-768\" ><div class=\"mkd-elements-holder-item mkd-vertical-alignment-top\"  >\n\t<div class=\"mkd-elements-holder-item-inner\">\n\t\t<div class=\"mkd-elements-holder-item-content mkd-elements-holder-custom-821498\" style=\"padding: 0\">\n\t\t\t\t\t\t[vc_column_text]Os benef\u00edcios do esmerilhamento de trilhos de produ\u00e7\u00e3o incluem:<\/p>\n<ul>\n<li>Prolongamento da vida \u00fatil do trilho<\/li>\n<li>Restaura\u00e7\u00e3o do perfil do boleto do trilho para otimizar a intera\u00e7\u00e3o roda\/trilho<\/li>\n<li>Remo\u00e7\u00e3o precisa de defeitos nos trilhos, deforma\u00e7\u00e3o pl\u00e1stica e desgaste de contato de rolamento<\/li>\n<li>Prolongamento da vida \u00fatil das rodas; melhoria na dire\u00e7\u00e3o e estabilidade din\u00e2mica do material rodante<\/li>\n<li>Economia de Combust\u00edvel<\/li>\n<\/ul>\n<p>[\/vc_column_text]\t\t<\/div>\n\t<\/div>\n<\/div><div class=\"mkd-elements-holder-item mkd-vertical-alignment-top\"  >\n\t<div class=\"mkd-elements-holder-item-inner\">\n\t\t<div class=\"mkd-elements-holder-item-content mkd-elements-holder-custom-306924\" >\n\t\t\t\t\t\t[vc_column_text]As solu\u00e7\u00f5es de esmerilhamento de trilhos de produ\u00e7\u00e3o da Loram oferecem:<\/p>\n<ul>\n<li>Configura\u00e7\u00f5es de m\u00e1quina de 60 a 120 rebolos<\/li>\n<li>Motores el\u00e9tricos de alta pot\u00eancia de 30 hp<\/li>\n<li>Sistemas avan\u00e7ados de controle para remo\u00e7\u00e3o de metal com precis\u00e3o<\/li>\n<li>Capacidade de realizar com efic\u00e1cia o esmerilhamento preventivo e corretivo dos trilhos<\/li>\n<li>Diferentes tipos de rebolo para atender \u00e0s necessidades de remo\u00e7\u00e3o de metal e de acabamento da superf\u00edcie, sob medida para cada aplica\u00e7\u00e3o<\/li>\n<li>Op\u00e7\u00f5es de medi\u00e7\u00e3o de trilhos a bordo dispon\u00edveis<\/li>\n<\/ul>\n<p>[\/vc_column_text]\t\t<\/div>\n\t<\/div>\n<\/div><\/div>[\/vc_column][\/vc_row][vc_row content_width=&#8221;grid&#8221; css=&#8221;.vc_custom_1623794254962{background-color: #000000 !important;}&#8221; el_class=&#8221;black-bar&#8221;][vc_column css=&#8221;.vc_custom_1626807508985{padding-top: 0.5rem !important;padding-right: 0px !important;padding-bottom: 1rem !important;}&#8221;]<div class=\"mkd-elements-holder mkd-responsive-mode-768\" ><div class=\"mkd-elements-holder-item \"  >\n\t<div class=\"mkd-elements-holder-item-inner\">\n\t\t<div class=\"mkd-elements-holder-item-content mkd-elements-holder-custom-845477\" >\n\t\t\t\t\t\t[vc_column_text el_class=&#8221;sub-cat-landing-title-bar&#8221;]PLATAFORMAS DE PRODU\u00c7\u00c3O DA LORAM PARA O ESMERILHAMENTO DE TRILHOS[\/vc_column_text]\t\t<\/div>\n\t<\/div>\n<\/div><\/div>[\/vc_column][\/vc_row][vc_row content_width=&#8221;grid&#8221; css=&#8221;.vc_custom_1624478564027{padding-top: 3rem !important;padding-bottom: 1rem !important;background-color: #e5e5e5 !important;}&#8221; el_class=&#8221;subcategory-product-listing&#8221;][vc_column]<div class=\"mkd-elements-holder mkd-two-columns mkd-responsive-mode-768\" ><div class=\"mkd-elements-holder-item mkd-fade-in lazyload\" data-animation=\"mkd-fade-in\" style=\"background-image:inherit\" data-bg-image=\"url(https:\/\/loram.com\/wp-content\/uploads\/mow-slider-rail-grind.jpg)\">\n\t<div class=\"mkd-elements-holder-item-inner\">\n\t\t<div class=\"mkd-elements-holder-item-content mkd-elements-holder-custom-676757\" style=\"padding: 0 0 0 0\">\n\t\t\t\t\t\t[vc_empty_space height=&#8221;348px&#8221;]\t\t<\/div>\n\t<\/div>\n<\/div><div class=\"mkd-elements-holder-item mkd-fade-in\" data-animation=\"mkd-fade-in\" >\n\t<div class=\"mkd-elements-holder-item-inner\">\n\t\t<div class=\"mkd-elements-holder-item-content mkd-elements-holder-custom-919543\" style=\"padding: 2rem 4rem 3.5rem 4rem\">\n\t\t\t\t\t\t<div class=\"mkd-st \">\n    <div class=\"mkd-st-inner\">\n        <div class=\"mkd-st-title-holder\">\n            <h2 class=\"mkd-st-title\">\n            <span>S\u00e9rie RG400<\/span>\n        <\/h2>\n    <\/div>\n\n    \n    <div class=\"mkd-st-text-holder\" >\n        <span class=\"mkd-st-text-text\">Produtividade l\u00edder na ind\u00fastria atrav\u00e9s do aumento da pot\u00eancia dispon\u00edvel, sistemas avan\u00e7ados de controle de esmerilhamento, mais rebolos e tecnologias inovadoras de garantia de qualidade.<\/span>\n    <\/div>\n<\/div>\n<\/div>[vc_empty_space height=&#8221;24px&#8221;]<a itemprop=\"url\" href=\"\/pt-br\/maintenance-of-way\/rail-grinding\/production-rail-grinding\/rg400\/\" target=\"_self\"  class=\"mkd-btn mkd-btn-medium mkd-btn-solid\"  >\n    <span class=\"mkd-btn-text\">Saiba mais<\/span>\n    <\/a>\t\t<\/div>\n\t<\/div>\n<\/div><\/div>[\/vc_column][\/vc_row][vc_row content_width=&#8221;grid&#8221; css=&#8221;.vc_custom_1624478577910{padding-top: 1rem !important;padding-bottom: 1rem !important;background-color: #e5e5e5 !important;}&#8221; el_class=&#8221;subcategory-product-listing&#8221;][vc_column]<div class=\"mkd-elements-holder mkd-two-columns mkd-responsive-mode-768\" ><div class=\"mkd-elements-holder-item mkd-fade-in lazyload\" data-animation=\"mkd-fade-in\" style=\"background-image:inherit\" data-bg-image=\"url(https:\/\/loram.com\/wp-content\/uploads\/c21-c44-rail-grinder-header.jpg)\">\n\t<div class=\"mkd-elements-holder-item-inner\">\n\t\t<div class=\"mkd-elements-holder-item-content mkd-elements-holder-custom-639713\" style=\"padding: 0 0 0 0\">\n\t\t\t\t\t\t[vc_empty_space height=&#8221;348px&#8221;]\t\t<\/div>\n\t<\/div>\n<\/div><div class=\"mkd-elements-holder-item mkd-fade-in\" data-animation=\"mkd-fade-in\" >\n\t<div class=\"mkd-elements-holder-item-inner\">\n\t\t<div class=\"mkd-elements-holder-item-content mkd-elements-holder-custom-777363\" style=\"padding: 2rem 4rem 3.5rem 4rem\">\n\t\t\t\t\t\t<div class=\"mkd-st \">\n    <div class=\"mkd-st-inner\">\n        <div class=\"mkd-st-title-holder\">\n            <h2 class=\"mkd-st-title\">\n            <span>Esmerilhadoras de trilhos s\u00e9rie C44<\/span>\n        <\/h2>\n    <\/div>\n\n    \n    <div class=\"mkd-st-text-holder\" >\n        <span class=\"mkd-st-text-text\">Est\u00e1 em conformidade com o diagrama de libera\u00e7\u00e3o W6A e os pesos por eixo de linhas internacionais e aplica\u00e7\u00f5es ferrovi\u00e1rias de carga.<\/span>\n    <\/div>\n<\/div>\n<\/div>[vc_empty_space height=&#8221;24px&#8221;]<a itemprop=\"url\" href=\"\/pt-br\/maintenance-of-way\/rail-grinding\/production-rail-grinding\/c44\/\" target=\"_self\"  class=\"mkd-btn mkd-btn-medium mkd-btn-solid\"  >\n    <span class=\"mkd-btn-text\">Saiba mais<\/span>\n    <\/a>\t\t<\/div>\n\t<\/div>\n<\/div><\/div>[\/vc_column][\/vc_row][vc_row content_width=&#8221;grid&#8221; css=&#8221;.vc_custom_1624478581521{padding-top: 1rem !important;padding-bottom: 3rem !important;background-color: #e5e5e5 !important;}&#8221; el_class=&#8221;subcategory-product-listing&#8221;][vc_column]<div class=\"mkd-elements-holder mkd-two-columns mkd-responsive-mode-768\" ><div class=\"mkd-elements-holder-item mkd-fade-in lazyload\" data-animation=\"mkd-fade-in\" style=\"background-image:inherit\" data-bg-image=\"url(https:\/\/loram.com\/wp-content\/uploads\/rgi-product-page.jpg)\">\n\t<div class=\"mkd-elements-holder-item-inner\">\n\t\t<div class=\"mkd-elements-holder-item-content mkd-elements-holder-custom-459134\" style=\"padding: 0 0 0 0\">\n\t\t\t\t\t\t[vc_empty_space height=&#8221;348px&#8221;]\t\t<\/div>\n\t<\/div>\n<\/div><div class=\"mkd-elements-holder-item mkd-fade-in\" data-animation=\"mkd-fade-in\" >\n\t<div class=\"mkd-elements-holder-item-inner\">\n\t\t<div class=\"mkd-elements-holder-item-content mkd-elements-holder-custom-397016\" style=\"padding: 2rem 4rem 3.5rem 4rem\">\n\t\t\t\t\t\t<div class=\"mkd-st \">\n    <div class=\"mkd-st-inner\">\n        <div class=\"mkd-st-title-holder\">\n            <h2 class=\"mkd-st-title\">\n            <span>S\u00e9rie RGI<\/span>\n        <\/h2>\n    <\/div>\n\n    \n    <div class=\"mkd-st-text-holder\" >\n        <span class=\"mkd-st-text-text\">Os mesmos motores potentes de 30 cv encontrados no RG400, mas com uma pegada reduzida projetada para o espa\u00e7amento da maioria das linhas de trem metropolitano e de carga europeias.<\/span>\n    <\/div>\n<\/div>\n<\/div>[vc_empty_space height=&#8221;24px&#8221;]<a itemprop=\"url\" href=\"\/pt-br\/maintenance-of-way\/rail-grinding\/production-rail-grinding\/rgi\/\" target=\"_self\"  class=\"mkd-btn mkd-btn-medium mkd-btn-solid\"  >\n    <span class=\"mkd-btn-text\">Saiba mais<\/span>\n    <\/a>\t\t<\/div>\n\t<\/div>\n<\/div><\/div>[\/vc_column][\/vc_row][vc_row content_width=&#8221;grid&#8221; css=&#8221;.vc_custom_1623260947677{margin-top: 3rem !important;margin-bottom: 3rem !important;}&#8221;][vc_column]<div class=\"mkd-elements-holder mkd-responsive-mode-768\" ><div class=\"mkd-elements-holder-item \"  >\n\t<div class=\"mkd-elements-holder-item-inner\">\n\t\t<div class=\"mkd-elements-holder-item-content mkd-elements-holder-custom-959923\" >\n\t\t\t\t\t\t[vc_column_text el_class=&#8221;landing-contract-services&#8221;]<\/p>\n<h2>SERVI\u00c7OS CONTRATUAIS DA LORAM<\/h2>\n<h3>Per\u00edcia e experi\u00eancia inigual\u00e1veis<\/h3>\n<p>A experi\u00eancia, tecnologia e frota operacional de esmerilhadoras ferrovi\u00e1rias de produ\u00e7\u00e3o da Loram proporcionam uma vantagem inigual\u00e1vel a nossos clientes. Nossa frota movimenta mais de 100.000 milhas de passagens anualmente. Como a Loram constr\u00f3i e opera seus pr\u00f3prios equipamentos, os clientes se beneficiam de melhorias cont\u00ednuas de qualidade com base no uso e na experi\u00eancia no mundo real. Com as poderosas esmerilhadoras ferrovi\u00e1rias de alta velocidade de produ\u00e7\u00e3o da Loram, as ferrovias demandam um custo unit\u00e1rio mais baixo (custo por milha ou quil\u00f4metro de via) com requisitos m\u00ednimos de janela de servi\u00e7o.<\/p>\n<p>[\/vc_column_text]\t\t<\/div>\n\t<\/div>\n<\/div><\/div>[\/vc_column][\/vc_row][vc_row content_width=&#8221;grid&#8221; content_aligment=&#8221;center&#8221; el_class=&#8221;learn-how-we-help&#8221; css=&#8221;.vc_custom_1623766422262{margin-top: 2rem !important;margin-bottom: 3rem !important;padding-right: 0px !important;padding-left: 0px !important;background-image: url(https:\/\/loram.com\/wp-content\/uploads\/learn-how-we-can-help.jpg?id=3598) !important;background-position: center !important;background-repeat: no-repeat !important;background-size: cover !important;}&#8221;][vc_column css=&#8221;.vc_custom_1623260528726{padding-top: 6rem !important;padding-right: 0px !important;padding-bottom: 3rem !important;padding-left: 0px !important;}&#8221;]<div class=\"mkd-elements-holder mkd-responsive-mode-768\" ><div class=\"mkd-elements-holder-item \"  >\n\t<div class=\"mkd-elements-holder-item-inner\">\n\t\t<div class=\"mkd-elements-holder-item-content mkd-elements-holder-custom-287880\" >\n\t\t\t\t\t\t<div class=\"mkd-st \">\n    <div class=\"mkd-st-inner\">\n        <div class=\"mkd-st-title-holder\">\n            <h2 class=\"mkd-st-title\">\n            <span>Saiba como podemos ajudar<\/span>\n        <\/h2>\n    <\/div>\n\n    \n    <div class=\"mkd-st-text-holder\" >\n        <span class=\"mkd-st-text-text\">Como l\u00edder global em manuten\u00e7\u00e3o de vias por mais de 50 anos, o amplo portf\u00f3lio de equipamentos e equipes altamente treinadas da Loram oferecem os melhores servi\u00e7os da categoria com desempenho e padr\u00f5es de seguran\u00e7a inigual\u00e1veis. Ligue para +1 (763) 478-6014 ou entre em contato com nossa equipe t\u00e9cnica de vendas.<\/span>\n    <\/div>\n<\/div>\n<\/div>[vc_empty_space height=&#8221;24px&#8221;]<a itemprop=\"url\" href=\"\/pt-br\/contact\/\" target=\"_self\"  class=\"mkd-btn mkd-btn-medium mkd-btn-solid\"  >\n    <span class=\"mkd-btn-text\">Vamos conversar<\/span>\n    <\/a>\t\t<\/div>\n\t<\/div>\n<\/div><\/div>[\/vc_column][\/vc_row][vc_row css=&#8221;.vc_custom_1625244903402{margin-top: 0px !important;margin-bottom: 0px !important;padding-top: 0px !important;padding-bottom: 0px !important;}&#8221;][vc_column][\/vc_column][\/vc_row]<\/p>\n<\/div>","protected":false},"excerpt":{"rendered":"<p>[vc_row content_width=&#8221;grid&#8221; css=&#8221;.vc_custom_1623767783918{margin-top: 0px !important;margin-bottom: 4rem !important;}&#8221;][vc_column width=&#8221;1\/4&#8243;][vc_widget_sidebar sidebar_id=&#8221;sidebar&#8221;][\/vc_column][vc_column width=&#8221;3\/4&#8243;][vc_column_text] O mais poderoso, o mais produtivo O objetivo final na manuten\u00e7\u00e3o dos trilhos \u00e9 atingir a maior vida \u00fatil poss\u00edvel&#8230;<\/p>\n","protected":false},"author":3,"featured_media":0,"parent":6515,"menu_order":0,"comment_status":"closed","ping_status":"closed","template":"template-subcategory.php","meta":{"footnotes":""},"class_list":["post-6514","page","type-page","status-publish","hentry"],"_links":{"self":[{"href":"https:\/\/loram.com\/pt-br\/wp-json\/wp\/v2\/pages\/6514","targetHints":{"allow":["GET"]}}],"collection":[{"href":"https:\/\/loram.com\/pt-br\/wp-json\/wp\/v2\/pages"}],"about":[{"href":"https:\/\/loram.com\/pt-br\/wp-json\/wp\/v2\/types\/page"}],"author":[{"embeddable":true,"href":"https:\/\/loram.com\/pt-br\/wp-json\/wp\/v2\/users\/3"}],"replies":[{"embeddable":true,"href":"https:\/\/loram.com\/pt-br\/wp-json\/wp\/v2\/comments?post=6514"}],"version-history":[{"count":7,"href":"https:\/\/loram.com\/pt-br\/wp-json\/wp\/v2\/pages\/6514\/revisions"}],"predecessor-version":[{"id":20618,"href":"https:\/\/loram.com\/pt-br\/wp-json\/wp\/v2\/pages\/6514\/revisions\/20618"}],"up":[{"embeddable":true,"href":"https:\/\/loram.com\/pt-br\/wp-json\/wp\/v2\/pages\/6515"}],"wp:attachment":[{"href":"https:\/\/loram.com\/pt-br\/wp-json\/wp\/v2\/media?parent=6514"}],"curies":[{"name":"wp","href":"https:\/\/api.w.org\/{rel}","templated":true}]}}