{"id":6513,"date":"2021-12-02T15:58:57","date_gmt":"2021-12-02T21:58:57","guid":{"rendered":"https:\/\/loram.com\/?page_id=6513"},"modified":"2021-12-16T07:02:53","modified_gmt":"2021-12-16T13:02:53","slug":"equipment-manufacturing","status":"publish","type":"page","link":"https:\/\/loram.com\/pt-br\/maintenance-of-way\/equipment-manufacturing\/","title":{"rendered":"FABRICA\u00c7\u00c3O DE EQUIPAMENTO"},"content":{"rendered":"<div class=\"wpb-content-wrapper\"><p>[vc_row content_width=&#8221;grid&#8221; css=&#8221;.vc_custom_1629307622688{margin-bottom: 1rem !important;}&#8221;][vc_column css=&#8221;.vc_custom_1624457156354{padding-bottom: 2rem !important;}&#8221;]<div class=\"mkd-elements-holder mkd-responsive-mode-768\" ><div class=\"mkd-elements-holder-item \"  >\n\t<div class=\"mkd-elements-holder-item-inner\">\n\t\t<div class=\"mkd-elements-holder-item-content mkd-elements-holder-custom-157616\" >\n\t\t\t\t\t\t[vc_column_text]<\/p>\n<h2>Servi\u00e7os OEM Loram<\/h2>\n<p>O equipamento de manuten\u00e7\u00e3o atual \u00e9 ao mesmo tempo altamente capaz e altamente complexo. Em muitos casos, o uso inadequado ou ineficaz do complexo equipamento fornecido pela Loram pode causar situa\u00e7\u00f5es t\u00e3o preocupantes quanto aquelas encontradas no trilho antes do investimento. Para evitar causar danos e maximizar o retorno sobre seu investimento, a Loram recomenda o uso de nossos especialistas para refor\u00e7ar seu pessoal operacional.<\/p>\n<p><strong>Os especialistas em gerenciamento de programas<\/strong> podem fornecer recomenda\u00e7\u00f5es em n\u00edvel de programa para o uso de seu equipamento. Nossos especialistas podem ajud\u00e1-lo a determinar os ciclos de trabalho para seu equipamento, como ele pode interagir melhor com outras atividades de manuten\u00e7\u00e3o e qual deve ser o objetivo da atividade de manuten\u00e7\u00e3o.<\/p>\n<p><strong>Os especialistas em desempenho do equipamento<\/strong> podem fornecer orienta\u00e7\u00e3o sobre como configur\u00e1-lo para o uso mais eficaz e econ\u00f4mico e medir a produ\u00e7\u00e3o em rela\u00e7\u00e3o \u00e0s especifica\u00e7\u00f5es identificadas.<\/p>\n<p><strong>Os especialistas em opera\u00e7\u00f5es de equipamentos<\/strong> podem fornecer treinamento avan\u00e7ado sobre o uso e a manuten\u00e7\u00e3o correta de sua m\u00e1quina e orienta\u00e7\u00f5es a figuras de lideran\u00e7a a n\u00edvel de m\u00e1quina. Nosso pessoal experiente pode ajudar o pessoal do cliente tanto com as exig\u00eancias operacionais do dia-a-dia quanto com o planejamento de eventos peri\u00f3dicos, como revis\u00f5es.<\/p>\n<p><strong>Especialistas avan\u00e7ados em tecnologia<\/strong> est\u00e3o dispon\u00edveis 7 dias por semana para fornecer diagn\u00f3stico imediato de problemas e para resolver problemas emergentes. A tecnologia utilizada nos equipamentos modernos frequentemente n\u00e3o consegue ser mantida apenas por uma equipe de m\u00e1quinas; o acesso aos t\u00e9cnicos da Loram elimina a necessidade de contrata\u00e7\u00e3o e manuten\u00e7\u00e3o de pessoal local para lidar com situa\u00e7\u00f5es incomuns.<\/p>\n<h2>Pe\u00e7as e Rebolos Certificados Loram<\/h2>\n<p>Nem todas as pe\u00e7as s\u00e3o iguais. Em um ambiente onde o sucesso \u00e9 julgado pela capacidade de sair com confian\u00e7a nos trilhos, pequenos detalhes fazem uma grande diferen\u00e7a. Utilizando d\u00e9cadas de experi\u00eancia de campo, nosso pessoal identificou quais pe\u00e7as s\u00e3o mais adequadas para o dif\u00edcil ambiente ferrovi\u00e1rio. Para garantir que seu equipamento esteja sempre pronto, a Loram recomenda o uso apenas de pe\u00e7as e rebolos certificados pela Loram em seu equipamento.<\/p>\n<p>Encontre Rebolos e Pe\u00e7as Certificadas Loram no <a href=\"\/pt-br\/marketplace\/\">Marketplace Loram<\/a>.<\/p>\n<h2>Servi\u00e7o e Suporte Confi\u00e1veis<\/h2>\n<p>Com dezenas de m\u00e1quinas entregues, a Loram segue sua abordagem de &#8220;parceria&#8221; para trabalhar com todos os seus clientes. Do transporte de mercadorias pesadas ou sistema de tr\u00e2nsito ferrovi\u00e1rio, a Loram tem o equipamento de manuten\u00e7\u00e3o e servi\u00e7os de suporte ferrovi\u00e1rio para voc\u00ea.[\/vc_column_text]\t\t<\/div>\n\t<\/div>\n<\/div><\/div>[\/vc_column][\/vc_row][vc_row content_width=&#8221;grid&#8221; content_aligment=&#8221;center&#8221; el_class=&#8221;learn-how-we-help&#8221; css=&#8221;.vc_custom_1629299784394{margin-top: 2rem !important;margin-bottom: 3rem !important;padding-right: 0px !important;padding-left: 0px !important;background-image: url(https:\/\/loram.com\/wp-content\/uploads\/learn-how-we-can-help.jpg?id=3598) !important;background-position: center !important;background-repeat: no-repeat !important;background-size: cover !important;}&#8221;][vc_column css=&#8221;.vc_custom_1629299743831{padding-top: 6rem !important;padding-right: 0px !important;padding-bottom: 3rem !important;padding-left: 0px !important;}&#8221;]<div class=\"mkd-elements-holder mkd-responsive-mode-768\" ><div class=\"mkd-elements-holder-item \"  >\n\t<div class=\"mkd-elements-holder-item-inner\">\n\t\t<div class=\"mkd-elements-holder-item-content mkd-elements-holder-custom-640049\" >\n\t\t\t\t\t\t<div class=\"mkd-st mkd-content-aligment-center\">\n    <div class=\"mkd-st-inner\">\n        <div class=\"mkd-st-title-holder\">\n            <h2 class=\"mkd-st-title\">\n            <span>Saiba como podemos ajudar<\/span>\n        <\/h2>\n    <\/div>\n\n    \n    <div class=\"mkd-st-text-holder\" mkd-content-aligment-center>\n        <span class=\"mkd-st-text-text\">Como l\u00edder global em manuten\u00e7\u00e3o de vias por mais de 50 anos, o amplo portf\u00f3lio de equipamentos e equipes altamente treinadas da Loram oferecem os melhores servi\u00e7os da categoria com desempenho e padr\u00f5es de seguran\u00e7a inigual\u00e1veis. Ligue para +1 (763) 478-6014 ou entre em contato com nossa equipe t\u00e9cnica de vendas.<\/span>\n    <\/div>\n<\/div>\n<\/div>[vc_empty_space height=&#8221;24px&#8221;]<a itemprop=\"url\" href=\"\/pt-br\/contact\/\" target=\"_self\"  class=\"mkd-btn mkd-btn-medium mkd-btn-solid\"  >\n    <span class=\"mkd-btn-text\">Vamos conversar<\/span>\n    <\/a>\t\t<\/div>\n\t<\/div>\n<\/div><\/div>[\/vc_column][\/vc_row][vc_row css=&#8221;.vc_custom_1629297069128{margin-top: 0px !important;margin-bottom: 0px !important;padding-top: 0px !important;padding-bottom: 0px !important;}&#8221;][vc_column]<div class=\"mkd-elements-holder mkd-responsive-mode-768\" ><div class=\"mkd-elements-holder-item \"  >\n\t<div class=\"mkd-elements-holder-item-inner\">\n\t\t<div class=\"mkd-elements-holder-item-content mkd-elements-holder-custom-945649\" >\n\t\t\t\t\t\t[vc_empty_space height=&#8221;0&#8243;]\t\t<\/div>\n\t<\/div>\n<\/div><\/div>[\/vc_column][\/vc_row]<\/p>\n<\/div>","protected":false},"excerpt":{"rendered":"<p>[vc_row content_width=&#8221;grid&#8221; css=&#8221;.vc_custom_1629307622688{margin-bottom: 1rem !important;}&#8221;][vc_column css=&#8221;.vc_custom_1624457156354{padding-bottom: 2rem !important;}&#8221;][\/vc_column][\/vc_row][vc_row content_width=&#8221;grid&#8221; content_aligment=&#8221;center&#8221; el_class=&#8221;learn-how-we-help&#8221; css=&#8221;.vc_custom_1629299784394{margin-top: 2rem !important;margin-bottom: 3rem !important;padding-right: 0px !important;padding-left: 0px !important;background-image: url(https:\/\/loram.com\/wp-content\/uploads\/learn-how-we-can-help.jpg?id=3598) !important;background-position: center !important;background-repeat: no-repeat !important;background-size: cover !important;}&#8221;][vc_column css=&#8221;.vc_custom_1629299743831{padding-top: 6rem&#8230;<\/p>\n","protected":false},"author":3,"featured_media":0,"parent":6511,"menu_order":0,"comment_status":"closed","ping_status":"closed","template":"template-product-category.php","meta":{"footnotes":""},"class_list":["post-6513","page","type-page","status-publish","hentry"],"_links":{"self":[{"href":"https:\/\/loram.com\/pt-br\/wp-json\/wp\/v2\/pages\/6513","targetHints":{"allow":["GET"]}}],"collection":[{"href":"https:\/\/loram.com\/pt-br\/wp-json\/wp\/v2\/pages"}],"about":[{"href":"https:\/\/loram.com\/pt-br\/wp-json\/wp\/v2\/types\/page"}],"author":[{"embeddable":true,"href":"https:\/\/loram.com\/pt-br\/wp-json\/wp\/v2\/users\/3"}],"replies":[{"embeddable":true,"href":"https:\/\/loram.com\/pt-br\/wp-json\/wp\/v2\/comments?post=6513"}],"version-history":[{"count":6,"href":"https:\/\/loram.com\/pt-br\/wp-json\/wp\/v2\/pages\/6513\/revisions"}],"predecessor-version":[{"id":7649,"href":"https:\/\/loram.com\/pt-br\/wp-json\/wp\/v2\/pages\/6513\/revisions\/7649"}],"up":[{"embeddable":true,"href":"https:\/\/loram.com\/pt-br\/wp-json\/wp\/v2\/pages\/6511"}],"wp:attachment":[{"href":"https:\/\/loram.com\/pt-br\/wp-json\/wp\/v2\/media?parent=6513"}],"curies":[{"name":"wp","href":"https:\/\/api.w.org\/{rel}","templated":true}]}}