{"id":6511,"date":"2021-12-02T15:58:31","date_gmt":"2021-12-02T21:58:31","guid":{"rendered":"https:\/\/loram.com\/?page_id=6511"},"modified":"2021-12-16T15:13:41","modified_gmt":"2021-12-16T21:13:41","slug":"maintenance-of-way","status":"publish","type":"page","link":"https:\/\/loram.com\/pt-br\/maintenance-of-way\/","title":{"rendered":"Manuten\u00e7\u00e3o de Vias"},"content":{"rendered":"<div class=\"wpb-content-wrapper\"><p>[vc_row content_width=&#8221;grid&#8221; css=&#8221;.vc_custom_1622550211962{margin-top: 0px !important;margin-bottom: 4rem !important;}&#8221;][vc_column width=&#8221;1\/4&#8243;][vc_widget_sidebar sidebar_id=&#8221;sidebar&#8221;][\/vc_column][vc_column width=&#8221;3\/4&#8243; el_class=&#8221;product-intro&#8221;]<div class=\"mkd-elements-holder mkd-two-columns mkd-responsive-mode-768\" ><div class=\"mkd-elements-holder-item mkd-fade-in\" data-animation=\"mkd-fade-in\" >\n\t<div class=\"mkd-elements-holder-item-inner\">\n\t\t<div class=\"mkd-elements-holder-item-content mkd-elements-holder-custom-699593\" style=\"padding: 0px 0px 0px 0px\">\n\t\t\t\t\t\t<div class=\"mkd-st mkd-content-aligment-left\">\n    <div class=\"mkd-st-inner\">\n        <div class=\"mkd-st-title-holder\">\n            <h2 class=\"mkd-st-title\">\n            <span>Maximiza\u00e7\u00e3o da vida \u00fatil dos ativos. Aumento da produtividade. Garantia de seguran\u00e7a.<\/span>\n        <\/h2>\n    <\/div>\n\n    \n    <div class=\"mkd-st-text-holder\" mkd-content-aligment-left>\n        <span class=\"mkd-st-text-text\">A Loram fornece ampla gama de equipamentos de manuten\u00e7\u00e3o de via e solu\u00e7\u00f5es de servi\u00e7o necess\u00e1rias para ferrovias para prolongar a vida \u00fatil de seus ativos sobre trilhos, alcan\u00e7ar maior produtividade operacional e manter os mais altos n\u00edveis de seguran\u00e7a.<\/span>\n    <\/div>\n<\/div>\n<\/div>\t\t<\/div>\n\t<\/div>\n<\/div><div class=\"mkd-elements-holder-item \"  >\n\t<div class=\"mkd-elements-holder-item-inner\">\n\t\t<div class=\"mkd-elements-holder-item-content mkd-elements-holder-custom-271546\" >\n\t\t\t\t\t\t[vc_single_image image=&#8221;4493&#8243; img_size=&#8221;full&#8221; alignment=&#8221;center&#8221; css_animation=&#8221;fadeIn&#8221;]\t\t<\/div>\n\t<\/div>\n<\/div><\/div>[\/vc_column][\/vc_row][vc_row content_width=&#8221;grid&#8221; css=&#8221;.vc_custom_1626796545377{background-color: #000000 !important;}&#8221;][vc_column css=&#8221;.vc_custom_1626796540484{padding-top: 0.5rem !important;padding-bottom: 1rem !important;}&#8221;]<div class=\"mkd-elements-holder mkd-responsive-mode-768\" ><div class=\"mkd-elements-holder-item \"  >\n\t<div class=\"mkd-elements-holder-item-inner\">\n\t\t<div class=\"mkd-elements-holder-item-content mkd-elements-holder-custom-957536\" >\n\t\t\t\t\t\t[vc_column_text el_class=&#8221;landing-title-bar&#8221;]LORAM MANUTEN\u00c7\u00c3O DE VIAS[\/vc_column_text][vc_column_text el_class=&#8221;landing-title-bar&#8221;]| SOLU\u00c7\u00d5ES DE SERVI\u00c7OS E EQUIPAMENTOS[\/vc_column_text]\t\t<\/div>\n\t<\/div>\n<\/div><\/div>[\/vc_column][\/vc_row][vc_row content_width=&#8221;grid&#8221; css=&#8221;.vc_custom_1622543804493{background-color: #323232 !important;}&#8221;][vc_column el_class=&#8221;half-image-half-gray&#8221; css=&#8221;.vc_custom_1622543828684{padding-right: 0px !important;padding-left: 0px !important;}&#8221;]<div class=\"mkd-elements-holder mkd-two-columns mkd-responsive-mode-768\" ><div class=\"mkd-elements-holder-item mkd-fade-in lazyload\" data-animation=\"mkd-fade-in\" style=\"background-image:inherit;transition-delay:500ms;-webkit-transition-delay:500ms\" data-bg-image=\"url(https:\/\/loram.com\/wp-content\/uploads\/mow-slider-rail-grind.jpg)\">\n\t<div class=\"mkd-elements-holder-item-inner\">\n\t\t<div class=\"mkd-elements-holder-item-content mkd-elements-holder-custom-693290\" style=\"padding: 0 0 0 0\">\n\t\t\t\t\t\t[vc_empty_space height=&#8221;348px&#8221;]\t\t<\/div>\n\t<\/div>\n<\/div><div class=\"mkd-elements-holder-item mkd-fade-in\" data-animation=\"mkd-fade-in\" >\n\t<div class=\"mkd-elements-holder-item-inner\">\n\t\t<div class=\"mkd-elements-holder-item-content mkd-elements-holder-custom-411371\" style=\"padding: 2rem 4rem 3.5rem 4rem\">\n\t\t\t\t\t\t<div class=\"mkd-st \">\n    <div class=\"mkd-st-inner\">\n        <div class=\"mkd-st-title-holder\">\n            <h2 class=\"mkd-st-title\">\n            <span>Esmerilhamento de Trilho<\/span>\n        <\/h2>\n    <\/div>\n\n    \n    <div class=\"mkd-st-text-holder\" >\n        <span class=\"mkd-st-text-text\">As esmerilhadoras ferrovi\u00e1rias Loram incorporam m\u00f3dulos de esmerilhamento de alta pot\u00eancia e flex\u00edveis e sistemas de controle patenteados para oferecer velocidade de ponta no setor e produtividade comprovada.<\/span>\n    <\/div>\n<\/div>\n<\/div>[vc_empty_space height=&#8221;24px&#8221;]<a itemprop=\"url\" href=\"\/pt-br\/maintenance-of-way\/rail-grinding\/\" target=\"_self\"  class=\"mkd-btn mkd-btn-medium mkd-btn-solid\"  >\n    <span class=\"mkd-btn-text\">Solu\u00e7\u00f5es<\/span>\n    <\/a>\t\t<\/div>\n\t<\/div>\n<\/div><\/div>[\/vc_column][\/vc_row][vc_row content_width=&#8221;grid&#8221; css=&#8221;.vc_custom_1622543804493{background-color: #323232 !important;}&#8221;][vc_column el_class=&#8221;half-image-half-gray&#8221; css=&#8221;.vc_custom_1622543828684{padding-right: 0px !important;padding-left: 0px !important;}&#8221;]<div class=\"mkd-elements-holder mkd-two-columns mkd-responsive-mode-768\" ><div class=\"mkd-elements-holder-item mkd-fade-in\" data-animation=\"mkd-fade-in\" >\n\t<div class=\"mkd-elements-holder-item-inner\">\n\t\t<div class=\"mkd-elements-holder-item-content mkd-elements-holder-custom-623314\" style=\"padding: 2rem 4rem 3.5rem 4rem\">\n\t\t\t\t\t\t<div class=\"mkd-st \">\n    <div class=\"mkd-st-inner\">\n        <div class=\"mkd-st-title-holder\">\n            <h2 class=\"mkd-st-title\">\n            <span>Manuten\u00e7\u00e3o de lastro<\/span>\n        <\/h2>\n    <\/div>\n\n    \n    <div class=\"mkd-st-text-holder\" >\n        <span class=\"mkd-st-text-text\">Os servi\u00e7os corretivos e proativos de manuten\u00e7\u00e3o de lastro e drenagem de leitos das vias resolvem desafios comuns que amea\u00e7am a infraestrutura dos trilhos.<\/span>\n    <\/div>\n<\/div>\n<\/div>[vc_empty_space height=&#8221;24px&#8221;]<a itemprop=\"url\" href=\"\/pt-br\/maintenance-of-way\/ballast-maintenance\/\" target=\"_self\"  class=\"mkd-btn mkd-btn-medium mkd-btn-solid\"  >\n    <span class=\"mkd-btn-text\">Solu\u00e7\u00f5es<\/span>\n    <\/a>\t\t<\/div>\n\t<\/div>\n<\/div><div class=\"mkd-elements-holder-item mkd-fade-in lazyload\" data-animation=\"mkd-fade-in\" style=\"background-image:inherit;transition-delay:500ms;-webkit-transition-delay:500ms\" data-bg-image=\"url(https:\/\/loram.com\/wp-content\/uploads\/mow-slider-ballast-maint.jpg)\">\n\t<div class=\"mkd-elements-holder-item-inner\">\n\t\t<div class=\"mkd-elements-holder-item-content mkd-elements-holder-custom-689439\" style=\"padding: 0 0 0 0\">\n\t\t\t\t\t\t[vc_empty_space height=&#8221;348px&#8221;]\t\t<\/div>\n\t<\/div>\n<\/div><\/div>[\/vc_column][\/vc_row][vc_row content_width=&#8221;grid&#8221; css=&#8221;.vc_custom_1622543804493{background-color: #323232 !important;}&#8221;][vc_column el_class=&#8221;half-image-half-gray&#8221; css=&#8221;.vc_custom_1622543828684{padding-right: 0px !important;padding-left: 0px !important;}&#8221;]<div class=\"mkd-elements-holder mkd-two-columns mkd-responsive-mode-768\" ><div class=\"mkd-elements-holder-item mkd-fade-in lazyload\" data-animation=\"mkd-fade-in\" style=\"background-image:inherit;transition-delay:500ms;-webkit-transition-delay:500ms\" data-bg-image=\"url(https:\/\/loram.com\/wp-content\/uploads\/mow-slider-mat-handling.jpg)\">\n\t<div class=\"mkd-elements-holder-item-inner\">\n\t\t<div class=\"mkd-elements-holder-item-content mkd-elements-holder-custom-938856\" style=\"padding: 0 0 0 0\">\n\t\t\t\t\t\t[vc_empty_space height=&#8221;348px&#8221;]\t\t<\/div>\n\t<\/div>\n<\/div><div class=\"mkd-elements-holder-item mkd-fade-in\" data-animation=\"mkd-fade-in\" >\n\t<div class=\"mkd-elements-holder-item-inner\">\n\t\t<div class=\"mkd-elements-holder-item-content mkd-elements-holder-custom-590925\" style=\"padding: 2rem 4rem 3.5rem 4rem\">\n\t\t\t\t\t\t<div class=\"mkd-st \">\n    <div class=\"mkd-st-inner\">\n        <div class=\"mkd-st-title-holder\">\n            <h2 class=\"mkd-st-title\">\n            <span>Manuseio de materiais<\/span>\n        <\/h2>\n    <\/div>\n\n    \n    <div class=\"mkd-st-text-holder\" >\n        <span class=\"mkd-st-text-text\">A oferta de Manuseio de Materiais da Loram inclui solu\u00e7\u00f5es de manuseio de trilhos e limpeza de vag\u00f5es, solu\u00e7\u00f5es de manuseio e coloca\u00e7\u00e3o de lastro e plataformas de trabalho para maior produtividade.<\/span>\n    <\/div>\n<\/div>\n<\/div>[vc_empty_space height=&#8221;24px&#8221;]<a itemprop=\"url\" href=\"\/pt-br\/maintenance-of-way\/material-handling\/\" target=\"_self\"  class=\"mkd-btn mkd-btn-medium mkd-btn-solid\"  >\n    <span class=\"mkd-btn-text\">Solu\u00e7\u00f5es<\/span>\n    <\/a>\t\t<\/div>\n\t<\/div>\n<\/div><\/div>[\/vc_column][\/vc_row][vc_row content_width=&#8221;grid&#8221; css=&#8221;.vc_custom_1622543804493{background-color: #323232 !important;}&#8221;][vc_column el_class=&#8221;half-image-half-gray&#8221; css=&#8221;.vc_custom_1622543828684{padding-right: 0px !important;padding-left: 0px !important;}&#8221;]<div class=\"mkd-elements-holder mkd-two-columns mkd-responsive-mode-768\" ><div class=\"mkd-elements-holder-item mkd-fade-in\" data-animation=\"mkd-fade-in\" >\n\t<div class=\"mkd-elements-holder-item-inner\">\n\t\t<div class=\"mkd-elements-holder-item-content mkd-elements-holder-custom-582004\" style=\"padding: 2rem 4rem 3.5rem 4rem\">\n\t\t\t\t\t\t<div class=\"mkd-st \">\n    <div class=\"mkd-st-inner\">\n        <div class=\"mkd-st-title-holder\">\n            <h2 class=\"mkd-st-title\">\n            <span>Fabrica\u00e7\u00e3o de equipamento<\/span>\n        <\/h2>\n    <\/div>\n\n    \n    <div class=\"mkd-st-text-holder\" >\n        <span class=\"mkd-st-text-text\">Os servi\u00e7os OEM da Loram fornecem gerenciamento de programas, otimiza\u00e7\u00e3o de desempenho, opera\u00e7\u00f5es e especialistas em tecnologia para seus equipamentos Loram.<\/span>\n    <\/div>\n<\/div>\n<\/div>[vc_empty_space height=&#8221;24px&#8221;]<a itemprop=\"url\" href=\"\/pt-br\/maintenance-of-way\/equipment-manufacturing\/\" target=\"_self\"  class=\"mkd-btn mkd-btn-medium mkd-btn-solid\"  >\n    <span class=\"mkd-btn-text\">Solu\u00e7\u00f5es<\/span>\n    <\/a>\t\t<\/div>\n\t<\/div>\n<\/div><div class=\"mkd-elements-holder-item mkd-fade-in lazyload\" data-animation=\"mkd-fade-in\" style=\"background-image:inherit;transition-delay:500ms;-webkit-transition-delay:500ms\" data-bg-image=\"url(https:\/\/loram.com\/wp-content\/uploads\/mow-slider-equip-manufacturing.jpg)\">\n\t<div class=\"mkd-elements-holder-item-inner\">\n\t\t<div class=\"mkd-elements-holder-item-content mkd-elements-holder-custom-135891\" style=\"padding: 0 0 0 0\">\n\t\t\t\t\t\t[vc_empty_space height=&#8221;348px&#8221;]\t\t<\/div>\n\t<\/div>\n<\/div><\/div>[\/vc_column][\/vc_row][vc_row content_width=&#8221;grid&#8221; el_class=&#8221;loram-difference&#8221;][vc_column]<div class=\"mkd-elements-holder mkd-responsive-mode-768\" ><div class=\"mkd-elements-holder-item \"  >\n\t<div class=\"mkd-elements-holder-item-inner\">\n\t\t<div class=\"mkd-elements-holder-item-content mkd-elements-holder-custom-550384\" style=\"padding: 0 0 0 1rem\">\n\t\t\t\t\t\t[vc_column_text]<\/p>\n<h2>O DIFERENCIAL LORAM<\/h2>\n<p>[\/vc_column_text]\t\t<\/div>\n\t<\/div>\n<\/div><\/div>[\/vc_column][\/vc_row][vc_row content_width=&#8221;grid&#8221; el_class=&#8221;loram-difference-content&#8221;][vc_column][vc_row_inner][vc_column_inner width=&#8221;1\/3&#8243; css=&#8221;.vc_custom_1622545055844{padding-right: 0px !important;padding-left: 0px !important;}&#8221;][vc_column_text]<\/p>\n<h3>Velocidade<\/h3>\n<p>[\/vc_column_text][vc_single_image image=&#8221;7117&#8243; img_size=&#8221;full&#8221;][vc_column_text]Em uma ind\u00fastria constru\u00edda em torno da otimiza\u00e7\u00e3o de tempo e desempenho, a Loram promove a acelera\u00e7\u00e3o. Proporcionando desde as solu\u00e7\u00f5es de equipamentos mais avan\u00e7adas e produtivas do setor at\u00e9 as d\u00e9cadas de experi\u00eancia que proporcionam efici\u00eancia e seguran\u00e7a ideais, a Loram ajuda voc\u00ea a alcan\u00e7ar a excel\u00eancia operacional atrav\u00e9s de tecnologias, inova\u00e7\u00f5es e servi\u00e7os superiores que o mant\u00eam em movimento.[\/vc_column_text][\/vc_column_inner][vc_column_inner width=&#8221;1\/3&#8243; css=&#8221;.vc_custom_1622545060298{padding-right: 0px !important;padding-left: 0px !important;}&#8221;][vc_column_text]<\/p>\n<h3>Desempenho<\/h3>\n<p>[\/vc_column_text][vc_single_image image=&#8221;7116&#8243; img_size=&#8221;full&#8221;][vc_column_text]Como operamos e mantemos nosso pr\u00f3prio equipamento que projetamos e constru\u00edmos, a Loram tem vantagens distintas para entender a aplica\u00e7\u00e3o no mundo real, a melhoria cont\u00ednua e para alcan\u00e7ar os mais altos n\u00edveis de desempenho e valor. Simplificando, nosso equipamento \u00e9 constru\u00eddo de acordo com os mais altos padr\u00f5es de inova\u00e7\u00e3o e qualidade do setor.[\/vc_column_text][\/vc_column_inner][vc_column_inner width=&#8221;1\/3&#8243; css=&#8221;.vc_custom_1622545065810{padding-right: 0px !important;padding-left: 0px !important;}&#8221;][vc_column_text]<\/p>\n<h3>Confian\u00e7a<\/h3>\n<p>[\/vc_column_text][vc_single_image image=&#8221;7115&#8243; img_size=&#8221;full&#8221;][vc_column_text]Com uma confiabilidade l\u00edder da ind\u00fastria de 98% da nossa frota, o legado da Loram de durabilidade robusta e longevidade de equipamento se traduz em um tempo de atividade superior e em um desempenho mais confi\u00e1vel. A confiabilidade \u00e9 refor\u00e7ada pelo compromisso e profunda experi\u00eancia industrial de nossa equipe\u2014uma dedica\u00e7\u00e3o compartilhada para ajud\u00e1-lo a atingir seus objetivos.[\/vc_column_text][\/vc_column_inner][\/vc_row_inner][\/vc_column][\/vc_row][vc_row content_width=&#8221;grid&#8221; content_aligment=&#8221;center&#8221; el_class=&#8221;learn-how-we-help&#8221; css=&#8221;.vc_custom_1625238836694{margin-top: 2rem !important;margin-bottom: 3rem !important;padding-right: 0px !important;padding-left: 0px !important;background-image: url(https:\/\/loram.com\/wp-content\/uploads\/worldwide.jpg?id=144) !important;background-position: center !important;background-repeat: no-repeat !important;background-size: cover !important;}&#8221;][vc_column css=&#8221;.vc_custom_1622544874136{padding-top: 6rem !important;padding-right: 0px !important;padding-bottom: 3rem !important;padding-left: 0px !important;}&#8221;]<div class=\"mkd-elements-holder mkd-responsive-mode-768\" ><div class=\"mkd-elements-holder-item \"  >\n\t<div class=\"mkd-elements-holder-item-inner\">\n\t\t<div class=\"mkd-elements-holder-item-content mkd-elements-holder-custom-811507\" >\n\t\t\t\t\t\t<div class=\"mkd-st mkd-content-aligment-center\">\n    <div class=\"mkd-st-inner\">\n        <div class=\"mkd-st-title-holder\">\n            <h2 class=\"mkd-st-title\">\n            <span>Saiba como podemos ajudar<\/span>\n        <\/h2>\n    <\/div>\n\n    \n    <div class=\"mkd-st-text-holder\" mkd-content-aligment-center>\n        <span class=\"mkd-st-text-text\">Como l\u00edder global em manuten\u00e7\u00e3o de vias por mais de 50 anos, o amplo portf\u00f3lio de equipamentos e equipes altamente treinadas da Loram oferecem os melhores servi\u00e7os da categoria com desempenho e padr\u00f5es de seguran\u00e7a inigual\u00e1veis. Ligue para +1 (763) 478-6014 ou entre em contato com nossa equipe t\u00e9cnica de vendas.<\/span>\n    <\/div>\n<\/div>\n<\/div>[vc_empty_space height=&#8221;24px&#8221;]<a itemprop=\"url\" href=\"\/pt-br\/contact\/\" target=\"_self\"  class=\"mkd-btn mkd-btn-medium mkd-btn-solid\"  >\n    <span class=\"mkd-btn-text\">Vamos conversar<\/span>\n    <\/a>\t\t<\/div>\n\t<\/div>\n<\/div><\/div>[\/vc_column][\/vc_row][vc_row css=&#8221;.vc_custom_1625238896502{margin-top: 0px !important;margin-right: 0px !important;margin-bottom: 0px !important;margin-left: 0px !important;padding-top: 0px !important;padding-right: 0px !important;padding-bottom: 0px !important;padding-left: 0px !important;}&#8221;][vc_column][\/vc_column][\/vc_row]<\/p>\n<\/div>","protected":false},"excerpt":{"rendered":"<p>[vc_row content_width=&#8221;grid&#8221; css=&#8221;.vc_custom_1622550211962{margin-top: 0px !important;margin-bottom: 4rem !important;}&#8221;][vc_column width=&#8221;1\/4&#8243;][vc_widget_sidebar sidebar_id=&#8221;sidebar&#8221;][\/vc_column][vc_column width=&#8221;3\/4&#8243; el_class=&#8221;product-intro&#8221;][\/vc_column][\/vc_row][vc_row content_width=&#8221;grid&#8221; css=&#8221;.vc_custom_1626796545377{background-color: #000000 !important;}&#8221;][vc_column css=&#8221;.vc_custom_1626796540484{padding-top: 0.5rem !important;padding-bottom: 1rem !important;}&#8221;][\/vc_column][\/vc_row][vc_row content_width=&#8221;grid&#8221; css=&#8221;.vc_custom_1622543804493{background-color: #323232 !important;}&#8221;][vc_column el_class=&#8221;half-image-half-gray&#8221; css=&#8221;.vc_custom_1622543828684{padding-right: 0px !important;padding-left: 0px !important;}&#8221;][\/vc_column][\/vc_row][vc_row&#8230;<\/p>\n","protected":false},"author":3,"featured_media":0,"parent":0,"menu_order":-90,"comment_status":"closed","ping_status":"closed","template":"template-primary.php","meta":{"footnotes":""},"class_list":["post-6511","page","type-page","status-publish","hentry"],"_links":{"self":[{"href":"https:\/\/loram.com\/pt-br\/wp-json\/wp\/v2\/pages\/6511","targetHints":{"allow":["GET"]}}],"collection":[{"href":"https:\/\/loram.com\/pt-br\/wp-json\/wp\/v2\/pages"}],"about":[{"href":"https:\/\/loram.com\/pt-br\/wp-json\/wp\/v2\/types\/page"}],"author":[{"embeddable":true,"href":"https:\/\/loram.com\/pt-br\/wp-json\/wp\/v2\/users\/3"}],"replies":[{"embeddable":true,"href":"https:\/\/loram.com\/pt-br\/wp-json\/wp\/v2\/comments?post=6511"}],"version-history":[{"count":6,"href":"https:\/\/loram.com\/pt-br\/wp-json\/wp\/v2\/pages\/6511\/revisions"}],"predecessor-version":[{"id":7780,"href":"https:\/\/loram.com\/pt-br\/wp-json\/wp\/v2\/pages\/6511\/revisions\/7780"}],"wp:attachment":[{"href":"https:\/\/loram.com\/pt-br\/wp-json\/wp\/v2\/media?parent=6511"}],"curies":[{"name":"wp","href":"https:\/\/api.w.org\/{rel}","templated":true}]}}